{"id":769873,"date":"2025-08-28T14:09:49","date_gmt":"2025-08-28T11:09:49","guid":{"rendered":"https:\/\/roveyayinevi.com.tr\/index.php\/urun\/arketipler-ve-kolektif-bilincdisi\/"},"modified":"2026-04-15T03:36:25","modified_gmt":"2026-04-15T00:36:25","slug":"arketipler-ve-kolektif-bilincdisi","status":"publish","type":"product","link":"https:\/\/roveyayinevi.com.tr\/index.php\/urun\/arketipler-ve-kolektif-bilincdisi\/","title":{"rendered":"Arketipler ve Kolektif Bilin\u00e7d\u0131\u015f\u0131"},"content":{"rendered":"<p>C. G. Jung&#8217;un en iyi bilinen ve en ba\u015fta gelen teorilerinden biri, arketipler fikri ve bunlar\u0131n kar\u015f\u0131l\u0131\u011f\u0131 olan kolektif bilin\u00e7d\u0131\u015f\u0131 kavram\u0131d\u0131r. Jung&#8217;a g\u00f6re kolektif bilin\u00e7d\u0131\u015f\u0131, insan\u0131n i\u00e7indeki ikinci bir psi\u015fik sistemdir. Bilincimizin ki\u015fisel do\u011fas\u0131n\u0131n aksine, ki\u015fisel de\u011fil kolektif bir karaktere sahiptir. Jung buna ayn\u0131 zamanda \u201cki\u015filer \u00fcst\u00fc bir do\u011fan\u0131n genel psi\u015fik temeli\u201d ad\u0131n\u0131 verir ve bu temel, edinilmi\u015f de\u011fil kal\u0131tsald\u0131r. Sadece ikincil olarak bilin\u00e7li hale gelen \u00f6nceden var olan formlardan, arketiplerden olu\u015fur. Bu cilt 1933-55 y\u0131llar\u0131 aras\u0131ndaki \u00e7al\u0131\u015fmalar\u0131n\u0131 i\u00e7ermektedir. \u0130lk \u00fc\u00e7 makale teorik temelleri sunmaktad\u0131r. Bunu, belirli arketipleri tan\u0131mlayan yay\u0131nlar, arketiplerin bireyle\u015fme s\u00fcreciyle ili\u015fkisine dair bir ara\u015ft\u0131rma ve yazar\u0131n psikoterapi prati\u011finden materyallerle yap\u0131lan \u00e7al\u0131\u015fmalar takip eder. <\/p>\n","protected":false},"excerpt":{"rendered":"<p>C. G. Jung&#8217;un en iyi bilinen ve en ba\u015fta gelen teorilerinden biri, arketipler fikri ve bunlar\u0131n kar\u015f\u0131l\u0131\u011f\u0131 olan kolektif bilin\u00e7d\u0131\u015f\u0131 kavram\u0131d\u0131r. Jung&#8217;a g\u00f6re kolektif bilin\u00e7d\u0131\u015f\u0131, insan\u0131n<span class=\"excerpt-hellip\"> [\u2026]<\/span><\/p>\n","protected":false},"featured_media":0,"template":"","meta":{"_monsterinsights_skip_tracking":false,"_monsterinsights_sitenote_active":false,"_monsterinsights_sitenote_note":"","_monsterinsights_sitenote_category":0},"product_brand":[],"product_cat":[12357],"product_tag":[],"class_list":{"0":"post-769873","1":"product","2":"type-product","3":"status-publish","5":"product_cat-psikoloji","6":"pa_cilt-ciltsiz","7":"pa_tur-kitap","8":"pa_yayinevi-pinhan-yayincilik","9":"pa_yazar-carl-gustav-jung","11":"first","12":"instock","13":"sale","14":"shipping-taxable","15":"purchasable","16":"product-type-simple"},"_links":{"self":[{"href":"https:\/\/roveyayinevi.com.tr\/index.php\/wp-json\/wp\/v2\/product\/769873","targetHints":{"allow":["GET"]}}],"collection":[{"href":"https:\/\/roveyayinevi.com.tr\/index.php\/wp-json\/wp\/v2\/product"}],"about":[{"href":"https:\/\/roveyayinevi.com.tr\/index.php\/wp-json\/wp\/v2\/types\/product"}],"wp:attachment":[{"href":"https:\/\/roveyayinevi.com.tr\/index.php\/wp-json\/wp\/v2\/media?parent=769873"}],"wp:term":[{"taxonomy":"product_brand","embeddable":true,"href":"https:\/\/roveyayinevi.com.tr\/index.php\/wp-json\/wp\/v2\/product_brand?post=769873"},{"taxonomy":"product_cat","embeddable":true,"href":"https:\/\/roveyayinevi.com.tr\/index.php\/wp-json\/wp\/v2\/product_cat?post=769873"},{"taxonomy":"product_tag","embeddable":true,"href":"https:\/\/roveyayinevi.com.tr\/index.php\/wp-json\/wp\/v2\/product_tag?post=769873"}],"curies":[{"name":"wp","href":"https:\/\/api.w.org\/{rel}","templated":true}]}}