{"id":769872,"date":"2025-08-28T14:09:48","date_gmt":"2025-08-28T11:09:48","guid":{"rendered":"https:\/\/roveyayinevi.com.tr\/index.php\/urun\/gilgamis-3\/"},"modified":"2026-04-15T03:36:25","modified_gmt":"2026-04-15T00:36:25","slug":"gilgamis-3","status":"publish","type":"product","link":"https:\/\/roveyayinevi.com.tr\/index.php\/urun\/gilgamis-3\/","title":{"rendered":"G\u0131lgam\u0131\u015f"},"content":{"rendered":"<p>Homo sapiens\u2019in bitmez yolculu\u011fu, \u201cinsan nedir?\u201d sorusunun pe\u015finde cereyan eder \u00e7\u00fcnk\u00fc bilmek insan\u0131n varl\u0131k halidir. O, d\u00fcnyayla ve di\u011ferleriyle ili\u015fkisini bilmek \u00fczerinden kurar. Sapiens\u2019in bilme arzusu ilkin kendine y\u00f6neliktir, kendini bilmektir. G\u0131lgam\u0131\u015f miti, uygarl\u0131\u011f\u0131n kurucusu Homo sapiens\u2019in \u00f6yk\u00fcs\u00fcn\u00fc anlat\u0131r. Tabletler \u00fczerine \u015fiir bi\u00e7iminde kaz\u0131nm\u0131\u015f bu metin, birka\u00e7 bin y\u0131l \u00f6ncesi iktidar\u0131n\u0131n hakikat rejimleriyle \u00fcretilen ve Mezopotamya insan\u0131n\u0131n zihnini i\u015fgal eden evren alg\u0131s\u0131n\u0131n kurucu mitidir. Bunca zamand\u0131r canl\u0131l\u0131\u011f\u0131ndan hi\u00e7bir \u015fey kaybetmeden hayatta kalmas\u0131, onun ilk \u00f6rnek mit olu\u015fundan kaynaklan\u0131r. \u00c7\u00fcnk\u00fc o g\u00fcnden bu yana ya\u015fam\u0131 bi\u00e7imlendiren temel paradigma ayn\u0131d\u0131r. \u00d6l\u00fcms\u00fczl\u00fck aray\u0131\u015f\u0131, uygarl\u0131\u011f\u0131n kurucular\u0131n\u0131n hedefindedir ve sonsuz ya\u015fama duyulan arzu da bakidir. Homo sapiens\u2019in, yani \u201cbilen insan\u0131n\u201d arzular\u0131n\u0131n s\u00f6zc\u00fcl\u00fc\u011f\u00fcn\u00fc, her \u015feyi bilen ve g\u00f6ren G\u0131lgam\u0131\u015f \u00fcstlenir. Her \u015feyi bilen ve g\u00f6renin bu mitin sonunda bilip g\u00f6rd\u00fc\u011f\u00fc \u015fey \u00f6l\u00fcm\u00fcn ka\u00e7\u0131n\u0131lmazl\u0131\u011f\u0131 ve do\u011fru ya\u015fam\u0131n bu bilginin \u00fczerine kurulmas\u0131 gereklili\u011fidir. G\u0131lgam\u0131\u015f miti ismiyle dahi uygar insan\u0131n en eski \u00f6yk\u00fcs\u00fc tan\u0131m\u0131n\u0131 hak eder. Bu kitap, ya\u015fam\u0131n ger\u00e7ekli\u011fi olan \u00f6l\u00fcmden ka\u00e7\u0131\u015f yolunu tekrar \u00f6l\u00fcme ba\u011flayan fark\u0131ndal\u0131\u011f\u0131n trajik bir \u015fekilde sonlan\u0131\u015f\u0131n\u0131n \u00f6yk\u00fcs\u00fcn\u00fc ele al\u0131r.<\/p>\n","protected":false},"excerpt":{"rendered":"<p>Homo sapiens\u2019in bitmez yolculu\u011fu, \u201cinsan nedir?\u201d sorusunun pe\u015finde cereyan eder \u00e7\u00fcnk\u00fc bilmek insan\u0131n varl\u0131k halidir. O, d\u00fcnyayla ve di\u011ferleriyle ili\u015fkisini bilmek \u00fczerinden kurar. Sapiens\u2019in bilme arzusu<span class=\"excerpt-hellip\"> [\u2026]<\/span><\/p>\n","protected":false},"featured_media":0,"template":"","meta":{"_monsterinsights_skip_tracking":false,"_monsterinsights_sitenote_active":false,"_monsterinsights_sitenote_note":"","_monsterinsights_sitenote_category":0},"product_brand":[],"product_cat":[12718,12858],"product_tag":[],"class_list":{"0":"post-769872","1":"product","2":"type-product","3":"status-publish","5":"product_cat-din","6":"product_cat-mitolojiler","7":"pa_cilt-ciltsiz","8":"pa_tur-kitap","9":"pa_yayinevi-pinhan-yayincilik","10":"pa_yazar-ismail-gezgin","12":"first","13":"instock","14":"sale","15":"shipping-taxable","16":"purchasable","17":"product-type-simple"},"_links":{"self":[{"href":"https:\/\/roveyayinevi.com.tr\/index.php\/wp-json\/wp\/v2\/product\/769872","targetHints":{"allow":["GET"]}}],"collection":[{"href":"https:\/\/roveyayinevi.com.tr\/index.php\/wp-json\/wp\/v2\/product"}],"about":[{"href":"https:\/\/roveyayinevi.com.tr\/index.php\/wp-json\/wp\/v2\/types\/product"}],"wp:attachment":[{"href":"https:\/\/roveyayinevi.com.tr\/index.php\/wp-json\/wp\/v2\/media?parent=769872"}],"wp:term":[{"taxonomy":"product_brand","embeddable":true,"href":"https:\/\/roveyayinevi.com.tr\/index.php\/wp-json\/wp\/v2\/product_brand?post=769872"},{"taxonomy":"product_cat","embeddable":true,"href":"https:\/\/roveyayinevi.com.tr\/index.php\/wp-json\/wp\/v2\/product_cat?post=769872"},{"taxonomy":"product_tag","embeddable":true,"href":"https:\/\/roveyayinevi.com.tr\/index.php\/wp-json\/wp\/v2\/product_tag?post=769872"}],"curies":[{"name":"wp","href":"https:\/\/api.w.org\/{rel}","templated":true}]}}