{"id":769871,"date":"2025-08-28T14:09:46","date_gmt":"2025-08-28T11:09:46","guid":{"rendered":"https:\/\/roveyayinevi.com.tr\/index.php\/urun\/buyuk-uyku\/"},"modified":"2026-04-11T14:38:35","modified_gmt":"2026-04-11T11:38:35","slug":"buyuk-uyku","status":"publish","type":"product","link":"https:\/\/roveyayinevi.com.tr\/index.php\/urun\/buyuk-uyku\/","title":{"rendered":"B\u00fcy\u00fck Uyku"},"content":{"rendered":"<p>Do\u011fan\u0131n sesine kulak verenlerin hik\u00e2yesi&#8230; Su\u0308rprizli kurgular\u0131yla sevilen Sabri Safiye, orman\u0131n kalbindeki gizli ileti\u015fim a\u011flar\u0131n\u0131 \u00e7\u00f6zu\u0308yor. Do\u011fan\u0131n yaln\u0131zca insanlara de\u011fil, tu\u0308m canl\u0131lara ait oldu\u011funu a\u011fa\u00e7lar\u0131n, mantarlar\u0131n, bitkilerin diliyle hat\u0131rlatan roman, \u00e7ocukluk an\u0131lar\u0131na g\u00f6z k\u0131rp\u0131yor. \u00c7evremizi daha dikkatli g\u00f6zlemlemeye, gezegenimizle daha \u00f6zenli bir ili\u015fki kurmaya ve ba\u015fka canl\u0131lar\u0131n ya\u015fam hakk\u0131na sayg\u0131 g\u00f6stermeye \u00e7a\u011f\u0131r\u0131yor. Kerem, a\u011fa\u00e7 yapraklar\u0131 toplama \u00f6devi i\u00e7in ilk kez ormana girer. Baharatl\u0131 kokular, \u00e7\u0131nlayan sesler ve d\u00f6nu\u0308\u015fen renkler i\u00e7ini macera hissiyle doldurur. Tu\u0308m a\u011fa\u00e7lar\u0131, otlar\u0131 tan\u0131yan Nergis&#8217;ten, sarar\u0131p solmaya ba\u015flayan a\u011fa\u00e7lar\u0131n bamba\u015fka bir haz\u0131rl\u0131k i\u00e7inde olduklar\u0131n\u0131 \u00f6\u011frenir. Yak\u0131ndaki alt\u0131n madeninde dinamitler patlamaya devam ederken iki \u00e7ocuk, bu gizli plan\u0131 durdurabilecek midir?..<\/p>\n","protected":false},"excerpt":{"rendered":"<p>Do\u011fan\u0131n sesine kulak verenlerin hik\u00e2yesi&#8230; Su\u0308rprizli kurgular\u0131yla sevilen Sabri Safiye, orman\u0131n kalbindeki gizli ileti\u015fim a\u011flar\u0131n\u0131 \u00e7\u00f6zu\u0308yor. Do\u011fan\u0131n yaln\u0131zca insanlara de\u011fil, tu\u0308m canl\u0131lara ait oldu\u011funu a\u011fa\u00e7lar\u0131n, mantarlar\u0131n,<span class=\"excerpt-hellip\"> [\u2026]<\/span><\/p>\n","protected":false},"featured_media":0,"template":"","meta":{"_monsterinsights_skip_tracking":false,"_monsterinsights_sitenote_active":false,"_monsterinsights_sitenote_note":"","_monsterinsights_sitenote_category":0},"product_brand":[],"product_cat":[12274,12284],"product_tag":[],"class_list":{"0":"post-769871","1":"product","2":"type-product","3":"status-publish","5":"product_cat-cocuk-ve-genclik-kitaplari","6":"product_cat-hikayeler","7":"pa_cilt-ciltsiz","8":"pa_tur-kitap","9":"pa_yayinevi-gunisigi-kitapligi","10":"pa_yazar-sabri-safiye","12":"first","13":"instock","14":"sale","15":"shipping-taxable","16":"purchasable","17":"product-type-simple"},"_links":{"self":[{"href":"https:\/\/roveyayinevi.com.tr\/index.php\/wp-json\/wp\/v2\/product\/769871","targetHints":{"allow":["GET"]}}],"collection":[{"href":"https:\/\/roveyayinevi.com.tr\/index.php\/wp-json\/wp\/v2\/product"}],"about":[{"href":"https:\/\/roveyayinevi.com.tr\/index.php\/wp-json\/wp\/v2\/types\/product"}],"wp:attachment":[{"href":"https:\/\/roveyayinevi.com.tr\/index.php\/wp-json\/wp\/v2\/media?parent=769871"}],"wp:term":[{"taxonomy":"product_brand","embeddable":true,"href":"https:\/\/roveyayinevi.com.tr\/index.php\/wp-json\/wp\/v2\/product_brand?post=769871"},{"taxonomy":"product_cat","embeddable":true,"href":"https:\/\/roveyayinevi.com.tr\/index.php\/wp-json\/wp\/v2\/product_cat?post=769871"},{"taxonomy":"product_tag","embeddable":true,"href":"https:\/\/roveyayinevi.com.tr\/index.php\/wp-json\/wp\/v2\/product_tag?post=769871"}],"curies":[{"name":"wp","href":"https:\/\/api.w.org\/{rel}","templated":true}]}}