{"id":769870,"date":"2025-08-28T14:09:43","date_gmt":"2025-08-28T11:09:43","guid":{"rendered":"https:\/\/roveyayinevi.com.tr\/index.php\/urun\/babamin-ardindan-yavru-kitap\/"},"modified":"2026-04-15T03:36:25","modified_gmt":"2026-04-15T00:36:25","slug":"babamin-ardindan-yavru-kitap","status":"publish","type":"product","link":"https:\/\/roveyayinevi.com.tr\/index.php\/urun\/babamin-ardindan-yavru-kitap\/","title":{"rendered":"Babam\u0131n Ard\u0131ndan  (Yavru Kitap)"},"content":{"rendered":"<p>Merhabalar. Ben uzun y\u0131llard\u0131r \u00f6\u011fretmenlik yapan bir s\u0131n\u0131f \u00f6\u011fretmeniyim. Bir de senin ya\u015flar\u0131nda iki k\u0131z \u00e7ocu\u011fu annesiyim. Anlayaca\u011f\u0131n ya\u015f\u0131t\u0131n \u00e7ocuklarla o kadar i\u00e7 i\u00e7eyim ki sizleri \u00e7ok iyi tan\u0131yorum. Ben de senin gibi kitap okumay\u0131 \u00e7ok severim. Onlar\u0131n gizemli d\u00fcnyalar\u0131nda gezinmekten \u00e7ok zevk al\u0131r\u0131m. Bir kitaba ba\u015flad\u0131\u011f\u0131mda o kadar b\u00fcy\u00fclenirim ki o kitap bitinceye kadar beni esir al\u0131r. S\u00fcrekli yan\u0131mda ta\u015f\u0131r, bo\u015f zaman buldu\u011fum an okumaya ba\u015flar\u0131m. H\u00e2l b\u00f6yle olunca k\u0131zlar\u0131m ve \u00f6\u011frencilerim beni s\u00fcrekli elimde kitapla g\u00f6r\u00fcrler. Beni kendine b\u00f6ylesine ba\u011flayan kitab\u0131 merak ederler. S\u0131k s\u0131k kitapta anlat\u0131lanlar hakk\u0131nda soru sorarlar. \u201cBiz de okumak istiyoruz.\u201d derler. Ancak her yeti\u015fkin kitab\u0131 maalesef \u00e7ocuklara uygun olmayabiliyor. Hem i\u00e7erik, hem i\u00e7indeki c\u00fcmlelerin uzunlu\u011fu, hem \u00f6yk\u00fcy\u00fc anlat\u0131\u015f \u015fekli, hem de yaz\u0131lar\u0131n b\u00fcy\u00fckl\u00fc\u011f\u00fc yeti\u015fkinlere g\u00f6re ayarlanm\u0131\u015f oluyor. O y\u00fczden onlara benim okudu\u011fum kitaplar\u0131 ancak b\u00fcy\u00fcd\u00fckleri zaman okuyabileceklerini s\u00f6ylerim. Olumsuz cevap al\u0131nca biraz \u00fcz\u00fcl\u00fcrler. Onlar\u0131 \u00f6yle g\u00f6r\u00fcnce de benim y\u00fcre\u011fim ac\u0131r. <\/p>\n","protected":false},"excerpt":{"rendered":"<p>Merhabalar. Ben uzun y\u0131llard\u0131r \u00f6\u011fretmenlik yapan bir s\u0131n\u0131f \u00f6\u011fretmeniyim. Bir de senin ya\u015flar\u0131nda iki k\u0131z \u00e7ocu\u011fu annesiyim. Anlayaca\u011f\u0131n ya\u015f\u0131t\u0131n \u00e7ocuklarla o kadar i\u00e7 i\u00e7eyim ki sizleri<span class=\"excerpt-hellip\"> [\u2026]<\/span><\/p>\n","protected":false},"featured_media":0,"template":"","meta":{"_monsterinsights_skip_tracking":false,"_monsterinsights_sitenote_active":false,"_monsterinsights_sitenote_note":"","_monsterinsights_sitenote_category":0},"product_brand":[],"product_cat":[12274,12284],"product_tag":[],"class_list":{"0":"post-769870","1":"product","2":"type-product","3":"status-publish","5":"product_cat-cocuk-ve-genclik-kitaplari","6":"product_cat-hikayeler","7":"pa_cilt-ciltsiz","8":"pa_tur-kitap","9":"pa_yayinevi-soncag","10":"pa_yazar-yasemin-onur-cetinkaya","12":"first","13":"instock","14":"sale","15":"shipping-taxable","16":"purchasable","17":"product-type-simple"},"_links":{"self":[{"href":"https:\/\/roveyayinevi.com.tr\/index.php\/wp-json\/wp\/v2\/product\/769870","targetHints":{"allow":["GET"]}}],"collection":[{"href":"https:\/\/roveyayinevi.com.tr\/index.php\/wp-json\/wp\/v2\/product"}],"about":[{"href":"https:\/\/roveyayinevi.com.tr\/index.php\/wp-json\/wp\/v2\/types\/product"}],"wp:attachment":[{"href":"https:\/\/roveyayinevi.com.tr\/index.php\/wp-json\/wp\/v2\/media?parent=769870"}],"wp:term":[{"taxonomy":"product_brand","embeddable":true,"href":"https:\/\/roveyayinevi.com.tr\/index.php\/wp-json\/wp\/v2\/product_brand?post=769870"},{"taxonomy":"product_cat","embeddable":true,"href":"https:\/\/roveyayinevi.com.tr\/index.php\/wp-json\/wp\/v2\/product_cat?post=769870"},{"taxonomy":"product_tag","embeddable":true,"href":"https:\/\/roveyayinevi.com.tr\/index.php\/wp-json\/wp\/v2\/product_tag?post=769870"}],"curies":[{"name":"wp","href":"https:\/\/api.w.org\/{rel}","templated":true}]}}