{"id":769864,"date":"2025-08-28T14:09:31","date_gmt":"2025-08-28T11:09:31","guid":{"rendered":"https:\/\/roveyayinevi.com.tr\/index.php\/urun\/firavuna-tercume\/"},"modified":"2026-04-15T03:36:25","modified_gmt":"2026-04-15T00:36:25","slug":"firavuna-tercume","status":"publish","type":"product","link":"https:\/\/roveyayinevi.com.tr\/index.php\/urun\/firavuna-tercume\/","title":{"rendered":"Firavuna Terc\u00fcme"},"content":{"rendered":"<p>Ben kuyunun suyunu huy edindi\u011fim vakit,Kar\u0131nca g\u00f6lgesiyle susay\u0131nca ba\u015f\u0131nda;De\u011filsin demi\u015flerdi sen bu kuyuya aitBize de seslenirdi sular senin ya\u015f\u0131ndaA\u011fac\u0131n bel b\u00fckt\u00fc\u011f\u00fc saftay\u0131m, bura tenhaS\u00f6ylemedim, da\u011flar\u0131 sular\u0131n deldi\u011finiSenin s\u0131rr\u0131n var iken seni bilmezdim dahaKoynuma ka\u00e7an suyun nazara geldi\u011fini<\/p>\n","protected":false},"excerpt":{"rendered":"<p>Ben kuyunun suyunu huy edindi\u011fim vakit,Kar\u0131nca g\u00f6lgesiyle susay\u0131nca ba\u015f\u0131nda;De\u011filsin demi\u015flerdi sen bu kuyuya aitBize de seslenirdi sular senin ya\u015f\u0131ndaA\u011fac\u0131n bel b\u00fckt\u00fc\u011f\u00fc saftay\u0131m, bura tenhaS\u00f6ylemedim, da\u011flar\u0131 sular\u0131n<span class=\"excerpt-hellip\"> [\u2026]<\/span><\/p>\n","protected":false},"featured_media":0,"template":"","meta":{"_monsterinsights_skip_tracking":false,"_monsterinsights_sitenote_active":false,"_monsterinsights_sitenote_note":"","_monsterinsights_sitenote_category":0},"product_brand":[],"product_cat":[12291,12509],"product_tag":[],"class_list":{"0":"post-769864","1":"product","2":"type-product","3":"status-publish","5":"product_cat-edebiyat","6":"product_cat-siir","7":"pa_cilt-ciltsiz","8":"pa_tur-kitap","9":"pa_yayinevi-otuken-nesriyat","10":"pa_yazar-murat-cetin","12":"first","13":"instock","14":"sale","15":"shipping-taxable","16":"purchasable","17":"product-type-simple"},"_links":{"self":[{"href":"https:\/\/roveyayinevi.com.tr\/index.php\/wp-json\/wp\/v2\/product\/769864","targetHints":{"allow":["GET"]}}],"collection":[{"href":"https:\/\/roveyayinevi.com.tr\/index.php\/wp-json\/wp\/v2\/product"}],"about":[{"href":"https:\/\/roveyayinevi.com.tr\/index.php\/wp-json\/wp\/v2\/types\/product"}],"wp:attachment":[{"href":"https:\/\/roveyayinevi.com.tr\/index.php\/wp-json\/wp\/v2\/media?parent=769864"}],"wp:term":[{"taxonomy":"product_brand","embeddable":true,"href":"https:\/\/roveyayinevi.com.tr\/index.php\/wp-json\/wp\/v2\/product_brand?post=769864"},{"taxonomy":"product_cat","embeddable":true,"href":"https:\/\/roveyayinevi.com.tr\/index.php\/wp-json\/wp\/v2\/product_cat?post=769864"},{"taxonomy":"product_tag","embeddable":true,"href":"https:\/\/roveyayinevi.com.tr\/index.php\/wp-json\/wp\/v2\/product_tag?post=769864"}],"curies":[{"name":"wp","href":"https:\/\/api.w.org\/{rel}","templated":true}]}}