{"id":769862,"date":"2025-08-28T14:09:26","date_gmt":"2025-08-28T11:09:26","guid":{"rendered":"https:\/\/roveyayinevi.com.tr\/index.php\/urun\/koca-dutun-alti\/"},"modified":"2026-04-15T03:36:24","modified_gmt":"2026-04-15T00:36:24","slug":"koca-dutun-alti","status":"publish","type":"product","link":"https:\/\/roveyayinevi.com.tr\/index.php\/urun\/koca-dutun-alti\/","title":{"rendered":"Koca Dutun Alt\u0131"},"content":{"rendered":"<p>\u0130nce Mehmet ile Safiye Mehmet hep kar\u0131\u015ft\u0131r\u0131ld\u0131. Oysa bu iki ki\u015fi birbirinden \u00e7ok farkl\u0131yd\u0131. Biri hayal\u00ee (Ya\u015far Kemal, \u0130nce Memed roman\u0131 i\u00e7in kurgu demi\u015ftir), di\u011feri ise s\u0131radan ama ger\u00e7ekte var olan bir e\u015fk\u0131ya idi. \u00dcstelik Ya\u015far Kemal\u2019in \u0130nce Memed\u2019i Kadirli\u2019de de\u011fil, T\u00fcrkiye\u2019nin bat\u0131s\u0131nda ya\u015fam\u0131\u015f bir e\u015fk\u0131yan\u0131n hayat\u0131ndan esinlenerek yaz\u0131lm\u0131\u015f; i\u00e7ine \u00c7ukurova\u2019dan hik\u00e2yeler ve sahneler eklenmi\u015f bir romand\u0131. Baz\u0131lar\u0131 ise Karam\u00fcft\u00fc Remzi\u2019nin hayat\u0131n\u0131 yazd\u0131\u011f\u0131n\u0131 anlatt\u0131.*Gizik Duran da, Safiye Mehmet de Ermeni \u00e7etelerine g\u00f6z a\u00e7t\u0131rmam\u0131\u015flard\u0131. Bilhassa Gizik Duran, Ha\u00e7\u0131n (Saimbeyli)\u2019da b\u00fcy\u00fck vah\u015fet ya\u015fatan Aram \u00c7avu\u015f\u2019u, Hamurcu Gedi\u011fi\u2019nde yakalay\u0131p \u00f6ld\u00fcrm\u00fc\u015f; Ha\u00e7\u0131n\u2019da i\u015fkence edilip katledilen y\u00fczlerce T\u00fcrk\u2019\u00fcn intikam\u0131n\u0131 alm\u0131\u015ft\u0131.Yaz\u0131k ettiler Safiye Mehmet\u2019e&#8230; Kimi \u201cBahar gelip de karlar eriyince, jandarma tesad\u00fcfen buldu.\u201d dedi, kimi ise bir k\u00f6yl\u00fcn\u00fcn bulup jandarmaya haber verdi\u011fini s\u00f6yledi. Cesedini bir at\u0131n \u00fcst\u00fcne at\u0131p Kadirli\u2019ye getirdiler; Kadirli\u2019de ve kendi k\u00f6y\u00fcn\u00fcn soka\u011f\u0131nda herkesin g\u00f6z\u00fcn\u00fcn \u00f6n\u00fcnden ge\u00e7irip mezar\u0131na g\u00f6t\u00fcrd\u00fcler. 1932 y\u0131l\u0131n\u0131n Kas\u0131m ay\u0131yd\u0131.\u201cK\u00f6r olas\u0131 Tu\u011faras\u0131 \/ Yanar ba\u011fr\u0131m\u0131n ba\u015f\u0131 \/ Bu gelen kim derlerse \/ Safiye Memmed\u2019in \u00e7etesi\u201d diyen k\u0131z karde\u015fi H\u00fcr\u00fc \u00e7ok a\u011f\u0131t yakt\u0131. Geceleri mezar\u0131nda bir \u0131\u015f\u0131\u011f\u0131n yand\u0131\u011f\u0131, Safiye Mehmet\u2019in \u015fehit oldu\u011fu dilden dile dola\u015ft\u0131.<\/p>\n","protected":false},"excerpt":{"rendered":"<p>\u0130nce Mehmet ile Safiye Mehmet hep kar\u0131\u015ft\u0131r\u0131ld\u0131. Oysa bu iki ki\u015fi birbirinden \u00e7ok farkl\u0131yd\u0131. Biri hayal\u00ee (Ya\u015far Kemal, \u0130nce Memed roman\u0131 i\u00e7in kurgu demi\u015ftir), di\u011feri ise<span class=\"excerpt-hellip\"> [\u2026]<\/span><\/p>\n","protected":false},"featured_media":0,"template":"","meta":{"_monsterinsights_skip_tracking":false,"_monsterinsights_sitenote_active":false,"_monsterinsights_sitenote_note":"","_monsterinsights_sitenote_category":0},"product_brand":[],"product_cat":[12291,12711],"product_tag":[],"class_list":{"0":"post-769862","1":"product","2":"type-product","3":"status-publish","5":"product_cat-edebiyat","6":"product_cat-roman-oyku","7":"pa_cilt-ciltsiz","8":"pa_tur-kitap","9":"pa_yayinevi-otuken-nesriyat","10":"pa_yazar-ayse-filiz-yavuz","12":"first","13":"instock","14":"sale","15":"shipping-taxable","16":"purchasable","17":"product-type-simple"},"_links":{"self":[{"href":"https:\/\/roveyayinevi.com.tr\/index.php\/wp-json\/wp\/v2\/product\/769862","targetHints":{"allow":["GET"]}}],"collection":[{"href":"https:\/\/roveyayinevi.com.tr\/index.php\/wp-json\/wp\/v2\/product"}],"about":[{"href":"https:\/\/roveyayinevi.com.tr\/index.php\/wp-json\/wp\/v2\/types\/product"}],"wp:attachment":[{"href":"https:\/\/roveyayinevi.com.tr\/index.php\/wp-json\/wp\/v2\/media?parent=769862"}],"wp:term":[{"taxonomy":"product_brand","embeddable":true,"href":"https:\/\/roveyayinevi.com.tr\/index.php\/wp-json\/wp\/v2\/product_brand?post=769862"},{"taxonomy":"product_cat","embeddable":true,"href":"https:\/\/roveyayinevi.com.tr\/index.php\/wp-json\/wp\/v2\/product_cat?post=769862"},{"taxonomy":"product_tag","embeddable":true,"href":"https:\/\/roveyayinevi.com.tr\/index.php\/wp-json\/wp\/v2\/product_tag?post=769862"}],"curies":[{"name":"wp","href":"https:\/\/api.w.org\/{rel}","templated":true}]}}