{"id":769860,"date":"2025-08-28T14:09:22","date_gmt":"2025-08-28T11:09:22","guid":{"rendered":"https:\/\/roveyayinevi.com.tr\/index.php\/urun\/simurgun-golgesinde-iran\/"},"modified":"2026-04-15T03:36:24","modified_gmt":"2026-04-15T00:36:24","slug":"simurgun-golgesinde-iran","status":"publish","type":"product","link":"https:\/\/roveyayinevi.com.tr\/index.php\/urun\/simurgun-golgesinde-iran\/","title":{"rendered":"Simurg&#8217;un G\u00f6lgesinde \u0130ran"},"content":{"rendered":"<p>Bir r\u00fczg\u00e2r eser; bazen \u00e7\u00f6llerin \u00fcst\u00fcnde yank\u0131lan\u0131r, bazen kubbelerin g\u00f6lgelerinde s\u00fcz\u00fcl\u00fcr. \u0130ran, o r\u00fczg\u00e2r\u0131n ta\u015f\u0131d\u0131\u011f\u0131 hat\u0131ralarla dolu bir \u00fclke\u2026 Serdar G\u00fcndo\u011fdu, Simurg\u2019un G\u00f6lgesinde \u0130ran ile o hat\u0131ralar\u0131 birer birer g\u00fcn y\u00fcz\u00fcne \u00e7\u0131kar\u0131yor. \u0130sfahan\u2019\u0131n \u00e7inilerindeki mavi d\u00fc\u015fleri, \u015eiraz\u2019\u0131n g\u00fclleri aras\u0131nda kaybolan m\u0131sralar\u0131, Persepolis\u2019in y\u0131k\u0131lm\u0131\u015f ama h\u00e2l\u00e2 ma\u011frur s\u00fctunlar\u0131n\u0131 ve daha nicesini anlat\u0131yor. Ama bu, sadece \u015fehirlerin de\u011fil, o \u015fehirlerin dokusunda ya\u015fayan insanlar\u0131n, hik\u00e2yelerin ve hayallerin kitab\u0131.Bu eser, okurunu \u0130ran\u2019\u0131n renkli \u00e7ar\u015f\u0131lar\u0131na, sessiz avlular\u0131na ve sararm\u0131\u015f tarih sayfalar\u0131na g\u00f6t\u00fcr\u00fcrken bir soruyla ba\u015f ba\u015fa b\u0131rak\u0131yor: Simurg\u2019un g\u00f6lgesinde y\u00fcr\u00fcmek, asl\u0131nda kendi yolunu aramak de\u011fil midir?<\/p>\n","protected":false},"excerpt":{"rendered":"<p>Bir r\u00fczg\u00e2r eser; bazen \u00e7\u00f6llerin \u00fcst\u00fcnde yank\u0131lan\u0131r, bazen kubbelerin g\u00f6lgelerinde s\u00fcz\u00fcl\u00fcr. \u0130ran, o r\u00fczg\u00e2r\u0131n ta\u015f\u0131d\u0131\u011f\u0131 hat\u0131ralarla dolu bir \u00fclke\u2026 Serdar G\u00fcndo\u011fdu, Simurg\u2019un G\u00f6lgesinde \u0130ran ile o<span class=\"excerpt-hellip\"> [\u2026]<\/span><\/p>\n","protected":false},"featured_media":0,"template":"","meta":{"_monsterinsights_skip_tracking":false,"_monsterinsights_sitenote_active":false,"_monsterinsights_sitenote_note":"","_monsterinsights_sitenote_category":0},"product_brand":[],"product_cat":[13054,45811],"product_tag":[],"class_list":{"0":"post-769860","1":"product","2":"type-product","3":"status-publish","5":"product_cat-gezi-ve-rehber-kitaplari","6":"product_cat-ulke-rehberleri","7":"pa_cilt-ciltsiz","8":"pa_tur-kitap","9":"pa_yayinevi-otuken-nesriyat","10":"pa_yazar-serdar-gundogdu","12":"first","13":"instock","14":"sale","15":"shipping-taxable","16":"purchasable","17":"product-type-simple"},"_links":{"self":[{"href":"https:\/\/roveyayinevi.com.tr\/index.php\/wp-json\/wp\/v2\/product\/769860","targetHints":{"allow":["GET"]}}],"collection":[{"href":"https:\/\/roveyayinevi.com.tr\/index.php\/wp-json\/wp\/v2\/product"}],"about":[{"href":"https:\/\/roveyayinevi.com.tr\/index.php\/wp-json\/wp\/v2\/types\/product"}],"wp:attachment":[{"href":"https:\/\/roveyayinevi.com.tr\/index.php\/wp-json\/wp\/v2\/media?parent=769860"}],"wp:term":[{"taxonomy":"product_brand","embeddable":true,"href":"https:\/\/roveyayinevi.com.tr\/index.php\/wp-json\/wp\/v2\/product_brand?post=769860"},{"taxonomy":"product_cat","embeddable":true,"href":"https:\/\/roveyayinevi.com.tr\/index.php\/wp-json\/wp\/v2\/product_cat?post=769860"},{"taxonomy":"product_tag","embeddable":true,"href":"https:\/\/roveyayinevi.com.tr\/index.php\/wp-json\/wp\/v2\/product_tag?post=769860"}],"curies":[{"name":"wp","href":"https:\/\/api.w.org\/{rel}","templated":true}]}}