{"id":769859,"date":"2025-08-28T14:09:21","date_gmt":"2025-08-28T11:09:21","guid":{"rendered":"https:\/\/roveyayinevi.com.tr\/index.php\/urun\/turk-dunyasi-samanizmi\/"},"modified":"2026-04-15T03:36:24","modified_gmt":"2026-04-15T00:36:24","slug":"turk-dunyasi-samanizmi","status":"publish","type":"product","link":"https:\/\/roveyayinevi.com.tr\/index.php\/urun\/turk-dunyasi-samanizmi\/","title":{"rendered":"T\u00fcrk D\u00fcnyas\u0131 \u015eamanizmi"},"content":{"rendered":"<p>T\u00fcrk \u015eamanizmi, T\u00fcrk k\u00fclt\u00fcr\u00fcn\u00fcn neredeyse b\u00fct\u00fcn unsurlar\u0131n\u0131 do\u011frudan veya dolayl\u0131 olarak etkileyen bir fenomendir. T\u00fcrklerin en eski zamanlardan g\u00fcn\u00fcm\u00fcze kadar ta\u015f\u0131d\u0131klar\u0131 pek \u00e7ok inan\u00e7 ve uygulaman\u0131n k\u00f6kleri incelendi\u011finde, T\u00fcrk \u015eamanizminin etkisi daha iyi anla\u015f\u0131labilmektedir. Bu bak\u0131mdan T\u00fcrk \u015eamanizmi, zaman\u0131 ve mek\u00e2n\u0131 a\u015fan y\u00f6nleriyle b\u00fct\u00fcn din ve co\u011frafya de\u011fi\u015fikliklerine ra\u011fmen etkisi silinmeyen anlay\u0131\u015f bi\u00e7imidir. T\u00fcrk \u015eamanizmi, Sibirya\u2019da ortaya \u00e7\u0131kt\u0131\u011f\u0131 binlerce y\u0131l \u00f6ncesinden g\u00fcn\u00fcm\u00fcze, hangi dine mensup olursa olsun, hangi co\u011frafyada olursa olsun b\u00fct\u00fcn T\u00fcrklerin \u00f6zg\u00fcn sistemi olmu\u015f ve sonraki d\u00f6nemlerde T\u00fcrklerin inan\u00e7lar\u0131n\u0131, rit\u00fcellerini, hayat\u0131 alg\u0131lay\u0131\u015f bi\u00e7imlerini, evrene dair tasavvurlar\u0131n\u0131, hareket tarzlar\u0131n\u0131, \u00e2det ve geleneklerini, velhas\u0131l, her t\u00fcrl\u00fc k\u00fclt\u00fcrel ve din\u00ee yakla\u015f\u0131mlar\u0131n\u0131 etkilemi\u015ftir. Bu bak\u0131mdan, T\u00fcrk \u015eamanizminin anla\u015f\u0131lmas\u0131, T\u00fcrk k\u00fclt\u00fcr kodlar\u0131n\u0131n anla\u015f\u0131lmas\u0131 anlam\u0131na gelmektedir.Elinizdeki bu kitapta yirmi iki b\u00f6l\u00fcm ile T\u00fcrk \u015eamanizminin evren tasavvurundan ruhlar ve tanr\u0131lar d\u00fcnyas\u0131na, k\u00fclt ve iye anlay\u0131\u015flar\u0131ndan mevsimlik rit\u00fcellerine, tap\u0131nak sorunundan bir din olup olmad\u0131\u011f\u0131 sorunsal\u0131na, \u015famanlar\u0131n bu sistemdeki yerinden T\u00fcrk \u015eamanizminin \u00f6zg\u00fcnl\u00fc\u011f\u00fc ve d\u00fcnyadaki benzer sistemlerden farkl\u0131l\u0131\u011f\u0131na kadar pek \u00e7ok konu ele al\u0131nm\u0131\u015ft\u0131r.<\/p>\n","protected":false},"excerpt":{"rendered":"<p>T\u00fcrk \u015eamanizmi, T\u00fcrk k\u00fclt\u00fcr\u00fcn\u00fcn neredeyse b\u00fct\u00fcn unsurlar\u0131n\u0131 do\u011frudan veya dolayl\u0131 olarak etkileyen bir fenomendir. T\u00fcrklerin en eski zamanlardan g\u00fcn\u00fcm\u00fcze kadar ta\u015f\u0131d\u0131klar\u0131 pek \u00e7ok inan\u00e7 ve uygulaman\u0131n<span class=\"excerpt-hellip\"> [\u2026]<\/span><\/p>\n","protected":false},"featured_media":0,"template":"","meta":{"_monsterinsights_skip_tracking":false,"_monsterinsights_sitenote_active":false,"_monsterinsights_sitenote_note":"","_monsterinsights_sitenote_category":0},"product_brand":[],"product_cat":[12718,16794],"product_tag":[],"class_list":{"0":"post-769859","1":"product","2":"type-product","3":"status-publish","5":"product_cat-din","6":"product_cat-dinler-tarihi","7":"pa_cilt-ciltsiz","8":"pa_tur-kitap","9":"pa_yayinevi-otuken-nesriyat","10":"pa_yazar-hasan-kizildag","12":"first","13":"instock","14":"sale","15":"shipping-taxable","16":"purchasable","17":"product-type-simple"},"_links":{"self":[{"href":"https:\/\/roveyayinevi.com.tr\/index.php\/wp-json\/wp\/v2\/product\/769859","targetHints":{"allow":["GET"]}}],"collection":[{"href":"https:\/\/roveyayinevi.com.tr\/index.php\/wp-json\/wp\/v2\/product"}],"about":[{"href":"https:\/\/roveyayinevi.com.tr\/index.php\/wp-json\/wp\/v2\/types\/product"}],"wp:attachment":[{"href":"https:\/\/roveyayinevi.com.tr\/index.php\/wp-json\/wp\/v2\/media?parent=769859"}],"wp:term":[{"taxonomy":"product_brand","embeddable":true,"href":"https:\/\/roveyayinevi.com.tr\/index.php\/wp-json\/wp\/v2\/product_brand?post=769859"},{"taxonomy":"product_cat","embeddable":true,"href":"https:\/\/roveyayinevi.com.tr\/index.php\/wp-json\/wp\/v2\/product_cat?post=769859"},{"taxonomy":"product_tag","embeddable":true,"href":"https:\/\/roveyayinevi.com.tr\/index.php\/wp-json\/wp\/v2\/product_tag?post=769859"}],"curies":[{"name":"wp","href":"https:\/\/api.w.org\/{rel}","templated":true}]}}