{"id":769858,"date":"2025-08-28T14:09:20","date_gmt":"2025-08-28T11:09:20","guid":{"rendered":"https:\/\/roveyayinevi.com.tr\/index.php\/urun\/hatirlatmalar\/"},"modified":"2026-04-15T03:36:24","modified_gmt":"2026-04-15T00:36:24","slug":"hatirlatmalar","status":"publish","type":"product","link":"https:\/\/roveyayinevi.com.tr\/index.php\/urun\/hatirlatmalar\/","title":{"rendered":"Hat\u0131rla(t)malar"},"content":{"rendered":"<p>Ahmet Zeki Pamuk\u2019un nostaljik yolculu\u011fu, okuru \u0130stanbul\u2019dan Giresun\u2019a, Dublin\u2019den Bodrum\u2019a kadar uzanan bir dizi hat\u0131ran\u0131n pe\u015finde s\u00fcr\u00fckl\u00fcyor. Gazetecili\u011fin alt\u0131n d\u00f6nemlerinden ta\u015fra \u015fehirlerindeki unutulmaz sohbetlere, \u0130stanbul\u2019un k\u00fclt\u00fcrel dokusunu yans\u0131tan sokaklardan, art\u0131k hayat\u0131m\u0131zda olmayan unutulmu\u015f mekanlara, bu kitap zihinsel bir alb\u00fcm gibi ge\u00e7mi\u015fin foto\u011fraflar\u0131n\u0131 sunuyor.Bu eserde, yerel gazetelerden sinema salonlar\u0131na, eski vapurlardan caz melodilerine kadar kaybolan bir d\u00fcnyan\u0131n yeniden canland\u0131\u011f\u0131n\u0131 g\u00f6receksiniz. \u0130stanbul ve Giresun ekseninde geli\u015fen bu anlat\u0131, ge\u00e7mi\u015fin izleriyle dolu dolu bir zaman yolculu\u011funa davet ediyor. \u015eehirler, Mek\u00e2nlar ve \u0130nsanlar \u00dczerine Hat\u0131r(l)atmalar, an\u0131lar\u0131n soluklanacak bir yer buldu\u011fu bir ba\u015fucu kitab\u0131.<\/p>\n","protected":false},"excerpt":{"rendered":"<p>Ahmet Zeki Pamuk\u2019un nostaljik yolculu\u011fu, okuru \u0130stanbul\u2019dan Giresun\u2019a, Dublin\u2019den Bodrum\u2019a kadar uzanan bir dizi hat\u0131ran\u0131n pe\u015finde s\u00fcr\u00fckl\u00fcyor. Gazetecili\u011fin alt\u0131n d\u00f6nemlerinden ta\u015fra \u015fehirlerindeki unutulmaz sohbetlere, \u0130stanbul\u2019un k\u00fclt\u00fcrel<span class=\"excerpt-hellip\"> [\u2026]<\/span><\/p>\n","protected":false},"featured_media":0,"template":"","meta":{"_monsterinsights_skip_tracking":false,"_monsterinsights_sitenote_active":false,"_monsterinsights_sitenote_note":"","_monsterinsights_sitenote_category":0},"product_brand":[],"product_cat":[13054,24413],"product_tag":[],"class_list":{"0":"post-769858","1":"product","2":"type-product","3":"status-publish","5":"product_cat-gezi-ve-rehber-kitaplari","6":"product_cat-kent-rehberleri","7":"pa_cilt-ciltsiz","8":"pa_tur-kitap","9":"pa_yayinevi-otuken-nesriyat","10":"pa_yazar-ahmet-zeki-pamuk","12":"first","13":"instock","14":"sale","15":"shipping-taxable","16":"purchasable","17":"product-type-simple"},"_links":{"self":[{"href":"https:\/\/roveyayinevi.com.tr\/index.php\/wp-json\/wp\/v2\/product\/769858","targetHints":{"allow":["GET"]}}],"collection":[{"href":"https:\/\/roveyayinevi.com.tr\/index.php\/wp-json\/wp\/v2\/product"}],"about":[{"href":"https:\/\/roveyayinevi.com.tr\/index.php\/wp-json\/wp\/v2\/types\/product"}],"wp:attachment":[{"href":"https:\/\/roveyayinevi.com.tr\/index.php\/wp-json\/wp\/v2\/media?parent=769858"}],"wp:term":[{"taxonomy":"product_brand","embeddable":true,"href":"https:\/\/roveyayinevi.com.tr\/index.php\/wp-json\/wp\/v2\/product_brand?post=769858"},{"taxonomy":"product_cat","embeddable":true,"href":"https:\/\/roveyayinevi.com.tr\/index.php\/wp-json\/wp\/v2\/product_cat?post=769858"},{"taxonomy":"product_tag","embeddable":true,"href":"https:\/\/roveyayinevi.com.tr\/index.php\/wp-json\/wp\/v2\/product_tag?post=769858"}],"curies":[{"name":"wp","href":"https:\/\/api.w.org\/{rel}","templated":true}]}}