{"id":769854,"date":"2025-08-28T14:09:12","date_gmt":"2025-08-28T11:09:12","guid":{"rendered":"https:\/\/roveyayinevi.com.tr\/index.php\/urun\/ikinci-sans-3\/"},"modified":"2026-04-15T03:36:24","modified_gmt":"2026-04-15T00:36:24","slug":"ikinci-sans-3","status":"publish","type":"product","link":"https:\/\/roveyayinevi.com.tr\/index.php\/urun\/ikinci-sans-3\/","title":{"rendered":"\u0130kinci \u015eans"},"content":{"rendered":"<p>DEL\u0130L\u0130\u011e\u0130N TANIMI \u201cDelilik, ayn\u0131 \u015feyi tekrar tekrar yap\u0131p farkl\u0131 sonu\u00e7lar beklemektir.\u201d -Albert Einstein \u00c7o\u011fumuz d\u00fcnyan\u0131n mali bir kriz i\u00e7inde oldu\u011funun fark\u0131nday\u0131z. Ne yaz\u0131k ki, liderlerimiz ayn\u0131 \u015feyleri tekrar tekrar yap\u0131yor, Bilgi \u00c7a\u011f\u0131 sorunlar\u0131n\u0131 \u00e7\u00f6zmek i\u00e7in Sanayi \u00c7a\u011f\u0131 \u00e7\u00f6z\u00fcmlerini kullan\u0131yor. Bu kitapta, basit grafikler ve \u00e7izelgelerle, delili\u011fin ger\u00e7ekten ne kadar \u00e7\u0131lg\u0131nca oldu\u011funu g\u00f6receksiniz. KR\u0130Z\u0130N TANIMI \u201c\u00d6nemli veya zor bir karar\u0131n verilmesi gereken zaman.\u201d -Webster\u2019s Dictionary Bu kitap farkl\u0131 hareket etme zaman\u0131n\u0131n geldi\u011fini fark eden bireyler i\u00e7in yaz\u0131lm\u0131\u015ft\u0131r. Bu kitap, bankalar trilyonlarca dolar basarken para biriktirmenin; borsalar \u00e7\u00f6kerken uzun vadeli yat\u0131r\u0131m yapman\u0131n, okullar size para hakk\u0131nda pek bir \u015fey \u00f6\u011fretmezken okula geri d\u00f6nmenin delilik oldu\u011funu fark eden ki\u015filer i\u00e7in yaz\u0131lm\u0131\u015ft\u0131r. Bu kitapta, paran\u0131z ve hayat\u0131n\u0131z hakk\u0131nda, d\u00fcnyam\u0131zda fark yaratabilir ak\u0131ll\u0131ca kararlar\u0131 nas\u0131l alaca\u011f\u0131n\u0131z\u0131 \u00f6\u011freneceksiniz. \u0130kinci \u015eans\u0131n\u0131za dair karar\u0131 nas\u0131l alaca\u011f\u0131n\u0131z\u0131 \u00f6\u011freneceksiniz. KR\u0130Z\u0130N \u00c7\u0130NCE TANIMI \u201c\u00c7ince yaz\u0131ld\u0131\u011f\u0131nda kriz kelimesi iki karakterden olu\u015fur. Biri tehlikeyi, di\u011feri ise f\u0131rsat\u0131 temsil eder.\u201d\u201d -Ba\u015fkan John F. Kennedy Bu kitapta, k\u00fcresel mali krizdeki f\u0131rsatlar\u0131n yan\u0131 s\u0131ra, tehlikeler hakk\u0131nda da bilgi edineceksiniz.   \u201cGe\u00e7mi\u015fi hat\u0131rlamayanlar onu tekrar ya\u015famaya mahk\u00fbmdur.\u201d \u2013George Santayana (1863-1952)   GE\u00c7M\u0130\u015e: Bu finansal krize nas\u0131l girdi\u011fimizi ve ge\u00e7mi\u015ften ne \u00f6\u011frenmemiz gerekti\u011fini \u00f6\u011freneceksiniz. \u015e\u0130MD\u0130K\u0130 ZAMAN: Ge\u00e7mi\u015ften \u00f6\u011frenerek, daha iyi ve daha parlak bir finansal gelecek i\u00e7in bug\u00fcnden yeni kararlar alma f\u0131rsat\u0131na sahip olacaks\u0131n\u0131z. GELECEK: Giderek b\u00fcy\u00fcyen bu finansal krizde kendinize ve sevdiklerinize nas\u0131l rehberlik edece\u011finizi \u00f6\u011freneceksiniz.   Robert Kiyosaki d\u00fcnya genelinde milyonlarca insan\u0131n parayla ilgili d\u00fc\u015f\u00fcnme \u015fekillerine meydan okudu ve onlar\u0131 de\u011fi\u015ftirdi. Genel inan\u0131\u015fa ters d\u00fc\u015fen bak\u0131\u015f a\u00e7\u0131s\u0131yla Kiyosaki, dobra konu\u015fmas\u0131 ve cesaretiyle \u00fcn kazand\u0131. D\u00fcnya \u00e7ap\u0131nda finansal e\u011fitimin s\u0131k\u0131 destek\u00e7isi olarak kabul edildi. <\/p>\n","protected":false},"excerpt":{"rendered":"<p>DEL\u0130L\u0130\u011e\u0130N TANIMI \u201cDelilik, ayn\u0131 \u015feyi tekrar tekrar yap\u0131p farkl\u0131 sonu\u00e7lar beklemektir.\u201d -Albert Einstein \u00c7o\u011fumuz d\u00fcnyan\u0131n mali bir kriz i\u00e7inde oldu\u011funun fark\u0131nday\u0131z. Ne yaz\u0131k ki, liderlerimiz ayn\u0131<span class=\"excerpt-hellip\"> [\u2026]<\/span><\/p>\n","protected":false},"featured_media":0,"template":"","meta":{"_monsterinsights_skip_tracking":false,"_monsterinsights_sitenote_active":false,"_monsterinsights_sitenote_note":"","_monsterinsights_sitenote_category":0},"product_brand":[],"product_cat":[13043,17647],"product_tag":[],"class_list":{"0":"post-769854","1":"product","2":"type-product","3":"status-publish","5":"product_cat-ekonomi","6":"product_cat-is-dunyasi","7":"pa_cilt-ciltsiz","8":"pa_tur-kitap","9":"pa_yayinevi-alfa-yayinlari","10":"pa_yazar-robert-t-kiyosaki","12":"first","13":"instock","14":"sale","15":"shipping-taxable","16":"purchasable","17":"product-type-simple"},"_links":{"self":[{"href":"https:\/\/roveyayinevi.com.tr\/index.php\/wp-json\/wp\/v2\/product\/769854","targetHints":{"allow":["GET"]}}],"collection":[{"href":"https:\/\/roveyayinevi.com.tr\/index.php\/wp-json\/wp\/v2\/product"}],"about":[{"href":"https:\/\/roveyayinevi.com.tr\/index.php\/wp-json\/wp\/v2\/types\/product"}],"wp:attachment":[{"href":"https:\/\/roveyayinevi.com.tr\/index.php\/wp-json\/wp\/v2\/media?parent=769854"}],"wp:term":[{"taxonomy":"product_brand","embeddable":true,"href":"https:\/\/roveyayinevi.com.tr\/index.php\/wp-json\/wp\/v2\/product_brand?post=769854"},{"taxonomy":"product_cat","embeddable":true,"href":"https:\/\/roveyayinevi.com.tr\/index.php\/wp-json\/wp\/v2\/product_cat?post=769854"},{"taxonomy":"product_tag","embeddable":true,"href":"https:\/\/roveyayinevi.com.tr\/index.php\/wp-json\/wp\/v2\/product_tag?post=769854"}],"curies":[{"name":"wp","href":"https:\/\/api.w.org\/{rel}","templated":true}]}}