{"id":769852,"date":"2025-08-28T14:09:08","date_gmt":"2025-08-28T11:09:08","guid":{"rendered":"https:\/\/roveyayinevi.com.tr\/index.php\/urun\/birkac-edebi-fisilti\/"},"modified":"2026-04-15T03:36:24","modified_gmt":"2026-04-15T00:36:24","slug":"birkac-edebi-fisilti","status":"publish","type":"product","link":"https:\/\/roveyayinevi.com.tr\/index.php\/urun\/birkac-edebi-fisilti\/","title":{"rendered":"Birka\u00e7 Edebi F\u0131s\u0131lt\u0131"},"content":{"rendered":"<p>Kenan Hulusi Koray&#8217;\u0131n b\u00fct\u00fcn yaz\u0131lar\u0131n\u0131 bir araya getiren Birka\u00e7 Edebi F\u0131s\u0131lt\u0131, yazar\u0131n ya\u015fam\u0131 boyunca nas\u0131l bir dikkatle \u00e7al\u0131\u015ft\u0131\u011f\u0131n\u0131 ve kalem oynatt\u0131\u011f\u0131n\u0131 g\u00f6steriyor. Ya\u015fad\u0131\u011f\u0131 \u015fehre, edebiyata, \u00e7evresinde olup bitenlere hi\u00e7bir zaman big\u00e2ne kalmayan Koray, yaz\u0131lar\u0131nda okurlara edebiyattan sanata, \u015fehir ya\u015fant\u0131s\u0131ndan k\u00fclt\u00fcre kadar bir\u00e7ok farkl\u0131 ba\u015fl\u0131kta metinler sunuyor. Ak\u0131c\u0131 T\u00fcrk\u00e7esi, dikkati ve yazma konusundaki ketum tavr\u0131yla yak\u0131n d\u00f6nem T\u00fcrk edebiyat\u0131n\u0131n, kendisine \u00f6zg\u00fc \u015fahsiyetlerinden biri olan Kenan Hulusi Koray, gen\u00e7 ya\u015fta hayat\u0131n\u0131 kaybetmesine ra\u011fmen roman, \u00f6yk\u00fc, deneme, makale gibi bir\u00e7ok farkl\u0131 t\u00fcrde kalem oynatm\u0131\u015f, yazarlar\u0131ndan biridir. Birka\u00e7 Edebi F\u0131s\u0131lt\u0131 ile Koray&#8217;\u0131n b\u00fct\u00fcn yaz\u0131lar\u0131n\u0131, hat\u0131rat\u0131n\u0131 ve m\u00fclakatlar\u0131n\u0131 okurlara sunuyoruz.<\/p>\n","protected":false},"excerpt":{"rendered":"<p>Kenan Hulusi Koray&#8217;\u0131n b\u00fct\u00fcn yaz\u0131lar\u0131n\u0131 bir araya getiren Birka\u00e7 Edebi F\u0131s\u0131lt\u0131, yazar\u0131n ya\u015fam\u0131 boyunca nas\u0131l bir dikkatle \u00e7al\u0131\u015ft\u0131\u011f\u0131n\u0131 ve kalem oynatt\u0131\u011f\u0131n\u0131 g\u00f6steriyor. Ya\u015fad\u0131\u011f\u0131 \u015fehre, edebiyata, \u00e7evresinde<span class=\"excerpt-hellip\"> [\u2026]<\/span><\/p>\n","protected":false},"featured_media":0,"template":"","meta":{"_monsterinsights_skip_tracking":false,"_monsterinsights_sitenote_active":false,"_monsterinsights_sitenote_note":"","_monsterinsights_sitenote_category":0},"product_brand":[],"product_cat":[12777,12291],"product_tag":[],"class_list":{"0":"post-769852","1":"product","2":"type-product","3":"status-publish","5":"product_cat-deneme","6":"product_cat-edebiyat","7":"pa_cilt-ciltsiz","8":"pa_tur-kitap","9":"pa_yayinevi-otuken-nesriyat","10":"pa_yazar-kenan-hulusi-koray","12":"first","13":"instock","14":"sale","15":"shipping-taxable","16":"purchasable","17":"product-type-simple"},"_links":{"self":[{"href":"https:\/\/roveyayinevi.com.tr\/index.php\/wp-json\/wp\/v2\/product\/769852","targetHints":{"allow":["GET"]}}],"collection":[{"href":"https:\/\/roveyayinevi.com.tr\/index.php\/wp-json\/wp\/v2\/product"}],"about":[{"href":"https:\/\/roveyayinevi.com.tr\/index.php\/wp-json\/wp\/v2\/types\/product"}],"wp:attachment":[{"href":"https:\/\/roveyayinevi.com.tr\/index.php\/wp-json\/wp\/v2\/media?parent=769852"}],"wp:term":[{"taxonomy":"product_brand","embeddable":true,"href":"https:\/\/roveyayinevi.com.tr\/index.php\/wp-json\/wp\/v2\/product_brand?post=769852"},{"taxonomy":"product_cat","embeddable":true,"href":"https:\/\/roveyayinevi.com.tr\/index.php\/wp-json\/wp\/v2\/product_cat?post=769852"},{"taxonomy":"product_tag","embeddable":true,"href":"https:\/\/roveyayinevi.com.tr\/index.php\/wp-json\/wp\/v2\/product_tag?post=769852"}],"curies":[{"name":"wp","href":"https:\/\/api.w.org\/{rel}","templated":true}]}}