{"id":769851,"date":"2025-08-28T14:09:04","date_gmt":"2025-08-28T11:09:04","guid":{"rendered":"https:\/\/roveyayinevi.com.tr\/index.php\/urun\/direnis-hatiralarim\/"},"modified":"2026-04-15T03:36:24","modified_gmt":"2026-04-15T00:36:24","slug":"direnis-hatiralarim","status":"publish","type":"product","link":"https:\/\/roveyayinevi.com.tr\/index.php\/urun\/direnis-hatiralarim\/","title":{"rendered":"Direni\u015f Hat\u0131ralar\u0131m"},"content":{"rendered":"<p>\u201cK\u0131br\u0131s\u2019ta hemen hemen her ailede bir \u015fehit vard\u0131r. Onlar bizden bir dua beklerler; bizim mutlu olmam\u0131z, ba\u011f\u0131ms\u0131z ve h\u00fcr ya\u015famam\u0131z onlar\u0131 yatt\u0131klar\u0131 yerde nurla\u015ft\u0131racakt\u0131r.\u201dI\u015f\u0131lay ArkanK\u0131br\u0131s T\u00fcrk halk\u0131n\u0131n ba\u011f\u0131ms\u0131zl\u0131k m\u00fccadelesini g\u00f6zler \u00f6n\u00fcne seren Direni\u015f Hat\u0131ralar\u0131m, I\u015f\u0131lay Arkan\u2019\u0131n ya\u015fam\u0131nda derin izler b\u0131rakan direni\u015f g\u00fcnlerini anlat\u0131yor. Rumlar\u0131n Enosis hayaliyle T\u00fcrk toplumuna kar\u015f\u0131 yapt\u0131\u011f\u0131 bask\u0131lar, adan\u0131n d\u00f6rt bir yan\u0131na yay\u0131lan \u00e7at\u0131\u015fmalar ve I\u015f\u0131lay Arkan\u2019\u0131n g\u00f6n\u00fcll\u00fc m\u00fccadelesi, kitab\u0131n sat\u0131rlar\u0131nda canlan\u0131yor. Sadece bir bireyin de\u011fil, K\u0131br\u0131s T\u00fcrk halk\u0131n\u0131n onur ve varolu\u015f m\u00fccadelesinin haf\u0131zas\u0131 niteli\u011findeki bu eser, gen\u00e7 ku\u015faklara cesaret, adalet ve vatan sevgisini ilham ediyor. Arkan\u2019\u0131n hat\u0131ralar\u0131nda, 1955-1974 y\u0131llar\u0131 aras\u0131ndaki K\u0131br\u0131s olaylar\u0131, sosyo-k\u00fclt\u00fcrel ve ekonomik y\u00f6nleriyle ayr\u0131nt\u0131l\u0131 \u015fekilde ele al\u0131n\u0131rken, gen\u00e7 okuyucular i\u00e7in adaletin ve vatan sevgisinin \u00f6nemini vurgulayan mesajlar da veriliyor. D\u00f6nemin ac\u0131 ve zor g\u00fcnlerini, ki\u015fisel tan\u0131kl\u0131klar\u0131yla s\u00fcsleyen I\u015f\u0131lay Arkan, gelece\u011fin gen\u00e7 nesillerine, tarihin bu \u00e7alkant\u0131l\u0131 d\u00f6nemini objektif bir \u015fekilde aktarmay\u0131 ama\u00e7l\u0131yor.<\/p>\n","protected":false},"excerpt":{"rendered":"<p>\u201cK\u0131br\u0131s\u2019ta hemen hemen her ailede bir \u015fehit vard\u0131r. Onlar bizden bir dua beklerler; bizim mutlu olmam\u0131z, ba\u011f\u0131ms\u0131z ve h\u00fcr ya\u015famam\u0131z onlar\u0131 yatt\u0131klar\u0131 yerde nurla\u015ft\u0131racakt\u0131r.\u201dI\u015f\u0131lay ArkanK\u0131br\u0131s T\u00fcrk<span class=\"excerpt-hellip\"> [\u2026]<\/span><\/p>\n","protected":false},"featured_media":0,"template":"","meta":{"_monsterinsights_skip_tracking":false,"_monsterinsights_sitenote_active":false,"_monsterinsights_sitenote_note":"","_monsterinsights_sitenote_category":0},"product_brand":[],"product_cat":[13701,12291],"product_tag":[],"class_list":{"0":"post-769851","1":"product","2":"type-product","3":"status-publish","5":"product_cat-ani-mektup-gunluk","6":"product_cat-edebiyat","7":"pa_cilt-ciltsiz","8":"pa_tur-kitap","9":"pa_yayinevi-otuken-nesriyat","10":"pa_yazar-isilay-arkan","12":"first","13":"instock","14":"sale","15":"shipping-taxable","16":"purchasable","17":"product-type-simple"},"_links":{"self":[{"href":"https:\/\/roveyayinevi.com.tr\/index.php\/wp-json\/wp\/v2\/product\/769851","targetHints":{"allow":["GET"]}}],"collection":[{"href":"https:\/\/roveyayinevi.com.tr\/index.php\/wp-json\/wp\/v2\/product"}],"about":[{"href":"https:\/\/roveyayinevi.com.tr\/index.php\/wp-json\/wp\/v2\/types\/product"}],"wp:attachment":[{"href":"https:\/\/roveyayinevi.com.tr\/index.php\/wp-json\/wp\/v2\/media?parent=769851"}],"wp:term":[{"taxonomy":"product_brand","embeddable":true,"href":"https:\/\/roveyayinevi.com.tr\/index.php\/wp-json\/wp\/v2\/product_brand?post=769851"},{"taxonomy":"product_cat","embeddable":true,"href":"https:\/\/roveyayinevi.com.tr\/index.php\/wp-json\/wp\/v2\/product_cat?post=769851"},{"taxonomy":"product_tag","embeddable":true,"href":"https:\/\/roveyayinevi.com.tr\/index.php\/wp-json\/wp\/v2\/product_tag?post=769851"}],"curies":[{"name":"wp","href":"https:\/\/api.w.org\/{rel}","templated":true}]}}