{"id":769844,"date":"2025-08-28T14:08:48","date_gmt":"2025-08-28T11:08:48","guid":{"rendered":"https:\/\/roveyayinevi.com.tr\/index.php\/urun\/saglam-yerin-tamiri\/"},"modified":"2026-04-15T03:36:24","modified_gmt":"2026-04-15T00:36:24","slug":"saglam-yerin-tamiri","status":"publish","type":"product","link":"https:\/\/roveyayinevi.com.tr\/index.php\/urun\/saglam-yerin-tamiri\/","title":{"rendered":"Sa\u011flam Yerin Tamiri"},"content":{"rendered":"<p>12 Eyl\u00fcl 1980 tarihi, T\u00fcrkiye\u2019nin kendi gen\u00e7li\u011fine ve gelece\u011fine neleri reva g\u00f6rd\u00fc\u011f\u00fcn\u00fcn tarihidir.Cumhuriyet\u2019ten sonra ortaya koyabildi\u011fimiz en sahih gelecek tasavvuru, 12 Eyl\u00fcl \u00f6ncesi gen\u00e7li\u011finin g\u00f6rd\u00fc\u011f\u00fc \u201cr\u00fcya\u201d idi. Daha iyisini tasavvur edemedik\u2026 \u00c7\u00fcnk\u00fc 12 Eyl\u00fcl b\u00fct\u00fcn tasavvurlara \u201cel koydu\u201d\u2026 Muhayyileleri kilit alt\u0131na ald\u0131\u2026Ve T\u00fcrkiye\u2019nin gen\u00e7lik r\u00fcyas\u0131n\u0131, yani umudunu yarg\u0131lad\u0131.Umut yarg\u0131lanabilir mi yahu?.. Yarg\u0131lad\u0131lar i\u015fte.Solda ve sa\u011fda umutlar\u0131n\u0131n pe\u015finde \u201cda\u011flar gibi gen\u00e7ler \u00e2lemde peri\u015fan oldular.\u201dHi\u00e7birinin hik\u00e2yesi yaz\u0131lmad\u0131. Yaz\u0131lamad\u0131. Belki de yazmaya k\u0131yamad\u0131k. Bir hayal k\u0131r\u0131kl\u0131\u011f\u0131, bir kalp k\u0131r\u0131kl\u0131\u011f\u0131 nas\u0131l yaz\u0131labilirdi ki?..Elinizde tuttu\u011funuz bu kitap, bu istikametteki bir aray\u0131\u015f\u0131n metnidir.<\/p>\n","protected":false},"excerpt":{"rendered":"<p>12 Eyl\u00fcl 1980 tarihi, T\u00fcrkiye\u2019nin kendi gen\u00e7li\u011fine ve gelece\u011fine neleri reva g\u00f6rd\u00fc\u011f\u00fcn\u00fcn tarihidir.Cumhuriyet\u2019ten sonra ortaya koyabildi\u011fimiz en sahih gelecek tasavvuru, 12 Eyl\u00fcl \u00f6ncesi gen\u00e7li\u011finin g\u00f6rd\u00fc\u011f\u00fc \u201cr\u00fcya\u201d<span class=\"excerpt-hellip\"> [\u2026]<\/span><\/p>\n","protected":false},"featured_media":0,"template":"","meta":{"_monsterinsights_skip_tracking":false,"_monsterinsights_sitenote_active":false,"_monsterinsights_sitenote_note":"","_monsterinsights_sitenote_category":0},"product_brand":[],"product_cat":[12777,12291],"product_tag":[],"class_list":{"0":"post-769844","1":"product","2":"type-product","3":"status-publish","5":"product_cat-deneme","6":"product_cat-edebiyat","7":"pa_cilt-ciltsiz","8":"pa_tur-kitap","9":"pa_yayinevi-otuken-nesriyat","10":"pa_yazar-cengiz-aydogdu","12":"first","13":"instock","14":"sale","15":"shipping-taxable","16":"purchasable","17":"product-type-simple"},"_links":{"self":[{"href":"https:\/\/roveyayinevi.com.tr\/index.php\/wp-json\/wp\/v2\/product\/769844","targetHints":{"allow":["GET"]}}],"collection":[{"href":"https:\/\/roveyayinevi.com.tr\/index.php\/wp-json\/wp\/v2\/product"}],"about":[{"href":"https:\/\/roveyayinevi.com.tr\/index.php\/wp-json\/wp\/v2\/types\/product"}],"wp:attachment":[{"href":"https:\/\/roveyayinevi.com.tr\/index.php\/wp-json\/wp\/v2\/media?parent=769844"}],"wp:term":[{"taxonomy":"product_brand","embeddable":true,"href":"https:\/\/roveyayinevi.com.tr\/index.php\/wp-json\/wp\/v2\/product_brand?post=769844"},{"taxonomy":"product_cat","embeddable":true,"href":"https:\/\/roveyayinevi.com.tr\/index.php\/wp-json\/wp\/v2\/product_cat?post=769844"},{"taxonomy":"product_tag","embeddable":true,"href":"https:\/\/roveyayinevi.com.tr\/index.php\/wp-json\/wp\/v2\/product_tag?post=769844"}],"curies":[{"name":"wp","href":"https:\/\/api.w.org\/{rel}","templated":true}]}}