{"id":769843,"date":"2025-08-28T14:08:46","date_gmt":"2025-08-28T11:08:46","guid":{"rendered":"https:\/\/roveyayinevi.com.tr\/index.php\/urun\/nodul-2023\/"},"modified":"2026-04-15T03:36:24","modified_gmt":"2026-04-15T00:36:24","slug":"nodul-2023","status":"publish","type":"product","link":"https:\/\/roveyayinevi.com.tr\/index.php\/urun\/nodul-2023\/","title":{"rendered":"Nodul 2023"},"content":{"rendered":"<p>NODUL Almanak, ilk say\u0131s\u0131nda 2023 y\u0131l\u0131nda T\u00fcrkiye\u2019de k\u00fclt\u00fcr, sanat ve edebiyat d\u00fcnyas\u0131ndaki geli\u015fmelerin izini s\u00fcr\u00fcyor, okurlara b\u00fct\u00fcn bir y\u0131l\u0131n d\u00f6k\u00fcm\u00fcn\u00fc sunuyor. Edebiyattan \u00e7a\u011fda\u015f sanata, tiyatrodan tarihe, karikat\u00fcrden sinemaya kadar bir\u00e7ok disiplinde y\u0131l boyu \u00f6ne \u00e7\u0131kan meseleleri, tart\u0131\u015fma ve geli\u015fmeleri merkezine alan NODUL Almanak, bug\u00fcn\u00fcn ar\u015fivini tutma iddias\u0131yla hareket ediyor. Yay\u0131n y\u00f6netmenli\u011fini \u015eaban \u00d6zdemir, edit\u00f6rl\u00fc\u011f\u00fcn\u00fc Abdullah Ezik\u2019in \u00fcstlendi\u011fi NODUL Almanak 2023\u2019te Ercan Y\u0131lmaz, Taner Ay, Ali Ya\u011fan, Or\u00e7un \u00dc\u00e7er, Mustafa U\u00e7urum, Erdem Beli\u011f Zaman, B\u00fc\u015fra Tan Ezik, Abdullah Ezik, Fatma Aliye Alt\u0131ok, \u00d6mer Faruk \u015eerifo\u011flu, \u0130lona Baytar, Berfu Merve Bolulu, Canan K\u0131z\u0131l\u0131rmak, Zeynep L. Karahan, Faysal Soysal, K\u00fcr\u015fat Sayg\u0131l\u0131, Emel Bilge \u00c7\u0131nar, Nursun Erel, Ziyaver \u015eencan, \u0130zel Rozental, Mehmet Y\u0131lmaz ve Yahya Kemal Ta\u015ftan\u2019\u0131n yaz\u0131 ve de\u011ferlendirmeleri yer al\u0131yor.<\/p>\n","protected":false},"excerpt":{"rendered":"<p>NODUL Almanak, ilk say\u0131s\u0131nda 2023 y\u0131l\u0131nda T\u00fcrkiye\u2019de k\u00fclt\u00fcr, sanat ve edebiyat d\u00fcnyas\u0131ndaki geli\u015fmelerin izini s\u00fcr\u00fcyor, okurlara b\u00fct\u00fcn bir y\u0131l\u0131n d\u00f6k\u00fcm\u00fcn\u00fc sunuyor. Edebiyattan \u00e7a\u011fda\u015f sanata, tiyatrodan tarihe,<span class=\"excerpt-hellip\"> [\u2026]<\/span><\/p>\n","protected":false},"featured_media":0,"template":"","meta":{"_monsterinsights_skip_tracking":false,"_monsterinsights_sitenote_active":false,"_monsterinsights_sitenote_note":"","_monsterinsights_sitenote_category":0},"product_brand":[],"product_cat":[13072,12291],"product_tag":[],"class_list":{"0":"post-769843","1":"product","2":"type-product","3":"status-publish","5":"product_cat-arastirma-inceleme-referans","6":"product_cat-edebiyat","7":"pa_cilt-ciltsiz","8":"pa_tur-kitap","9":"pa_yayinevi-otuken-nesriyat","10":"pa_yazar-kolektif","12":"first","13":"instock","14":"sale","15":"shipping-taxable","16":"purchasable","17":"product-type-simple"},"_links":{"self":[{"href":"https:\/\/roveyayinevi.com.tr\/index.php\/wp-json\/wp\/v2\/product\/769843","targetHints":{"allow":["GET"]}}],"collection":[{"href":"https:\/\/roveyayinevi.com.tr\/index.php\/wp-json\/wp\/v2\/product"}],"about":[{"href":"https:\/\/roveyayinevi.com.tr\/index.php\/wp-json\/wp\/v2\/types\/product"}],"wp:attachment":[{"href":"https:\/\/roveyayinevi.com.tr\/index.php\/wp-json\/wp\/v2\/media?parent=769843"}],"wp:term":[{"taxonomy":"product_brand","embeddable":true,"href":"https:\/\/roveyayinevi.com.tr\/index.php\/wp-json\/wp\/v2\/product_brand?post=769843"},{"taxonomy":"product_cat","embeddable":true,"href":"https:\/\/roveyayinevi.com.tr\/index.php\/wp-json\/wp\/v2\/product_cat?post=769843"},{"taxonomy":"product_tag","embeddable":true,"href":"https:\/\/roveyayinevi.com.tr\/index.php\/wp-json\/wp\/v2\/product_tag?post=769843"}],"curies":[{"name":"wp","href":"https:\/\/api.w.org\/{rel}","templated":true}]}}