{"id":769841,"date":"2025-08-28T14:08:41","date_gmt":"2025-08-28T11:08:41","guid":{"rendered":"https:\/\/roveyayinevi.com.tr\/index.php\/urun\/gercekleri-kim-karistirdi\/"},"modified":"2026-04-15T03:36:24","modified_gmt":"2026-04-15T00:36:24","slug":"gercekleri-kim-karistirdi","status":"publish","type":"product","link":"https:\/\/roveyayinevi.com.tr\/index.php\/urun\/gercekleri-kim-karistirdi\/","title":{"rendered":"Ger\u00e7ekleri Kim Kar\u0131\u015ft\u0131rd\u0131"},"content":{"rendered":"<p>Fato\u015f, kasabadaki mermer fabrikas\u0131n\u0131n kapat\u0131laca\u011f\u0131n\u0131 \u00f6\u011frendi\u011finde b\u00fcy\u00fck bir panik ya\u015far.  Fabrikan\u0131n kapat\u0131lmas\u0131n\u0131 engellemek ve ger\u00e7ekleri ortaya \u00e7\u0131karmak i\u00e7in kollar\u0131 s\u0131var. Elindeki ipu\u00e7lar\u0131n\u0131 birle\u015ftirdi\u011finde ise hi\u00e7 beklenmedik bir maceran\u0131n i\u00e7ine s\u00fcr\u00fcklenir.Acaba Fato\u015f, g\u00f6zlem yetene\u011fini do\u011fru kullanarak ger\u00e7e\u011fe ula\u015fabilecek mi? Yoksa duyduklar\u0131n\u0131n pe\u015finden giderek bamba\u015fka bir yola m\u0131 sapacak? Bazen, do\u011fru oldu\u011funa inand\u0131\u011f\u0131m\u0131z \u015feyler en b\u00fcy\u00fck yan\u0131lg\u0131m\u0131z olabilir!Soru sorman\u0131n, d\u00fc\u015f\u00fcnmenin ve olaylara farkl\u0131 a\u00e7\u0131lardan bakman\u0131n g\u00fcc\u00fcn\u00fc ke\u015ffedece\u011finiz bu e\u011flenceli hik\u00e2yede, Fato\u015f\u2019a e\u015flik etmeye var m\u0131s\u0131n\u0131z?<\/p>\n","protected":false},"excerpt":{"rendered":"<p>Fato\u015f, kasabadaki mermer fabrikas\u0131n\u0131n kapat\u0131laca\u011f\u0131n\u0131 \u00f6\u011frendi\u011finde b\u00fcy\u00fck bir panik ya\u015far. Fabrikan\u0131n kapat\u0131lmas\u0131n\u0131 engellemek ve ger\u00e7ekleri ortaya \u00e7\u0131karmak i\u00e7in kollar\u0131 s\u0131var. Elindeki ipu\u00e7lar\u0131n\u0131 birle\u015ftirdi\u011finde ise hi\u00e7 beklenmedik<span class=\"excerpt-hellip\"> [\u2026]<\/span><\/p>\n","protected":false},"featured_media":0,"template":"","meta":{"_monsterinsights_skip_tracking":false,"_monsterinsights_sitenote_active":false,"_monsterinsights_sitenote_note":"","_monsterinsights_sitenote_category":0},"product_brand":[],"product_cat":[12274,12284],"product_tag":[],"class_list":{"0":"post-769841","1":"product","2":"type-product","3":"status-publish","5":"product_cat-cocuk-ve-genclik-kitaplari","6":"product_cat-hikayeler","7":"pa_cilt-ciltsiz","8":"pa_tur-kitap","9":"pa_yayinevi-genc-timas","10":"pa_yazar-birsen-ekim-ozen","12":"first","13":"instock","14":"sale","15":"shipping-taxable","16":"purchasable","17":"product-type-simple"},"_links":{"self":[{"href":"https:\/\/roveyayinevi.com.tr\/index.php\/wp-json\/wp\/v2\/product\/769841","targetHints":{"allow":["GET"]}}],"collection":[{"href":"https:\/\/roveyayinevi.com.tr\/index.php\/wp-json\/wp\/v2\/product"}],"about":[{"href":"https:\/\/roveyayinevi.com.tr\/index.php\/wp-json\/wp\/v2\/types\/product"}],"wp:attachment":[{"href":"https:\/\/roveyayinevi.com.tr\/index.php\/wp-json\/wp\/v2\/media?parent=769841"}],"wp:term":[{"taxonomy":"product_brand","embeddable":true,"href":"https:\/\/roveyayinevi.com.tr\/index.php\/wp-json\/wp\/v2\/product_brand?post=769841"},{"taxonomy":"product_cat","embeddable":true,"href":"https:\/\/roveyayinevi.com.tr\/index.php\/wp-json\/wp\/v2\/product_cat?post=769841"},{"taxonomy":"product_tag","embeddable":true,"href":"https:\/\/roveyayinevi.com.tr\/index.php\/wp-json\/wp\/v2\/product_tag?post=769841"}],"curies":[{"name":"wp","href":"https:\/\/api.w.org\/{rel}","templated":true}]}}