{"id":769840,"date":"2025-08-28T14:08:38","date_gmt":"2025-08-28T11:08:38","guid":{"rendered":"https:\/\/roveyayinevi.com.tr\/index.php\/urun\/dostluklar-sirlar-ve-kediler\/"},"modified":"2026-04-15T03:36:24","modified_gmt":"2026-04-15T00:36:24","slug":"dostluklar-sirlar-ve-kediler","status":"publish","type":"product","link":"https:\/\/roveyayinevi.com.tr\/index.php\/urun\/dostluklar-sirlar-ve-kediler\/","title":{"rendered":"Dostluklar S\u0131rlar ve Kediler"},"content":{"rendered":"<p>Hazel ve Laura, her \u015feyi birlikte yapmaya bay\u0131lan iki iyi dost. Ancak son zamanlarda Laura\u2019n\u0131n garip davran\u0131\u015flar\u0131, Hazel\u2019i endi\u015felendirmeye ba\u015flar. \u00dcstelik yeni kom\u015fular, garip bir kedi ve beklenmedik olaylar kasabadaki karma\u015fay\u0131 iyice art\u0131r\u0131r. Bu esnada Hazel, Laura\u2019n\u0131n b\u00fcy\u00fck bir s\u0131r saklad\u0131\u011f\u0131n\u0131 \u00f6\u011frenir ve ona yard\u0131m etmek i\u00e7in kollar\u0131 s\u0131var.Bir yanda en yak\u0131n arkada\u015fa verilmi\u015f bir s\u00f6z, di\u011fer yanda saklanan s\u0131rlar\u0131n y\u00fck\u00fc\u2026 Hazel, Laura i\u00e7in en do\u011fru ad\u0131m\u0131 atabilecek mi? Yoksa i\u015fler daha m\u0131 kar\u0131\u015facak?Dostluklar, S\u0131rlar ve Kediler, arkada\u015fl\u0131k, empati ve cesaret \u00fczerine s\u0131ms\u0131cak bir hik\u00e2ye. Bu tatl\u0131 yolculukta Hazel ve Laura\u2019ya e\u015flik etmeye haz\u0131r m\u0131s\u0131n\u0131z?<\/p>\n","protected":false},"excerpt":{"rendered":"<p>Hazel ve Laura, her \u015feyi birlikte yapmaya bay\u0131lan iki iyi dost. Ancak son zamanlarda Laura\u2019n\u0131n garip davran\u0131\u015flar\u0131, Hazel\u2019i endi\u015felendirmeye ba\u015flar. \u00dcstelik yeni kom\u015fular, garip bir kedi<span class=\"excerpt-hellip\"> [\u2026]<\/span><\/p>\n","protected":false},"featured_media":0,"template":"","meta":{"_monsterinsights_skip_tracking":false,"_monsterinsights_sitenote_active":false,"_monsterinsights_sitenote_note":"","_monsterinsights_sitenote_category":0},"product_brand":[],"product_cat":[12274,12284],"product_tag":[],"class_list":{"0":"post-769840","1":"product","2":"type-product","3":"status-publish","5":"product_cat-cocuk-ve-genclik-kitaplari","6":"product_cat-hikayeler","7":"pa_cilt-ciltsiz","8":"pa_tur-kitap","9":"pa_yayinevi-genc-timas","10":"pa_yazar-anna-branford","12":"first","13":"instock","14":"sale","15":"shipping-taxable","16":"purchasable","17":"product-type-simple"},"_links":{"self":[{"href":"https:\/\/roveyayinevi.com.tr\/index.php\/wp-json\/wp\/v2\/product\/769840","targetHints":{"allow":["GET"]}}],"collection":[{"href":"https:\/\/roveyayinevi.com.tr\/index.php\/wp-json\/wp\/v2\/product"}],"about":[{"href":"https:\/\/roveyayinevi.com.tr\/index.php\/wp-json\/wp\/v2\/types\/product"}],"wp:attachment":[{"href":"https:\/\/roveyayinevi.com.tr\/index.php\/wp-json\/wp\/v2\/media?parent=769840"}],"wp:term":[{"taxonomy":"product_brand","embeddable":true,"href":"https:\/\/roveyayinevi.com.tr\/index.php\/wp-json\/wp\/v2\/product_brand?post=769840"},{"taxonomy":"product_cat","embeddable":true,"href":"https:\/\/roveyayinevi.com.tr\/index.php\/wp-json\/wp\/v2\/product_cat?post=769840"},{"taxonomy":"product_tag","embeddable":true,"href":"https:\/\/roveyayinevi.com.tr\/index.php\/wp-json\/wp\/v2\/product_tag?post=769840"}],"curies":[{"name":"wp","href":"https:\/\/api.w.org\/{rel}","templated":true}]}}