{"id":769839,"date":"2025-08-28T14:08:36","date_gmt":"2025-08-28T11:08:36","guid":{"rendered":"https:\/\/roveyayinevi.com.tr\/index.php\/urun\/aksemseddin-omur-boyu-ogrenci\/"},"modified":"2026-04-15T03:36:24","modified_gmt":"2026-04-15T00:36:24","slug":"aksemseddin-omur-boyu-ogrenci","status":"publish","type":"product","link":"https:\/\/roveyayinevi.com.tr\/index.php\/urun\/aksemseddin-omur-boyu-ogrenci\/","title":{"rendered":"Ak\u015femseddin &#8211; \u00d6m\u00fcr Boyu \u00d6\u011frenci"},"content":{"rendered":"<p>Osmanl\u0131 tarihinin en bilge ki\u015fisi, Fatih Sultan Mehmet\u2019in dan\u0131\u015fman\u0131 Ak\u015femseddin\u2019i yak\u0131ndan tan\u0131maya haz\u0131r m\u0131s\u0131n? Bu kitapta tarih derslerinde anlat\u0131lanlar\u0131n \u00e7ok \u00f6tesinde e\u011flenceli bilgilerle kar\u015f\u0131la\u015facaks\u0131n. \u015eifal\u0131 bitkiler pe\u015finde ormanda ko\u015fan, \u201cbakteri\u201d diye bir \u015feyin varl\u0131\u011f\u0131n\u0131 herkesten \u00f6nce bulan ve \u201c\u0130stanbul\u2019un Manevi Fatihi\u201d olarak tarihe ge\u00e7en bu bilge insan\u0131n hi\u00e7 bilmedi\u011fin y\u00f6nleri seni kahkahalara bo\u011facak! Onu hem kahramanl\u0131klar\u0131yla hem de e\u011flenceli halleriyle tan\u0131yacaks\u0131n! E\u011fer bilim, macera ve tarihle harmanlanm\u0131\u015f bir hik\u00e2yenin pe\u015findeysen, bu kitap tam sana g\u00f6re!  Haz\u0131r ol! Ak\u015femseddin seni e\u011flenceli bir tarih ve bilim yolculu\u011funa \u00e7\u0131karacak.<\/p>\n","protected":false},"excerpt":{"rendered":"<p>Osmanl\u0131 tarihinin en bilge ki\u015fisi, Fatih Sultan Mehmet\u2019in dan\u0131\u015fman\u0131 Ak\u015femseddin\u2019i yak\u0131ndan tan\u0131maya haz\u0131r m\u0131s\u0131n? Bu kitapta tarih derslerinde anlat\u0131lanlar\u0131n \u00e7ok \u00f6tesinde e\u011flenceli bilgilerle kar\u015f\u0131la\u015facaks\u0131n. \u015eifal\u0131 bitkiler<span class=\"excerpt-hellip\"> [\u2026]<\/span><\/p>\n","protected":false},"featured_media":0,"template":"","meta":{"_monsterinsights_skip_tracking":false,"_monsterinsights_sitenote_active":false,"_monsterinsights_sitenote_note":"","_monsterinsights_sitenote_category":0},"product_brand":[],"product_cat":[12274,15842],"product_tag":[],"class_list":{"0":"post-769839","1":"product","2":"type-product","3":"status-publish","5":"product_cat-cocuk-ve-genclik-kitaplari","6":"product_cat-egitici-kitaplar","7":"pa_cilt-ciltsiz","8":"pa_tur-kitap","9":"pa_yayinevi-eglenceli-bilgi-yayinlari","10":"pa_yazar-metin-ozdamarlar","12":"first","13":"instock","14":"sale","15":"shipping-taxable","16":"purchasable","17":"product-type-simple"},"_links":{"self":[{"href":"https:\/\/roveyayinevi.com.tr\/index.php\/wp-json\/wp\/v2\/product\/769839","targetHints":{"allow":["GET"]}}],"collection":[{"href":"https:\/\/roveyayinevi.com.tr\/index.php\/wp-json\/wp\/v2\/product"}],"about":[{"href":"https:\/\/roveyayinevi.com.tr\/index.php\/wp-json\/wp\/v2\/types\/product"}],"wp:attachment":[{"href":"https:\/\/roveyayinevi.com.tr\/index.php\/wp-json\/wp\/v2\/media?parent=769839"}],"wp:term":[{"taxonomy":"product_brand","embeddable":true,"href":"https:\/\/roveyayinevi.com.tr\/index.php\/wp-json\/wp\/v2\/product_brand?post=769839"},{"taxonomy":"product_cat","embeddable":true,"href":"https:\/\/roveyayinevi.com.tr\/index.php\/wp-json\/wp\/v2\/product_cat?post=769839"},{"taxonomy":"product_tag","embeddable":true,"href":"https:\/\/roveyayinevi.com.tr\/index.php\/wp-json\/wp\/v2\/product_tag?post=769839"}],"curies":[{"name":"wp","href":"https:\/\/api.w.org\/{rel}","templated":true}]}}