{"id":769838,"date":"2025-08-28T14:08:34","date_gmt":"2025-08-28T11:08:34","guid":{"rendered":"https:\/\/roveyayinevi.com.tr\/index.php\/urun\/var-oldugun-gun\/"},"modified":"2026-04-15T03:36:24","modified_gmt":"2026-04-15T00:36:24","slug":"var-oldugun-gun","status":"publish","type":"product","link":"https:\/\/roveyayinevi.com.tr\/index.php\/urun\/var-oldugun-gun\/","title":{"rendered":"Var Oldu\u011fun G\u00fcn"},"content":{"rendered":"<p>&#8220;Bedenlerimizi yitirip haf\u0131zam\u0131z\u0131 kaybetsek bile, hi\u00e7 \u015f\u00fcphesiz biz yine birbirimizi tan\u0131r\u0131z ve her seferinde yeniden \u00e2\u015f\u0131k oluruz.&#8221;Hyeon Ullim, s\u0131radan bir hayat s\u00fcrd\u00fc\u011f\u00fcn\u00fc d\u00fc\u015f\u00fcn\u00fcrken, d\u00fcnyas\u0131n\u0131n hi\u00e7 de \u00f6yle olmad\u0131\u011f\u0131n\u0131 fark eder: Yedili Beden Sistemi\u2019nde bir beden yedi ki\u015fiyle payla\u015f\u0131lmakta, haftan\u0131n yaln\u0131zca bir g\u00fcn\u00fcnde insanlar kendi bedenlerini kullanmaktad\u0131r. Di\u011fer g\u00fcnlerdeyse bilin\u00e7leri sanal d\u00fcnya Nakwon\u2019da ya\u015far ve b\u00f6yle bir sistemde Hyeon adaletin pe\u015fine d\u00fc\u015fer.Teknolojinin ve insan do\u011fas\u0131n\u0131n s\u0131n\u0131rlar\u0131n\u0131 zorlayan bu hik\u00e2yede her bedenda\u015f, farkl\u0131 bir ki\u015filik, farkl\u0131 bir ge\u00e7mi\u015f ve farkl\u0131 bir hik\u00e2ye demektir. Hyeon Ullim, bir yandan bu distopik sistemin etik ve ahlaki a\u00e7mazlar\u0131yla bo\u011fu\u015furken di\u011fer yandan insanl\u0131\u011f\u0131n sevgiyi, kimli\u011fi ve dayan\u0131\u015fmay\u0131 yeniden ke\u015ffetmesi gerekti\u011fi bir d\u00fcnyada kendi yolunu bulmaya \u00e7al\u0131\u015f\u0131r.Snowglobe\u2019un yazar\u0131 Soyoung Park\u2019tan sevginin bizi nas\u0131l kurtard\u0131\u011f\u0131na ve insan olman\u0131n \u00f6z\u00fcnde neyin yatt\u0131\u011f\u0131na dair heyecan dolu bir roman\u2026\u201c\u0130klim felaketi kar\u015f\u0131s\u0131nda insanl\u0131k ne hale gelecek? D\u00fcnyay\u0131 de\u011fi\u015ftirmenin bedelini er ya da ge\u00e7 \u00f6deyece\u011fiz. Benim tamamen &#8216;kendim&#8217; olarak var olamayaca\u011f\u0131m bu tuhaf gelecek, bug\u00fcn\u00fcn ger\u00e7ekli\u011fiyle benzerlik ta\u015f\u0131yor. Ancak biz nas\u0131l ki bu \u00e7a\u011f\u0131n y\u00fck\u00fcn\u00fc &#8216;sen ve ben&#8217; olarak birlikte ta\u015f\u0131yorsak, gelecek nas\u0131l olursa olsun birlikte dayanabilece\u011fimiz umudunu bu roman sayesinde i\u00e7imde yeniden ye\u015fertiyorum.\u201d \u2014Cheon Seon-ran, Dokuz\u2019un yazar\u0131<\/p>\n","protected":false},"excerpt":{"rendered":"<p>&#8220;Bedenlerimizi yitirip haf\u0131zam\u0131z\u0131 kaybetsek bile, hi\u00e7 \u015f\u00fcphesiz biz yine birbirimizi tan\u0131r\u0131z ve her seferinde yeniden \u00e2\u015f\u0131k oluruz.&#8221;Hyeon Ullim, s\u0131radan bir hayat s\u00fcrd\u00fc\u011f\u00fcn\u00fc d\u00fc\u015f\u00fcn\u00fcrken, d\u00fcnyas\u0131n\u0131n hi\u00e7 de<span class=\"excerpt-hellip\"> [\u2026]<\/span><\/p>\n","protected":false},"featured_media":0,"template":"","meta":{"_monsterinsights_skip_tracking":false,"_monsterinsights_sitenote_active":false,"_monsterinsights_sitenote_note":"","_monsterinsights_sitenote_category":0},"product_brand":[],"product_cat":[12540,12291],"product_tag":[],"class_list":{"0":"post-769838","1":"product","2":"type-product","3":"status-publish","5":"product_cat-bilim-kurgu","6":"product_cat-edebiyat","7":"pa_cilt-ciltsiz","8":"pa_tur-kitap","9":"pa_yayinevi-yuzu-kitap","10":"pa_yazar-soyoung-park","12":"first","13":"instock","14":"sale","15":"shipping-taxable","16":"purchasable","17":"product-type-simple"},"_links":{"self":[{"href":"https:\/\/roveyayinevi.com.tr\/index.php\/wp-json\/wp\/v2\/product\/769838","targetHints":{"allow":["GET"]}}],"collection":[{"href":"https:\/\/roveyayinevi.com.tr\/index.php\/wp-json\/wp\/v2\/product"}],"about":[{"href":"https:\/\/roveyayinevi.com.tr\/index.php\/wp-json\/wp\/v2\/types\/product"}],"wp:attachment":[{"href":"https:\/\/roveyayinevi.com.tr\/index.php\/wp-json\/wp\/v2\/media?parent=769838"}],"wp:term":[{"taxonomy":"product_brand","embeddable":true,"href":"https:\/\/roveyayinevi.com.tr\/index.php\/wp-json\/wp\/v2\/product_brand?post=769838"},{"taxonomy":"product_cat","embeddable":true,"href":"https:\/\/roveyayinevi.com.tr\/index.php\/wp-json\/wp\/v2\/product_cat?post=769838"},{"taxonomy":"product_tag","embeddable":true,"href":"https:\/\/roveyayinevi.com.tr\/index.php\/wp-json\/wp\/v2\/product_tag?post=769838"}],"curies":[{"name":"wp","href":"https:\/\/api.w.org\/{rel}","templated":true}]}}