{"id":769832,"date":"2025-08-28T14:08:21","date_gmt":"2025-08-28T11:08:21","guid":{"rendered":"https:\/\/roveyayinevi.com.tr\/index.php\/urun\/mavi-kitap-2\/"},"modified":"2026-04-15T03:36:24","modified_gmt":"2026-04-15T00:36:24","slug":"mavi-kitap-2","status":"publish","type":"product","link":"https:\/\/roveyayinevi.com.tr\/index.php\/urun\/mavi-kitap-2\/","title":{"rendered":"Mavi Kitap"},"content":{"rendered":"<p>Bu masmavi bir kitap, neredeyse kare \u015feklinde, bir krepten daha kal\u0131n ama bir dilim kekten daha ince. Rafael annesinin omzunun \u00fczerinden kitaba bak\u0131yor ve hep ayn\u0131 hik\u00e2yeyi dinlemek istiyor.   Kitaplar\u0131 b\u00fct\u00fcn d\u00fcnyada \u00e7ok sevilen Timoth\u00e9e de Fombelle\u2019in yal\u0131n ve etkileyici kaleminden hik\u00e2yelerin g\u00fcc\u00fcne dair s\u0131ms\u0131cak bir hik\u00e2ye&#8230; <\/p>\n","protected":false},"excerpt":{"rendered":"<p>Bu masmavi bir kitap, neredeyse kare \u015feklinde, bir krepten daha kal\u0131n ama bir dilim kekten daha ince. Rafael annesinin omzunun \u00fczerinden kitaba bak\u0131yor ve hep ayn\u0131<span class=\"excerpt-hellip\"> [\u2026]<\/span><\/p>\n","protected":false},"featured_media":0,"template":"","meta":{"_monsterinsights_skip_tracking":false,"_monsterinsights_sitenote_active":false,"_monsterinsights_sitenote_note":"","_monsterinsights_sitenote_category":0},"product_brand":[],"product_cat":[12274,12518],"product_tag":[],"class_list":{"0":"post-769832","1":"product","2":"type-product","3":"status-publish","5":"product_cat-cocuk-ve-genclik-kitaplari","6":"product_cat-okul-oncesi-kitaplar","7":"pa_cilt-ciltsiz","8":"pa_tur-kitap","9":"pa_yayinevi-yapi-kredi-yayinlari","10":"pa_yazar-timothee-de-fombelle","12":"first","13":"instock","14":"sale","15":"shipping-taxable","16":"purchasable","17":"product-type-simple"},"_links":{"self":[{"href":"https:\/\/roveyayinevi.com.tr\/index.php\/wp-json\/wp\/v2\/product\/769832","targetHints":{"allow":["GET"]}}],"collection":[{"href":"https:\/\/roveyayinevi.com.tr\/index.php\/wp-json\/wp\/v2\/product"}],"about":[{"href":"https:\/\/roveyayinevi.com.tr\/index.php\/wp-json\/wp\/v2\/types\/product"}],"wp:attachment":[{"href":"https:\/\/roveyayinevi.com.tr\/index.php\/wp-json\/wp\/v2\/media?parent=769832"}],"wp:term":[{"taxonomy":"product_brand","embeddable":true,"href":"https:\/\/roveyayinevi.com.tr\/index.php\/wp-json\/wp\/v2\/product_brand?post=769832"},{"taxonomy":"product_cat","embeddable":true,"href":"https:\/\/roveyayinevi.com.tr\/index.php\/wp-json\/wp\/v2\/product_cat?post=769832"},{"taxonomy":"product_tag","embeddable":true,"href":"https:\/\/roveyayinevi.com.tr\/index.php\/wp-json\/wp\/v2\/product_tag?post=769832"}],"curies":[{"name":"wp","href":"https:\/\/api.w.org\/{rel}","templated":true}]}}