{"id":769831,"date":"2025-08-28T14:08:18","date_gmt":"2025-08-28T11:08:18","guid":{"rendered":"https:\/\/roveyayinevi.com.tr\/index.php\/urun\/gocebe-3\/"},"modified":"2026-04-15T03:36:24","modified_gmt":"2026-04-15T00:36:24","slug":"gocebe-3","status":"publish","type":"product","link":"https:\/\/roveyayinevi.com.tr\/index.php\/urun\/gocebe-3\/","title":{"rendered":"G\u00f6\u00e7ebe"},"content":{"rendered":"<p>Beh\u00e7et Necatigil, Knut Hamsun\u2019dan \u00e7evirdi\u011fi G\u00f6\u00e7ebe roman\u0131n\u0131 1973\u2019te radyoya uyarlam\u0131\u015ft\u0131. Ar\u015fivinde daktilo edilmi\u015f sayfalar halinde bulunan oyun ilk kez kitapla\u015f\u0131yor. Hamsun\u2019un Sonbahar Y\u0131ld\u0131zlar\u0131 Alt\u0131nda, H\u00fcz\u00fcnl\u00fc Havalar ve Son Mutluluk adl\u0131 romanlar\u0131ndan olu\u015fan G\u00f6\u00e7ebe \u00fc\u00e7lemesini Necatigil \u015f\u00f6yle anlat\u0131yor: \u00dc\u00e7 b\u00f6l\u00fcm\u00fcn \u00fc\u00e7 ayr\u0131 ad\u0131 var, ama asl\u0131nda \u00fc\u00e7 b\u00f6l\u00fcm\u00fcn \u00fc\u00e7\u00fc de birer \u201c h\u00fcz\u00fcnl\u00fc hava\u201dd\u0131r; \u00fc\u00e7\u00fcn\u00fcn de kahraman\u0131 ayn\u0131 ki\u015fi. Hamsun\u2019un as\u0131l ad\u0131 olan Knud Pedersen\u2019in a\u011fz\u0131ndan anlat\u0131l\u0131r olaylar. Art\u0131k b\u00fcy\u00fck \u015fehirlerden bezmi\u015f, i\u00e7 s\u0131k\u0131nt\u0131lar\u0131n\u0131 k\u0131rlarda, ormanlarda, \u015fehirlerden uzak yerlerde da\u011f\u0131tmaya \u00e7al\u0131\u015fan, kay\u0131p gen\u00e7li\u011fi pe\u015finde avare, orta ya\u015fl\u0131 bir h\u00fclya adam\u0131d\u0131r kahraman. \u015eehir g\u00fcr\u00fclt\u00fc ve uygarl\u0131\u011f\u0131ndan ka\u00e7arak tabiat\u0131n ba\u011fr\u0131nda, y\u0131ld\u0131zlar\u0131n alt\u0131nda ruhuna s\u00fck\u00fbn ve \u015fifa arayan, kan\u0131n\u0131n \u00e7a\u011f\u0131lt\u0131s\u0131n\u0131 k\u0131rlar\u0131n solu\u011funda yat\u0131\u015ft\u0131rmak isteyen, \u015fair ruhlu birisi. \u0130stanbul Radyosu\u2019nda 12 b\u00f6l\u00fcm halinde 24 Eyl\u00fcl6 Ekim 1973 tarihleri aras\u0131nda yay\u0131mlanan oyunun rejisi Kemal Bekir\u2019e, efektleri Korkmaz \u00c7akar\u2019a aitti. Seslendiren sanat\u00e7\u0131lardan baz\u0131lar\u0131 ise Do\u011fan Bavli, Pekcan Ko\u015far, T\u00fcrker Tekin, \u015eener \u015een, Alev G\u00fcrzap, Sadettin Erbil, Hikmet K\u00f6rm\u00fck\u00e7\u00fc, Sava\u015f Din\u00e7el, Ani \u0130pekkaya, Erdo\u011fan Gemicio\u011flu\u2019ydu <\/p>\n","protected":false},"excerpt":{"rendered":"<p>Beh\u00e7et Necatigil, Knut Hamsun\u2019dan \u00e7evirdi\u011fi G\u00f6\u00e7ebe roman\u0131n\u0131 1973\u2019te radyoya uyarlam\u0131\u015ft\u0131. Ar\u015fivinde daktilo edilmi\u015f sayfalar halinde bulunan oyun ilk kez kitapla\u015f\u0131yor. Hamsun\u2019un Sonbahar Y\u0131ld\u0131zlar\u0131 Alt\u0131nda, H\u00fcz\u00fcnl\u00fc Havalar<span class=\"excerpt-hellip\"> [\u2026]<\/span><\/p>\n","protected":false},"featured_media":0,"template":"","meta":{"_monsterinsights_skip_tracking":false,"_monsterinsights_sitenote_active":false,"_monsterinsights_sitenote_note":"","_monsterinsights_sitenote_category":0},"product_brand":[],"product_cat":[12291,12332],"product_tag":[],"class_list":{"0":"post-769831","1":"product","2":"type-product","3":"status-publish","5":"product_cat-edebiyat","6":"product_cat-senaryo","7":"pa_cilt-ciltsiz","8":"pa_tur-kitap","9":"pa_yayinevi-yapi-kredi-yayinlari","10":"pa_yazar-knut-hamsun","12":"first","13":"instock","14":"sale","15":"shipping-taxable","16":"purchasable","17":"product-type-simple"},"_links":{"self":[{"href":"https:\/\/roveyayinevi.com.tr\/index.php\/wp-json\/wp\/v2\/product\/769831","targetHints":{"allow":["GET"]}}],"collection":[{"href":"https:\/\/roveyayinevi.com.tr\/index.php\/wp-json\/wp\/v2\/product"}],"about":[{"href":"https:\/\/roveyayinevi.com.tr\/index.php\/wp-json\/wp\/v2\/types\/product"}],"wp:attachment":[{"href":"https:\/\/roveyayinevi.com.tr\/index.php\/wp-json\/wp\/v2\/media?parent=769831"}],"wp:term":[{"taxonomy":"product_brand","embeddable":true,"href":"https:\/\/roveyayinevi.com.tr\/index.php\/wp-json\/wp\/v2\/product_brand?post=769831"},{"taxonomy":"product_cat","embeddable":true,"href":"https:\/\/roveyayinevi.com.tr\/index.php\/wp-json\/wp\/v2\/product_cat?post=769831"},{"taxonomy":"product_tag","embeddable":true,"href":"https:\/\/roveyayinevi.com.tr\/index.php\/wp-json\/wp\/v2\/product_tag?post=769831"}],"curies":[{"name":"wp","href":"https:\/\/api.w.org\/{rel}","templated":true}]}}