{"id":769828,"date":"2025-08-28T14:08:05","date_gmt":"2025-08-28T11:08:05","guid":{"rendered":"https:\/\/roveyayinevi.com.tr\/index.php\/urun\/disiligin-vahsi-yonu\/"},"modified":"2026-04-15T03:36:24","modified_gmt":"2026-04-15T00:36:24","slug":"disiligin-vahsi-yonu","status":"publish","type":"product","link":"https:\/\/roveyayinevi.com.tr\/index.php\/urun\/disiligin-vahsi-yonu\/","title":{"rendered":"Di\u015fili\u011fin Vah\u015fi Y\u00f6n\u00fc"},"content":{"rendered":"<p>Santa Muerte, Baba Yaga, K\u0101l\u012b ve Pombagira vah\u015fi di\u015fili\u011fi temsil eden tanr\u0131\u00e7alard\u0131r. Bu d\u00f6rt fig\u00fcr g\u00fc\u00e7l\u00fc bir \u015fekilde marjinallik, belirsizlik, kutsal g\u00fc\u00e7ler, d\u00f6n\u00fc\u015f\u00fcm ve maddenin de\u011fi\u015fimi, ya\u015famdan \u00f6l\u00fcme ge\u00e7i\u015f ve tersine d\u00f6n\u00fc\u015f ile ili\u015fkilidir. \u00d6l\u00fcm\u00fcn sembolleri olan kan, i\u00e7 organlar, kemikler ve kafataslar\u0131 ile ya da Santa Muerte \u00f6rne\u011finde oldu\u011fu gibi bir iskelet olarak tasvir edilirler. Baba Yaga, ya\u015fam ile \u00f6l\u00fcm aras\u0131ndaki e\u015fikte duran ve bu ge\u00e7i\u015fte insanlara yard\u0131mc\u0131 olan \u015feytanla\u015ft\u0131r\u0131lm\u0131\u015f, eski bir tanr\u0131\u00e7ad\u0131r. K\u0101l\u012b, \u015feytanlara kar\u015f\u0131 verdi\u011fi sava\u015flarda galip gelen g\u00fc\u00e7l\u00fc bir sava\u015f\u00e7\u0131, Pombagira, mezarl\u0131klar\u0131n han\u0131m\u0131, Santa Muerte ise \u00f6l\u00fcm\u00fcn kendisidir. Bu fig\u00fcrler kendi k\u00fclt\u00fcrlerinde, farkl\u0131 mekanlarda ortaya \u00e7\u0131karlar: Baba Yaga, e\u015fiksellik ve \u00f6teki d\u00fcnyaya ge\u00e7i\u015fi sembolize eden, derin bir ormanda yer alan bir kul\u00fcbe ve ate\u015ften bir nehrin \u00fczerindeki bir k\u00f6pr\u00fcde, K\u0101l\u012b sava\u015f alanlar\u0131 ve \u00f6l\u00fc yakma yerlerinde; Pombagira kav\u015faklar ve mezarl\u0131klarda; Santa Muerte ise, toplumun ana ak\u0131m\u0131n\u0131n d\u0131\u015f\u0131nda kalan ve ge\u00e7i\u015flerle ili\u015fkilendirilen mekanlar\u0131nda g\u00f6r\u00fcl\u00fcr. Genellikle hem \u015fehrin d\u0131\u015f b\u00f6lgeleri hem de g\u00fcn ile gece aras\u0131ndaki ge\u00e7i\u015fle ili\u015fkilendirilen bu fig\u00fcrlerin e\u015fikselli\u011fi mek\u00e2nsal ve zamansald\u0131r. Bu durum \u00f6zellikle de Latin Amerika&#8217;da, bu tanr\u0131\u00e7alara inanan b\u00fcy\u00fck gruplar\u0131n sosyal olarak marjinalle\u015fmesini yans\u0131tmaktad\u0131r. Ayr\u0131ca hem kan hem de yenilenme ile ba\u011flant\u0131l\u0131 olan tanr\u0131\u00e7a k\u00fcltlerine kimi zaman da kanl\u0131 kurbanlar sunulmas\u0131 gerekmektedir.<\/p>\n","protected":false},"excerpt":{"rendered":"<p>Santa Muerte, Baba Yaga, K\u0101l\u012b ve Pombagira vah\u015fi di\u015fili\u011fi temsil eden tanr\u0131\u00e7alard\u0131r. Bu d\u00f6rt fig\u00fcr g\u00fc\u00e7l\u00fc bir \u015fekilde marjinallik, belirsizlik, kutsal g\u00fc\u00e7ler, d\u00f6n\u00fc\u015f\u00fcm ve maddenin de\u011fi\u015fimi,<span class=\"excerpt-hellip\"> [\u2026]<\/span><\/p>\n","protected":false},"featured_media":0,"template":"","meta":{"_monsterinsights_skip_tracking":false,"_monsterinsights_sitenote_active":false,"_monsterinsights_sitenote_note":"","_monsterinsights_sitenote_category":0},"product_brand":[],"product_cat":[15499,13488],"product_tag":[],"class_list":{"0":"post-769828","1":"product","2":"type-product","3":"status-publish","5":"product_cat-antropoloji","6":"product_cat-toplum-ve-insan","7":"pa_cilt-ciltsiz","8":"pa_tur-kitap","9":"pa_yayinevi-ganesa-yayinevi","10":"pa_yazar-malgorzata-oleszkiewicz-peralba","12":"first","13":"instock","14":"sale","15":"shipping-taxable","16":"purchasable","17":"product-type-simple"},"_links":{"self":[{"href":"https:\/\/roveyayinevi.com.tr\/index.php\/wp-json\/wp\/v2\/product\/769828","targetHints":{"allow":["GET"]}}],"collection":[{"href":"https:\/\/roveyayinevi.com.tr\/index.php\/wp-json\/wp\/v2\/product"}],"about":[{"href":"https:\/\/roveyayinevi.com.tr\/index.php\/wp-json\/wp\/v2\/types\/product"}],"wp:attachment":[{"href":"https:\/\/roveyayinevi.com.tr\/index.php\/wp-json\/wp\/v2\/media?parent=769828"}],"wp:term":[{"taxonomy":"product_brand","embeddable":true,"href":"https:\/\/roveyayinevi.com.tr\/index.php\/wp-json\/wp\/v2\/product_brand?post=769828"},{"taxonomy":"product_cat","embeddable":true,"href":"https:\/\/roveyayinevi.com.tr\/index.php\/wp-json\/wp\/v2\/product_cat?post=769828"},{"taxonomy":"product_tag","embeddable":true,"href":"https:\/\/roveyayinevi.com.tr\/index.php\/wp-json\/wp\/v2\/product_tag?post=769828"}],"curies":[{"name":"wp","href":"https:\/\/api.w.org\/{rel}","templated":true}]}}