{"id":769827,"date":"2025-08-28T14:08:03","date_gmt":"2025-08-28T11:08:03","guid":{"rendered":"https:\/\/roveyayinevi.com.tr\/index.php\/urun\/roma-ve-bizans-doneminde-adramytteion\/"},"modified":"2026-04-15T03:36:24","modified_gmt":"2026-04-15T00:36:24","slug":"roma-ve-bizans-doneminde-adramytteion","status":"publish","type":"product","link":"https:\/\/roveyayinevi.com.tr\/index.php\/urun\/roma-ve-bizans-doneminde-adramytteion\/","title":{"rendered":"Roma ve Bizans D\u00f6neminde Adramytteion"},"content":{"rendered":"<p>Adramys\u2019\u0131n yurdu ad\u0131yla Antik \u00c7a\u011f\u2019da kurulan Edremit tarih boyunca Bat\u0131 Anadolu\u2019nun g\u00fczide yerle\u015fim yerlerinden biri olmu\u015ftur. E\u015fsiz co\u011frafi konumu, iklimi, verimli arazisi ve liman\u0131yla her daim geli\u015fmi\u015f medeniyetlere ev sahipli\u011fi yapan Edremit, Kuzey Ege\u2019de \u00f6zellikle ticari, askeri ve siyasi bak\u0131mlardan \u00f6nemli bir merkezdir. Eski\u00e7a\u011f ve Orta\u00e7a\u011f i\u00e7in medeniyetin geli\u015fmi\u015f \u00f6l\u00e7\u00fctlerinden olan zeytincilik ve denizcilikteki \u00f6nemi a\u015fik\u00e2r olan Edremit, mimarisi, tap\u0131naklar\u0131 ve \u00f6ren yerleriyle dikkat \u00e7ekici k\u00fclt\u00fcr ve medeniyet yuvas\u0131d\u0131r. Mustafa Karaca, Roma ve Bizans D\u00f6neminde Edremit (Adramytteion) Y\u00f6resi Tarihi\u2019nin genel tarih okuyucular\u0131n\u0131n yan\u0131 s\u0131ra yerel tarih merakl\u0131lar\u0131na ve Edremit sevdal\u0131lar\u0131na \u00f6nemli kazan\u0131mlar sa\u011flayaca\u011f\u0131n\u0131 umuyoruz. Yetkinli\u011fi ve donan\u0131m\u0131yla Mustafa Karaca\u2019n\u0131n kurulu\u015fundan g\u00fcn\u00fcm\u00fcze bir Edremit tarihi yazmas\u0131 \u015f\u00fcphesiz hem b\u00f6lge ara\u015ft\u0131rmalar\u0131 i\u00e7in hem de genel tarih i\u00e7in \u00f6nemli bir sorumluluk olacakt\u0131r. <\/p>\n","protected":false},"excerpt":{"rendered":"<p>Adramys\u2019\u0131n yurdu ad\u0131yla Antik \u00c7a\u011f\u2019da kurulan Edremit tarih boyunca Bat\u0131 Anadolu\u2019nun g\u00fczide yerle\u015fim yerlerinden biri olmu\u015ftur. E\u015fsiz co\u011frafi konumu, iklimi, verimli arazisi ve liman\u0131yla her daim<span class=\"excerpt-hellip\"> [\u2026]<\/span><\/p>\n","protected":false},"featured_media":0,"template":"","meta":{"_monsterinsights_skip_tracking":false,"_monsterinsights_sitenote_active":false,"_monsterinsights_sitenote_note":"","_monsterinsights_sitenote_category":0},"product_brand":[],"product_cat":[52477,52478],"product_tag":[],"class_list":{"0":"post-769827","1":"product","2":"type-product","3":"status-publish","5":"product_cat-arastirma","6":"product_cat-arkeoloji","7":"pa_cilt-ciltsiz","8":"pa_tur-kitap","9":"pa_yayinevi-myrina-yayinlari","10":"pa_yazar-mustafa-karaca","12":"first","13":"instock","14":"sale","15":"shipping-taxable","16":"purchasable","17":"product-type-simple"},"_links":{"self":[{"href":"https:\/\/roveyayinevi.com.tr\/index.php\/wp-json\/wp\/v2\/product\/769827","targetHints":{"allow":["GET"]}}],"collection":[{"href":"https:\/\/roveyayinevi.com.tr\/index.php\/wp-json\/wp\/v2\/product"}],"about":[{"href":"https:\/\/roveyayinevi.com.tr\/index.php\/wp-json\/wp\/v2\/types\/product"}],"wp:attachment":[{"href":"https:\/\/roveyayinevi.com.tr\/index.php\/wp-json\/wp\/v2\/media?parent=769827"}],"wp:term":[{"taxonomy":"product_brand","embeddable":true,"href":"https:\/\/roveyayinevi.com.tr\/index.php\/wp-json\/wp\/v2\/product_brand?post=769827"},{"taxonomy":"product_cat","embeddable":true,"href":"https:\/\/roveyayinevi.com.tr\/index.php\/wp-json\/wp\/v2\/product_cat?post=769827"},{"taxonomy":"product_tag","embeddable":true,"href":"https:\/\/roveyayinevi.com.tr\/index.php\/wp-json\/wp\/v2\/product_tag?post=769827"}],"curies":[{"name":"wp","href":"https:\/\/api.w.org\/{rel}","templated":true}]}}