{"id":769825,"date":"2025-08-28T14:08:00","date_gmt":"2025-08-28T11:08:00","guid":{"rendered":"https:\/\/roveyayinevi.com.tr\/index.php\/urun\/endi-ve-arkadaslari-endiseyi-yenmenin-yollari\/"},"modified":"2026-04-15T03:36:24","modified_gmt":"2026-04-15T00:36:24","slug":"endi-ve-arkadaslari-endiseyi-yenmenin-yollari","status":"publish","type":"product","link":"https:\/\/roveyayinevi.com.tr\/index.php\/urun\/endi-ve-arkadaslari-endiseyi-yenmenin-yollari\/","title":{"rendered":"Endi ve Arkada\u015flar\u0131 &#8211; Endi\u015feyi Yenmenin Yollar\u0131"},"content":{"rendered":"<p>Sen de s\u0131k s\u0131k endi\u015feleniyor musun? O zaman bu kitap tam sana g\u00f6re! Endi ve Arkada\u015flar\u0131&#8217;n\u0131 okuyarak endi\u015fenin ne oldu\u011funu, nas\u0131l ortaya \u00e7\u0131kt\u0131\u011f\u0131n\u0131 ve endi\u015feyi yenmek i\u00e7in neler yapabilece\u011fini \u00f6\u011frenebilirsin. Sana bol e\u011flenceler! <\/p>\n","protected":false},"excerpt":{"rendered":"<p>Sen de s\u0131k s\u0131k endi\u015feleniyor musun? O zaman bu kitap tam sana g\u00f6re! Endi ve Arkada\u015flar\u0131&#8217;n\u0131 okuyarak endi\u015fenin ne oldu\u011funu, nas\u0131l ortaya \u00e7\u0131kt\u0131\u011f\u0131n\u0131 ve endi\u015feyi yenmek<span class=\"excerpt-hellip\"> [\u2026]<\/span><\/p>\n","protected":false},"featured_media":0,"template":"","meta":{"_monsterinsights_skip_tracking":false,"_monsterinsights_sitenote_active":false,"_monsterinsights_sitenote_note":"","_monsterinsights_sitenote_category":0},"product_brand":[],"product_cat":[12679,12357],"product_tag":[],"class_list":{"0":"post-769825","1":"product","2":"type-product","3":"status-publish","5":"product_cat-cocuk-psikolojisi","6":"product_cat-psikoloji","7":"pa_cilt-ciltsiz","8":"pa_tur-kitap","9":"pa_yayinevi-kok-yayinevi","10":"pa_yazar-zeynep-bassa","12":"first","13":"instock","14":"sale","15":"shipping-taxable","16":"purchasable","17":"product-type-simple"},"_links":{"self":[{"href":"https:\/\/roveyayinevi.com.tr\/index.php\/wp-json\/wp\/v2\/product\/769825","targetHints":{"allow":["GET"]}}],"collection":[{"href":"https:\/\/roveyayinevi.com.tr\/index.php\/wp-json\/wp\/v2\/product"}],"about":[{"href":"https:\/\/roveyayinevi.com.tr\/index.php\/wp-json\/wp\/v2\/types\/product"}],"wp:attachment":[{"href":"https:\/\/roveyayinevi.com.tr\/index.php\/wp-json\/wp\/v2\/media?parent=769825"}],"wp:term":[{"taxonomy":"product_brand","embeddable":true,"href":"https:\/\/roveyayinevi.com.tr\/index.php\/wp-json\/wp\/v2\/product_brand?post=769825"},{"taxonomy":"product_cat","embeddable":true,"href":"https:\/\/roveyayinevi.com.tr\/index.php\/wp-json\/wp\/v2\/product_cat?post=769825"},{"taxonomy":"product_tag","embeddable":true,"href":"https:\/\/roveyayinevi.com.tr\/index.php\/wp-json\/wp\/v2\/product_tag?post=769825"}],"curies":[{"name":"wp","href":"https:\/\/api.w.org\/{rel}","templated":true}]}}