{"id":769824,"date":"2025-08-28T14:07:59","date_gmt":"2025-08-28T11:07:59","guid":{"rendered":"https:\/\/roveyayinevi.com.tr\/index.php\/urun\/kirk-hadis-serhi\/"},"modified":"2026-04-15T03:36:23","modified_gmt":"2026-04-15T00:36:23","slug":"kirk-hadis-serhi","status":"publish","type":"product","link":"https:\/\/roveyayinevi.com.tr\/index.php\/urun\/kirk-hadis-serhi\/","title":{"rendered":"K\u0131rk Hadis \u015eerhi"},"content":{"rendered":"<p>Hz. Peygamber\u2019e iman, b\u00fct\u00fcn m\u00fcminler i\u00e7in iman\u0131n kurucu bir ilkesi olarak kabul edilmektedir. Onun s\u00f6zlerini ve fiillerini anlamak ise din\u00ee hayat\u0131n istikametini belirler. Ba\u015f\u0131ndan beri d\u00fc\u015f\u00fcn\u00fcrler, Hz. Peygamber ile hayat, nebev\u00ee bilgi ile varl\u0131k aras\u0131ndaki ili\u015fkileri kurmaya gayret etmi\u015f, Hz. Peygamber\u2019in had\u00ees-i \u015feriflerini yorumlayarak hayat\u0131 ona do\u011fru y\u00f6nelerek anlamak istemi\u015flerdir. Bu bak\u0131mdan onlar i\u00e7in Allah maksat, Hz. Peygamber ise yol ve y\u00f6ntem olarak kabul edilmi\u015ftir. Bu itibarla Hz. Peygamber en iyi \u00f6rnek, en ger\u00e7ek rehber, metafizik\u00e7iler i\u00e7in ayr\u0131ca kesin bilginin delili olarak g\u00f6r\u00fclm\u00fc\u015ft\u00fcr. Bu ama\u00e7la onun had\u00ees-i \u015ferifleri aras\u0131nda en yayg\u0131n olan\u0131 k\u00fc\u00e7\u00fck derlemeler olmu\u015f, k\u0131rk had\u00ees-i \u015ferifler ise en \u00e7ok bilinen derleme grubunu te\u015fkil etmi\u015ftir. \u0130sl\u00e2m d\u00fc\u015f\u00fcnce gelene\u011finin en \u00f6nemli metafizik\u00e7i d\u00fc\u015f\u00fcn\u00fcrlerinden birisi olan Sadreddin Konev\u00ee (\u00f6. 673\/1274) ise bu derlemesini metafizik\u00e7i bir g\u00f6zle yorumlayarak Hz. Peygamber\u2019in had\u00ees-i \u015feriflerindeki anlam derinli\u011fini ke\u015ffetmekte, bu eserde Hz. Peygamber ile zaman \u00fcst\u00fc ve mekan d\u0131\u015f\u0131 bir ili\u015fki kurman\u0131n yollar\u0131n\u0131 g\u00f6stermektedir. Fikriyat b\u00fcy\u00fck metafizik\u00e7inin elinizdeki eserini yay\u0131nlam\u0131\u015f olmakla modern d\u00fcnyan\u0131n sorunlar\u0131na yeni bir bak\u0131\u015f a\u00e7\u0131s\u0131n\u0131 hat\u0131rlatma i\u015fini yerine getirmi\u015f olacakt\u0131r. <\/p>\n","protected":false},"excerpt":{"rendered":"<p>Hz. Peygamber\u2019e iman, b\u00fct\u00fcn m\u00fcminler i\u00e7in iman\u0131n kurucu bir ilkesi olarak kabul edilmektedir. Onun s\u00f6zlerini ve fiillerini anlamak ise din\u00ee hayat\u0131n istikametini belirler. Ba\u015f\u0131ndan beri d\u00fc\u015f\u00fcn\u00fcrler,<span class=\"excerpt-hellip\"> [\u2026]<\/span><\/p>\n","protected":false},"featured_media":0,"template":"","meta":{"_monsterinsights_skip_tracking":false,"_monsterinsights_sitenote_active":false,"_monsterinsights_sitenote_note":"","_monsterinsights_sitenote_category":0},"product_brand":[],"product_cat":[12718,12719],"product_tag":[],"class_list":{"0":"post-769824","1":"product","2":"type-product","3":"status-publish","5":"product_cat-din","6":"product_cat-islam","7":"pa_cilt-ciltsiz","8":"pa_tur-kitap","9":"pa_yayinevi-fikriyat-yayinlari","10":"pa_yazar-sadreddin-konevi","12":"first","13":"instock","14":"sale","15":"shipping-taxable","16":"purchasable","17":"product-type-simple"},"_links":{"self":[{"href":"https:\/\/roveyayinevi.com.tr\/index.php\/wp-json\/wp\/v2\/product\/769824","targetHints":{"allow":["GET"]}}],"collection":[{"href":"https:\/\/roveyayinevi.com.tr\/index.php\/wp-json\/wp\/v2\/product"}],"about":[{"href":"https:\/\/roveyayinevi.com.tr\/index.php\/wp-json\/wp\/v2\/types\/product"}],"wp:attachment":[{"href":"https:\/\/roveyayinevi.com.tr\/index.php\/wp-json\/wp\/v2\/media?parent=769824"}],"wp:term":[{"taxonomy":"product_brand","embeddable":true,"href":"https:\/\/roveyayinevi.com.tr\/index.php\/wp-json\/wp\/v2\/product_brand?post=769824"},{"taxonomy":"product_cat","embeddable":true,"href":"https:\/\/roveyayinevi.com.tr\/index.php\/wp-json\/wp\/v2\/product_cat?post=769824"},{"taxonomy":"product_tag","embeddable":true,"href":"https:\/\/roveyayinevi.com.tr\/index.php\/wp-json\/wp\/v2\/product_tag?post=769824"}],"curies":[{"name":"wp","href":"https:\/\/api.w.org\/{rel}","templated":true}]}}