{"id":769822,"date":"2025-08-28T14:07:56","date_gmt":"2025-08-28T11:07:56","guid":{"rendered":"https:\/\/roveyayinevi.com.tr\/index.php\/urun\/ibadet-ozgurluktur-bir-ibadet-metafizigine-dogru\/"},"modified":"2026-04-15T03:36:23","modified_gmt":"2026-04-15T00:36:23","slug":"ibadet-ozgurluktur-bir-ibadet-metafizigine-dogru","status":"publish","type":"product","link":"https:\/\/roveyayinevi.com.tr\/index.php\/urun\/ibadet-ozgurluktur-bir-ibadet-metafizigine-dogru\/","title":{"rendered":"\u0130badet \u00d6zg\u00fcrl\u00fckt\u00fcr \u2013 Bir \u0130badet Metafizi\u011fine Do\u011fru"},"content":{"rendered":"<p>G\u00fcnl\u00fck hayat\u0131n yo\u011funlu\u011funu bir yana b\u0131rak\u0131p \u201cNi\u00e7in var\u0131z?\u201d ve \u201cNereden geldik, nereye gidiyoruz?\u201d minvalindeki sorular\u0131 akl\u0131na getirmeyen kimse var m\u0131d\u0131r? Her insan \u015fu veya bu \u00f6l\u00e7\u00fcde b\u00f6yle sorular\u0131 kendine sorar, kesin cevaplara ula\u015famam\u0131\u015f olsa da aramaktan vazge\u00e7mez. Bu sorularla ya\u015famak, bu sorular\u0131n pe\u015finden bir \u00f6m\u00fcr ko\u015fmak insan olman\u0131n gere\u011fidir. \u201cBelki de cevap bulanlar vard\u0131r\u201d umuduyla ya\u015farken sorulara yenilerini ekleriz. \u0130nsan\u0131n bu sahici sorular\u0131na en yak\u0131n cevaplar din taraf\u0131ndan verilir. B\u00fct\u00fcn zamanlarda insanlar\u0131n dine y\u00f6nelmesinin temel a\u00e7\u0131klamas\u0131 bu olmal\u0131d\u0131r. Din, ibadet ve bilmek aras\u0131nda kurdu\u011fu ili\u015fkiyle hayat\u0131 bir \u00f6\u011frenme mek\u00e2n\u0131na d\u00f6n\u00fc\u015ft\u00fcr\u00fcr. Her yer okuldur, her i\u015f derstir, din ise varl\u0131k okulundaki dersleri daha do\u011fru \u015fekilde \u00f6\u011frenmemize yard\u0131m eden ilahi bir rehberdir.   Elinizdeki kitap ibadet ile \u00f6\u011frenme, \u00f6\u011frenme ile yetkinle\u015fme, yetkinle\u015fme s\u00fcrecinde ise bireyselle\u015fme ve \u00f6zg\u00fcrle\u015fme aras\u0131nda kurulan ba\u011f\u0131 ele al\u0131r. Bu \u00f6zelli\u011fiyle kitap, as\u0131rlard\u0131r ihmal edilen bir konuyu yeniden g\u00fcndeme ta\u015f\u0131yarak insan\u0131n b\u00fcy\u00fck sorular\u0131na dinin bak\u0131\u015f a\u00e7\u0131s\u0131yla cevaplar sunmay\u0131 ama\u00e7lar. Sonu\u00e7ta var\u0131lacak mesken \u015fudur: Var olmam\u0131z\u0131n cevab\u0131n\u0131 ancak korkular\u0131m\u0131z\u0131 yendi\u011fimizde erebilece\u011fimiz \u00f6zg\u00fcrl\u00fck ve bunun gere\u011fi olan isti\u011fnada idrak edebiliriz. \u0130nsan i\u00e7in bu en g\u00fczel sek\u00eenedir.<\/p>\n","protected":false},"excerpt":{"rendered":"<p>G\u00fcnl\u00fck hayat\u0131n yo\u011funlu\u011funu bir yana b\u0131rak\u0131p \u201cNi\u00e7in var\u0131z?\u201d ve \u201cNereden geldik, nereye gidiyoruz?\u201d minvalindeki sorular\u0131 akl\u0131na getirmeyen kimse var m\u0131d\u0131r? Her insan \u015fu veya bu \u00f6l\u00e7\u00fcde<span class=\"excerpt-hellip\"> [\u2026]<\/span><\/p>\n","protected":false},"featured_media":0,"template":"","meta":{"_monsterinsights_skip_tracking":false,"_monsterinsights_sitenote_active":false,"_monsterinsights_sitenote_note":"","_monsterinsights_sitenote_category":0},"product_brand":[],"product_cat":[13036,12718,12719],"product_tag":[],"class_list":{"0":"post-769822","1":"product","2":"type-product","3":"status-publish","5":"product_cat-arastirma-inceleme-islam","6":"product_cat-din","7":"product_cat-islam","8":"pa_cilt-ciltsiz","9":"pa_tur-kitap","10":"pa_yayinevi-fikriyat-yayinlari","11":"pa_yazar-ekrem-demirli","13":"first","14":"instock","15":"sale","16":"shipping-taxable","17":"purchasable","18":"product-type-simple"},"_links":{"self":[{"href":"https:\/\/roveyayinevi.com.tr\/index.php\/wp-json\/wp\/v2\/product\/769822","targetHints":{"allow":["GET"]}}],"collection":[{"href":"https:\/\/roveyayinevi.com.tr\/index.php\/wp-json\/wp\/v2\/product"}],"about":[{"href":"https:\/\/roveyayinevi.com.tr\/index.php\/wp-json\/wp\/v2\/types\/product"}],"wp:attachment":[{"href":"https:\/\/roveyayinevi.com.tr\/index.php\/wp-json\/wp\/v2\/media?parent=769822"}],"wp:term":[{"taxonomy":"product_brand","embeddable":true,"href":"https:\/\/roveyayinevi.com.tr\/index.php\/wp-json\/wp\/v2\/product_brand?post=769822"},{"taxonomy":"product_cat","embeddable":true,"href":"https:\/\/roveyayinevi.com.tr\/index.php\/wp-json\/wp\/v2\/product_cat?post=769822"},{"taxonomy":"product_tag","embeddable":true,"href":"https:\/\/roveyayinevi.com.tr\/index.php\/wp-json\/wp\/v2\/product_tag?post=769822"}],"curies":[{"name":"wp","href":"https:\/\/api.w.org\/{rel}","templated":true}]}}