{"id":769820,"date":"2025-08-28T14:07:53","date_gmt":"2025-08-28T11:07:53","guid":{"rendered":"https:\/\/roveyayinevi.com.tr\/index.php\/urun\/aromaterapi-ciltli\/"},"modified":"2026-04-15T03:36:23","modified_gmt":"2026-04-15T00:36:23","slug":"aromaterapi-ciltli","status":"publish","type":"product","link":"https:\/\/roveyayinevi.com.tr\/index.php\/urun\/aromaterapi-ciltli\/","title":{"rendered":"Aromaterapi (Ciltli)"},"content":{"rendered":"<p>Oktay Mete taraf\u0131ndan kaleme al\u0131nan Aromaterapi, bitkilerden elde edilen u\u00e7ucu ya\u011flar\u0131n kullan\u0131m\u0131na y\u00f6nelik kapsaml\u0131 bir yakla\u015f\u0131md\u0131r. Bu kitap, 131 aromatik bitkinin aromaterapik kullan\u0131m\u0131n\u0131 ayr\u0131nt\u0131lar\u0131yla g\u00f6stermektedir. Her bitkinin ba\u015fta Latince olmak \u00fczere bilinen isimleri, genel tan\u0131mlar\u0131, geleneksel kullan\u0131mlar\u0131 ile evdeki di\u011fer kullan\u0131m alanlar\u0131, ba\u015fka hangi ya\u011flarla uyumlu kullan\u0131labilece\u011fi bilgileri hassas \u00f6l\u00e7\u00fclerle verilmi\u015ftir.   U\u00e7ucu ya\u011flar binlerce y\u0131ld\u0131r \u00c7in\u2019den ba\u015flayarak t\u00fcm d\u00fcnya k\u00fclt\u00fcrlerinde kullan\u0131lmaktad\u0131r. Sa\u011fl\u0131\u011f\u0131na \u00f6nem veren hemen herkes hastal\u0131klar\u0131n tedavisinde ya\u011flarla masaj, banyo, inhalasyon, kompres ve buhurdanl\u0131\u011fa yer vermeye ba\u015flad\u0131. Sentetik ila\u00e7lar\u0131n yan etkilerinin ortaya \u00e7\u0131kmas\u0131yla birlikte do\u011fal ila\u00e7lar\u0131n de\u011feri, dolay\u0131s\u0131yla da aromaterapinin de\u011feri artt\u0131. Ayr\u0131ca bitkisel \u00fcr\u00fcnlerin tedavi g\u00fc\u00e7lerinin binlerce y\u0131ll\u0131k deneyimlere dayanmas\u0131 da olumlu bir ivme kazanmas\u0131n\u0131 kolayla\u015ft\u0131rd\u0131. Aromaterapide kullan\u0131lan u\u00e7ucu ve g\u00fczel kokulu ya\u011flar\u0131n bedensel ve ruhsal rahats\u0131zl\u0131klar \u00fczerindeki olumlu etkileri alternatif t\u0131pta \u00f6nemli bir yer kazanmas\u0131n\u0131 sa\u011flad\u0131.<\/p>\n","protected":false},"excerpt":{"rendered":"<p>Oktay Mete taraf\u0131ndan kaleme al\u0131nan Aromaterapi, bitkilerden elde edilen u\u00e7ucu ya\u011flar\u0131n kullan\u0131m\u0131na y\u00f6nelik kapsaml\u0131 bir yakla\u015f\u0131md\u0131r. Bu kitap, 131 aromatik bitkinin aromaterapik kullan\u0131m\u0131n\u0131 ayr\u0131nt\u0131lar\u0131yla g\u00f6stermektedir. Her<span class=\"excerpt-hellip\"> [\u2026]<\/span><\/p>\n","protected":false},"featured_media":0,"template":"","meta":{"_monsterinsights_skip_tracking":false,"_monsterinsights_sitenote_active":false,"_monsterinsights_sitenote_note":"","_monsterinsights_sitenote_category":0},"product_brand":[],"product_cat":[13397,13365],"product_tag":[],"class_list":{"0":"post-769820","1":"product","2":"type-product","3":"status-publish","5":"product_cat-alternatif-tip-sifali-bitkiler","6":"product_cat-saglik","7":"pa_cilt-ciltsiz","8":"pa_tur-kitap","9":"pa_yayinevi-alfa-yayinlari","10":"pa_yazar-oktay-mete","12":"first","13":"instock","14":"sale","15":"shipping-taxable","16":"purchasable","17":"product-type-simple"},"_links":{"self":[{"href":"https:\/\/roveyayinevi.com.tr\/index.php\/wp-json\/wp\/v2\/product\/769820","targetHints":{"allow":["GET"]}}],"collection":[{"href":"https:\/\/roveyayinevi.com.tr\/index.php\/wp-json\/wp\/v2\/product"}],"about":[{"href":"https:\/\/roveyayinevi.com.tr\/index.php\/wp-json\/wp\/v2\/types\/product"}],"wp:attachment":[{"href":"https:\/\/roveyayinevi.com.tr\/index.php\/wp-json\/wp\/v2\/media?parent=769820"}],"wp:term":[{"taxonomy":"product_brand","embeddable":true,"href":"https:\/\/roveyayinevi.com.tr\/index.php\/wp-json\/wp\/v2\/product_brand?post=769820"},{"taxonomy":"product_cat","embeddable":true,"href":"https:\/\/roveyayinevi.com.tr\/index.php\/wp-json\/wp\/v2\/product_cat?post=769820"},{"taxonomy":"product_tag","embeddable":true,"href":"https:\/\/roveyayinevi.com.tr\/index.php\/wp-json\/wp\/v2\/product_tag?post=769820"}],"curies":[{"name":"wp","href":"https:\/\/api.w.org\/{rel}","templated":true}]}}