{"id":769819,"date":"2025-08-28T14:07:51","date_gmt":"2025-08-28T11:07:51","guid":{"rendered":"https:\/\/roveyayinevi.com.tr\/index.php\/urun\/bayan-ciyakciyak\/"},"modified":"2026-04-15T03:36:23","modified_gmt":"2026-04-15T00:36:23","slug":"bayan-ciyakciyak","status":"publish","type":"product","link":"https:\/\/roveyayinevi.com.tr\/index.php\/urun\/bayan-ciyakciyak\/","title":{"rendered":"Bayan Ciyakciyak"},"content":{"rendered":"<p>Minik farenin d\u00e2hiyane plan\u0131&#8230; Pip Jones&#8217;un &#8221;SEN de OKU&#8221; i\u00e7in kaleme ald\u0131\u011f\u0131 Bayan Ciyakciyak, g\u00fc\u00e7l\u00fclerin g\u00fc\u00e7s\u00fczleri ezdi\u011fi d\u00fczeni akl\u0131n g\u00fcc\u00fcyle yenen bir cesaret \u00f6yk\u00fcs\u00fc.  Hayat\u0131n her alan\u0131nda kar\u015f\u0131m\u0131za \u00e7\u0131kan zorbal\u0131\u011fa ve adaletsizli\u011fe boyun e\u011fmemeyi hat\u0131rlatan kitap; e\u015fit ko\u015fullarda, bar\u0131\u015f i\u00e7inde birlikte ya\u015faman\u0131n yollar\u0131n\u0131 ar\u0131yor.  Hatmi \u00c7i\u00e7e\u011fi Evi&#8217;nin bodrum kat\u0131ndaki fareler ile tavan aras\u0131ndaki s\u0131\u00e7anlar aras\u0131ndaki gerilim giderek y\u00fckseliyor. Zira zorba s\u0131\u00e7anlar, evin tamam\u0131n\u0131 ele ge\u00e7irmek \u00fczere! Evdeki karma\u015fa minik fare Mimi Ciyakciyak&#8217;\u0131 fazlas\u0131yla rahats\u0131z etse de bu durumla nas\u0131l ba\u015fa \u00e7\u0131kabilece\u011fini bilmiyor&#8230; Haks\u0131zl\u0131\u011fa kar\u015f\u0131 sesini y\u00fckseltmekten \u00e7ekinmemeyi \u00f6\u011f\u00fctleyen bu y\u00fcreklendirici hik\u00e2ye, bozulan d\u00fczenlerin birlik ve dayan\u0131\u015fma ruhuyla yeniden kurulabilece\u011fini g\u00f6steriyor.   Bu kitab\u0131 okuyanlar\u0131 neler bekliyor? * Karar alma s\u00fcrecinde kendine g\u00fcvenmenin \u00f6nemini kavrat\u0131yor.  * Zorluklar\u0131n ki\u015fiyi nas\u0131l olgunla\u015ft\u0131rd\u0131\u011f\u0131n\u0131 ve geli\u015ftirdi\u011fini fark ettiriyor.<\/p>\n","protected":false},"excerpt":{"rendered":"<p>Minik farenin d\u00e2hiyane plan\u0131&#8230; Pip Jones&#8217;un &#8221;SEN de OKU&#8221; i\u00e7in kaleme ald\u0131\u011f\u0131 Bayan Ciyakciyak, g\u00fc\u00e7l\u00fclerin g\u00fc\u00e7s\u00fczleri ezdi\u011fi d\u00fczeni akl\u0131n g\u00fcc\u00fcyle yenen bir cesaret \u00f6yk\u00fcs\u00fc. Hayat\u0131n her<span class=\"excerpt-hellip\"> [\u2026]<\/span><\/p>\n","protected":false},"featured_media":0,"template":"","meta":{"_monsterinsights_skip_tracking":false,"_monsterinsights_sitenote_active":false,"_monsterinsights_sitenote_note":"","_monsterinsights_sitenote_category":0},"product_brand":[],"product_cat":[12274,12284],"product_tag":[],"class_list":{"0":"post-769819","1":"product","2":"type-product","3":"status-publish","5":"product_cat-cocuk-ve-genclik-kitaplari","6":"product_cat-hikayeler","7":"pa_cilt-ciltsiz","8":"pa_tur-kitap","9":"pa_yayinevi-tudem-yayinlari","10":"pa_yazar-pip-jones","12":"first","13":"instock","14":"sale","15":"shipping-taxable","16":"purchasable","17":"product-type-simple"},"_links":{"self":[{"href":"https:\/\/roveyayinevi.com.tr\/index.php\/wp-json\/wp\/v2\/product\/769819","targetHints":{"allow":["GET"]}}],"collection":[{"href":"https:\/\/roveyayinevi.com.tr\/index.php\/wp-json\/wp\/v2\/product"}],"about":[{"href":"https:\/\/roveyayinevi.com.tr\/index.php\/wp-json\/wp\/v2\/types\/product"}],"wp:attachment":[{"href":"https:\/\/roveyayinevi.com.tr\/index.php\/wp-json\/wp\/v2\/media?parent=769819"}],"wp:term":[{"taxonomy":"product_brand","embeddable":true,"href":"https:\/\/roveyayinevi.com.tr\/index.php\/wp-json\/wp\/v2\/product_brand?post=769819"},{"taxonomy":"product_cat","embeddable":true,"href":"https:\/\/roveyayinevi.com.tr\/index.php\/wp-json\/wp\/v2\/product_cat?post=769819"},{"taxonomy":"product_tag","embeddable":true,"href":"https:\/\/roveyayinevi.com.tr\/index.php\/wp-json\/wp\/v2\/product_tag?post=769819"}],"curies":[{"name":"wp","href":"https:\/\/api.w.org\/{rel}","templated":true}]}}