{"id":769817,"date":"2025-08-28T14:07:48","date_gmt":"2025-08-28T11:07:48","guid":{"rendered":"https:\/\/roveyayinevi.com.tr\/index.php\/urun\/yetiskinler-icin-mandala-mavi\/"},"modified":"2026-04-15T03:36:23","modified_gmt":"2026-04-15T00:36:23","slug":"yetiskinler-icin-mandala-mavi","status":"publish","type":"product","link":"https:\/\/roveyayinevi.com.tr\/index.php\/urun\/yetiskinler-icin-mandala-mavi\/","title":{"rendered":"Yeti\u015fkinler \u0130\u00e7in Mandala &#8211; Mavi"},"content":{"rendered":"<p>Hayata k\u0131sa bir mola! Boya kalemlerinizi elinize al\u0131n ve zihninizi serbest b\u0131rak\u0131n. Bu kitaptan bir mandala se\u00e7in ve onu i\u00e7inizden geldi\u011fi gibi renklendirmeye ba\u015flay\u0131n. Bitirdi\u011finizde eserinizin oldu\u011fu sayfay\u0131 \u00e7ekip koparabilir ve onunla duvar\u0131n\u0131z\u0131 s\u00fcsleyebilirsiniz. <\/p>\n","protected":false},"excerpt":{"rendered":"<p>Hayata k\u0131sa bir mola! Boya kalemlerinizi elinize al\u0131n ve zihninizi serbest b\u0131rak\u0131n. Bu kitaptan bir mandala se\u00e7in ve onu i\u00e7inizden geldi\u011fi gibi renklendirmeye ba\u015flay\u0131n. Bitirdi\u011finizde eserinizin<span class=\"excerpt-hellip\"> [\u2026]<\/span><\/p>\n","protected":false},"featured_media":0,"template":"","meta":{"_monsterinsights_skip_tracking":false,"_monsterinsights_sitenote_active":false,"_monsterinsights_sitenote_note":"","_monsterinsights_sitenote_category":0},"product_brand":[],"product_cat":[38511,15563],"product_tag":[],"class_list":{"0":"post-769817","1":"product","2":"type-product","3":"status-publish","5":"product_cat-buyukler-icin-boyama-mandala","6":"product_cat-hobi","7":"pa_cilt-ciltsiz","8":"pa_tur-kitap","9":"pa_yayinevi-leopar-yayinlari","10":"pa_yazar-emre-aslan","12":"first","13":"instock","14":"sale","15":"shipping-taxable","16":"purchasable","17":"product-type-simple"},"_links":{"self":[{"href":"https:\/\/roveyayinevi.com.tr\/index.php\/wp-json\/wp\/v2\/product\/769817","targetHints":{"allow":["GET"]}}],"collection":[{"href":"https:\/\/roveyayinevi.com.tr\/index.php\/wp-json\/wp\/v2\/product"}],"about":[{"href":"https:\/\/roveyayinevi.com.tr\/index.php\/wp-json\/wp\/v2\/types\/product"}],"wp:attachment":[{"href":"https:\/\/roveyayinevi.com.tr\/index.php\/wp-json\/wp\/v2\/media?parent=769817"}],"wp:term":[{"taxonomy":"product_brand","embeddable":true,"href":"https:\/\/roveyayinevi.com.tr\/index.php\/wp-json\/wp\/v2\/product_brand?post=769817"},{"taxonomy":"product_cat","embeddable":true,"href":"https:\/\/roveyayinevi.com.tr\/index.php\/wp-json\/wp\/v2\/product_cat?post=769817"},{"taxonomy":"product_tag","embeddable":true,"href":"https:\/\/roveyayinevi.com.tr\/index.php\/wp-json\/wp\/v2\/product_tag?post=769817"}],"curies":[{"name":"wp","href":"https:\/\/api.w.org\/{rel}","templated":true}]}}