{"id":769811,"date":"2025-08-28T14:07:40","date_gmt":"2025-08-28T11:07:40","guid":{"rendered":"https:\/\/roveyayinevi.com.tr\/index.php\/urun\/cocuklar-icin-mandala-mavi-2\/"},"modified":"2026-04-15T03:36:23","modified_gmt":"2026-04-15T00:36:23","slug":"cocuklar-icin-mandala-mavi-2","status":"publish","type":"product","link":"https:\/\/roveyayinevi.com.tr\/index.php\/urun\/cocuklar-icin-mandala-mavi-2\/","title":{"rendered":"\u00c7ocuklar \u0130\u00e7in Mandala &#8211; Mavi"},"content":{"rendered":"<p>Haydi \u00e7ocuklar, e\u011flence zaman\u0131! Mandala boyama ile hem dinlenecek hem de dikkatinizi geli\u015ftireceksiniz. Hayal g\u00fcc\u00fcn\u00fcz\u00fc serbest b\u0131rak\u0131n. En be\u011fendi\u011finiz mandalay\u0131 se\u00e7in ve onu diledi\u011finiz gibi renklendirin. Bitirdi\u011finizde eserinizin oldu\u011fu sayfay\u0131 \u00e7ekip koparabilir ve onunla duvar\u0131n\u0131z\u0131 s\u00fcsleyebilirsiniz. <\/p>\n","protected":false},"excerpt":{"rendered":"<p>Haydi \u00e7ocuklar, e\u011flence zaman\u0131! Mandala boyama ile hem dinlenecek hem de dikkatinizi geli\u015ftireceksiniz. Hayal g\u00fcc\u00fcn\u00fcz\u00fc serbest b\u0131rak\u0131n. En be\u011fendi\u011finiz mandalay\u0131 se\u00e7in ve onu diledi\u011finiz gibi renklendirin.<span class=\"excerpt-hellip\"> [\u2026]<\/span><\/p>\n","protected":false},"featured_media":0,"template":"","meta":{"_monsterinsights_skip_tracking":false,"_monsterinsights_sitenote_active":false,"_monsterinsights_sitenote_note":"","_monsterinsights_sitenote_category":0},"product_brand":[],"product_cat":[12644,12274],"product_tag":[],"class_list":{"0":"post-769811","1":"product","2":"type-product","3":"status-publish","5":"product_cat-boyama-kitaplari","6":"product_cat-cocuk-ve-genclik-kitaplari","7":"pa_cilt-ciltsiz","8":"pa_tur-kitap","9":"pa_yayinevi-bookalemun-yayinevi","10":"pa_yazar-kolektif","12":"first","13":"instock","14":"sale","15":"shipping-taxable","16":"purchasable","17":"product-type-simple"},"_links":{"self":[{"href":"https:\/\/roveyayinevi.com.tr\/index.php\/wp-json\/wp\/v2\/product\/769811","targetHints":{"allow":["GET"]}}],"collection":[{"href":"https:\/\/roveyayinevi.com.tr\/index.php\/wp-json\/wp\/v2\/product"}],"about":[{"href":"https:\/\/roveyayinevi.com.tr\/index.php\/wp-json\/wp\/v2\/types\/product"}],"wp:attachment":[{"href":"https:\/\/roveyayinevi.com.tr\/index.php\/wp-json\/wp\/v2\/media?parent=769811"}],"wp:term":[{"taxonomy":"product_brand","embeddable":true,"href":"https:\/\/roveyayinevi.com.tr\/index.php\/wp-json\/wp\/v2\/product_brand?post=769811"},{"taxonomy":"product_cat","embeddable":true,"href":"https:\/\/roveyayinevi.com.tr\/index.php\/wp-json\/wp\/v2\/product_cat?post=769811"},{"taxonomy":"product_tag","embeddable":true,"href":"https:\/\/roveyayinevi.com.tr\/index.php\/wp-json\/wp\/v2\/product_tag?post=769811"}],"curies":[{"name":"wp","href":"https:\/\/api.w.org\/{rel}","templated":true}]}}