{"id":769804,"date":"2025-08-28T14:07:26","date_gmt":"2025-08-28T11:07:26","guid":{"rendered":"https:\/\/roveyayinevi.com.tr\/index.php\/urun\/kul-uykusu\/"},"modified":"2026-04-15T03:36:23","modified_gmt":"2026-04-15T00:36:23","slug":"kul-uykusu","status":"publish","type":"product","link":"https:\/\/roveyayinevi.com.tr\/index.php\/urun\/kul-uykusu\/","title":{"rendered":"K\u00fcl  Uykusu"},"content":{"rendered":"<p>y\u00fcz\u00fcnden y\u00fcz\u00fcme vuran a\u011fr\u0131 bir \u00e7ift ate\u015f kehribar\u0131 bir \u00e7ift yaral\u0131 kaplan kalbinin o eski saray\u0131nda   pencere miydim g\u00fcn bat\u0131m\u0131na a\u00e7\u0131lan g\u00f6\u011fs\u00fcnde b\u00fcy\u00fcyen ben bir k\u00fcsk\u00fcn yanarda\u011f bir g\u00fcl topra\u011f\u0131na d\u00fc\u015fman sisli, puslu, kavisli yoldu duda\u011f\u0131ndan boynuma uzanan<\/p>\n","protected":false},"excerpt":{"rendered":"<p>y\u00fcz\u00fcnden y\u00fcz\u00fcme vuran a\u011fr\u0131 bir \u00e7ift ate\u015f kehribar\u0131 bir \u00e7ift yaral\u0131 kaplan kalbinin o eski saray\u0131nda pencere miydim g\u00fcn bat\u0131m\u0131na a\u00e7\u0131lan g\u00f6\u011fs\u00fcnde b\u00fcy\u00fcyen ben bir k\u00fcsk\u00fcn<span class=\"excerpt-hellip\"> [\u2026]<\/span><\/p>\n","protected":false},"featured_media":0,"template":"","meta":{"_monsterinsights_skip_tracking":false,"_monsterinsights_sitenote_active":false,"_monsterinsights_sitenote_note":"","_monsterinsights_sitenote_category":0},"product_brand":[],"product_cat":[12291,12509],"product_tag":[],"class_list":{"0":"post-769804","1":"product","2":"type-product","3":"status-publish","5":"product_cat-edebiyat","6":"product_cat-siir","7":"pa_cilt-ciltsiz","8":"pa_tur-kitap","9":"pa_yayinevi-everest-yayinlari","10":"pa_yazar-onur-sahin","12":"first","13":"instock","14":"sale","15":"shipping-taxable","16":"purchasable","17":"product-type-simple"},"_links":{"self":[{"href":"https:\/\/roveyayinevi.com.tr\/index.php\/wp-json\/wp\/v2\/product\/769804","targetHints":{"allow":["GET"]}}],"collection":[{"href":"https:\/\/roveyayinevi.com.tr\/index.php\/wp-json\/wp\/v2\/product"}],"about":[{"href":"https:\/\/roveyayinevi.com.tr\/index.php\/wp-json\/wp\/v2\/types\/product"}],"wp:attachment":[{"href":"https:\/\/roveyayinevi.com.tr\/index.php\/wp-json\/wp\/v2\/media?parent=769804"}],"wp:term":[{"taxonomy":"product_brand","embeddable":true,"href":"https:\/\/roveyayinevi.com.tr\/index.php\/wp-json\/wp\/v2\/product_brand?post=769804"},{"taxonomy":"product_cat","embeddable":true,"href":"https:\/\/roveyayinevi.com.tr\/index.php\/wp-json\/wp\/v2\/product_cat?post=769804"},{"taxonomy":"product_tag","embeddable":true,"href":"https:\/\/roveyayinevi.com.tr\/index.php\/wp-json\/wp\/v2\/product_tag?post=769804"}],"curies":[{"name":"wp","href":"https:\/\/api.w.org\/{rel}","templated":true}]}}