{"id":769803,"date":"2025-08-28T14:07:24","date_gmt":"2025-08-28T11:07:24","guid":{"rendered":"https:\/\/roveyayinevi.com.tr\/index.php\/urun\/kalbi-hizlandiran-seyler\/"},"modified":"2026-04-15T03:35:51","modified_gmt":"2026-04-15T00:35:51","slug":"kalbi-hizlandiran-seyler","status":"publish","type":"product","link":"https:\/\/roveyayinevi.com.tr\/index.php\/urun\/kalbi-hizlandiran-seyler\/","title":{"rendered":"Kalbi H\u0131zland\u0131ran \u015eeyler"},"content":{"rendered":"<p>(Onu) a\u00e7\u0131k bir kitap gibi i\u00e7eride olana ula\u015fmak i\u00e7in gizemine d\u00fcnyan\u0131n par\u00e7as\u0131 oldu\u011funun hissiyle (ona) n\u00fcfuz etmek tenin tecridini kald\u0131r\u0131p bedenin hududunu a\u015fmak i\u00e7in \u00e7\u00f6z\u00fcp _nas\u0131l?_ bulutla\u015ft\u0131rarak (onu), (ona) okuyabiliyorum<\/p>\n","protected":false},"excerpt":{"rendered":"<p>(Onu) a\u00e7\u0131k bir kitap gibi i\u00e7eride olana ula\u015fmak i\u00e7in gizemine d\u00fcnyan\u0131n par\u00e7as\u0131 oldu\u011funun hissiyle (ona) n\u00fcfuz etmek tenin tecridini kald\u0131r\u0131p bedenin hududunu a\u015fmak i\u00e7in \u00e7\u00f6z\u00fcp _nas\u0131l?_<span class=\"excerpt-hellip\"> [\u2026]<\/span><\/p>\n","protected":false},"featured_media":0,"template":"","meta":{"_monsterinsights_skip_tracking":false,"_monsterinsights_sitenote_active":false,"_monsterinsights_sitenote_note":"","_monsterinsights_sitenote_category":0},"product_brand":[],"product_cat":[12291,12509],"product_tag":[],"class_list":{"0":"post-769803","1":"product","2":"type-product","3":"status-publish","5":"product_cat-edebiyat","6":"product_cat-siir","7":"pa_cilt-ciltsiz","8":"pa_tur-kitap","9":"pa_yayinevi-everest-yayinlari","10":"pa_yazar-asuman-susam","12":"first","13":"instock","14":"sale","15":"shipping-taxable","16":"purchasable","17":"product-type-simple"},"_links":{"self":[{"href":"https:\/\/roveyayinevi.com.tr\/index.php\/wp-json\/wp\/v2\/product\/769803","targetHints":{"allow":["GET"]}}],"collection":[{"href":"https:\/\/roveyayinevi.com.tr\/index.php\/wp-json\/wp\/v2\/product"}],"about":[{"href":"https:\/\/roveyayinevi.com.tr\/index.php\/wp-json\/wp\/v2\/types\/product"}],"wp:attachment":[{"href":"https:\/\/roveyayinevi.com.tr\/index.php\/wp-json\/wp\/v2\/media?parent=769803"}],"wp:term":[{"taxonomy":"product_brand","embeddable":true,"href":"https:\/\/roveyayinevi.com.tr\/index.php\/wp-json\/wp\/v2\/product_brand?post=769803"},{"taxonomy":"product_cat","embeddable":true,"href":"https:\/\/roveyayinevi.com.tr\/index.php\/wp-json\/wp\/v2\/product_cat?post=769803"},{"taxonomy":"product_tag","embeddable":true,"href":"https:\/\/roveyayinevi.com.tr\/index.php\/wp-json\/wp\/v2\/product_tag?post=769803"}],"curies":[{"name":"wp","href":"https:\/\/api.w.org\/{rel}","templated":true}]}}