{"id":769799,"date":"2025-08-28T14:07:19","date_gmt":"2025-08-28T11:07:19","guid":{"rendered":"https:\/\/roveyayinevi.com.tr\/index.php\/urun\/hz-ali\/"},"modified":"2026-04-15T03:35:51","modified_gmt":"2026-04-15T00:35:51","slug":"hz-ali","status":"publish","type":"product","link":"https:\/\/roveyayinevi.com.tr\/index.php\/urun\/hz-ali\/","title":{"rendered":"Hz. Ali"},"content":{"rendered":"<p>Hz. Peygamber (a.s.m.) bir g\u00fcn \u015f\u00f6yle s\u00f6yledi; \u201cBen ilmin \u015fehriyim. Ali de onun kap\u0131s\u0131d\u0131r. Kim ilim isterse, o kap\u0131ya gelsin.\u201d \u0130slam tarihine damgas\u0131n\u0131 vurmu\u015f d\u00f6rt b\u00fcy\u00fck \u015fahsiyetten biri olan Hz. Ali kimdi ve \u201cAllah\u2019\u0131n Aslan\u0131\u201d olarak an\u0131lmas\u0131n\u0131n sebebi neydi? Hayat\u0131, cesareti, \u00e2limli\u011fi ve \u0130slam tarihindeki \u00f6nemi nelerdi? * * * Bu kitap Hz. Peygamber\u2019in \u201cBenden sonra onlara uyun.\u201d diyerek i\u015faret etti\u011fi \u015fahsiyetlerden birini, Hz. Ali\u2019yi tan\u0131mak ve anlamak isteyenler i\u00e7in haz\u0131rland\u0131. <\/p>\n","protected":false},"excerpt":{"rendered":"<p>Hz. Peygamber (a.s.m.) bir g\u00fcn \u015f\u00f6yle s\u00f6yledi; \u201cBen ilmin \u015fehriyim. Ali de onun kap\u0131s\u0131d\u0131r. Kim ilim isterse, o kap\u0131ya gelsin.\u201d \u0130slam tarihine damgas\u0131n\u0131 vurmu\u015f d\u00f6rt b\u00fcy\u00fck<span class=\"excerpt-hellip\"> [\u2026]<\/span><\/p>\n","protected":false},"featured_media":0,"template":"","meta":{"_monsterinsights_skip_tracking":false,"_monsterinsights_sitenote_active":false,"_monsterinsights_sitenote_note":"","_monsterinsights_sitenote_category":0},"product_brand":[],"product_cat":[12718],"product_tag":[],"class_list":{"0":"post-769799","1":"product","2":"type-product","3":"status-publish","5":"product_cat-din","6":"pa_cilt-ciltsiz","7":"pa_tur-kitap","8":"pa_yayinevi-nesil-yayinlari","9":"pa_yazar-mehmet-dikmen","11":"first","12":"instock","13":"sale","14":"shipping-taxable","15":"purchasable","16":"product-type-simple"},"_links":{"self":[{"href":"https:\/\/roveyayinevi.com.tr\/index.php\/wp-json\/wp\/v2\/product\/769799","targetHints":{"allow":["GET"]}}],"collection":[{"href":"https:\/\/roveyayinevi.com.tr\/index.php\/wp-json\/wp\/v2\/product"}],"about":[{"href":"https:\/\/roveyayinevi.com.tr\/index.php\/wp-json\/wp\/v2\/types\/product"}],"wp:attachment":[{"href":"https:\/\/roveyayinevi.com.tr\/index.php\/wp-json\/wp\/v2\/media?parent=769799"}],"wp:term":[{"taxonomy":"product_brand","embeddable":true,"href":"https:\/\/roveyayinevi.com.tr\/index.php\/wp-json\/wp\/v2\/product_brand?post=769799"},{"taxonomy":"product_cat","embeddable":true,"href":"https:\/\/roveyayinevi.com.tr\/index.php\/wp-json\/wp\/v2\/product_cat?post=769799"},{"taxonomy":"product_tag","embeddable":true,"href":"https:\/\/roveyayinevi.com.tr\/index.php\/wp-json\/wp\/v2\/product_tag?post=769799"}],"curies":[{"name":"wp","href":"https:\/\/api.w.org\/{rel}","templated":true}]}}