{"id":769798,"date":"2025-08-28T14:07:17","date_gmt":"2025-08-28T11:07:17","guid":{"rendered":"https:\/\/roveyayinevi.com.tr\/index.php\/urun\/hayatim-bir-internet-romani-3\/"},"modified":"2026-04-15T03:35:51","modified_gmt":"2026-04-15T00:35:51","slug":"hayatim-bir-internet-romani-3","status":"publish","type":"product","link":"https:\/\/roveyayinevi.com.tr\/index.php\/urun\/hayatim-bir-internet-romani-3\/","title":{"rendered":"Hayat\u0131m Bir \u0130nternet Roman\u0131 3"},"content":{"rendered":"<p>\u201cS\u00d6YLE HAD\u0130. SADECE \u0130Y\u0130 VAK\u0130T GE\u00c7\u0130REL\u0130M D\u0130YE SEN\u0130NLE ARKADA\u015e OLMADIM.\u201d   L\u0130SEN\u0130N \u0130LK G\u00dcN\u00dcNDEN H\u0130K\u00c2YEYE YEN\u0130 B\u0130R ANA KARAKTER EKLEN\u0130YOR. DAN\u0130\u2019YLE YAKINDAN \u0130LG\u0130LENEN RUDA \u0130LE YEORYEONG VE D\u00d6RT B\u00dcY\u00dcK KRAL ARASINDA B\u00dcY\u00dcK B\u0130R \u00c7EK\u0130\u015eME BA\u015eLIYOR. DAN\u0130, RUDA\u2019DAN UZAK DURMAYA \u00c7ALI\u015eSA DA \u0130\u015eLER \u0130STED\u0130\u011e\u0130 G\u0130B\u0130 G\u0130TM\u0130YOR. RUDA\u2019NIN S\u00d6YLED\u0130KLER\u0130, DAN\u0130\u2019N\u0130N KAFASINI KARI\u015eTIRIYOR&#8230; BU S\u00d6ZLER DAN\u0130\u2019Y\u0130, YEORYEONG VE ARKADA\u015eLARIYLA \u0130LG\u0130L\u0130 D\u00dc\u015e\u00dcNCELER\u0130N\u0130 G\u00d6ZDEN GE\u00c7\u0130RMEYE \u0130T\u0130YOR&#8230;   \u201cBEN DE S\u0130Z\u0130N \u0130\u00c7\u0130N YER\u0130 DOLDURULAMAYACAK B\u0130R\u0130 OLAB\u0130L\u0130R M\u0130Y\u0130M?\u201d <\/p>\n","protected":false},"excerpt":{"rendered":"<p>\u201cS\u00d6YLE HAD\u0130. SADECE \u0130Y\u0130 VAK\u0130T GE\u00c7\u0130REL\u0130M D\u0130YE SEN\u0130NLE ARKADA\u015e OLMADIM.\u201d L\u0130SEN\u0130N \u0130LK G\u00dcN\u00dcNDEN H\u0130K\u00c2YEYE YEN\u0130 B\u0130R ANA KARAKTER EKLEN\u0130YOR. DAN\u0130\u2019YLE YAKINDAN \u0130LG\u0130LENEN RUDA \u0130LE YEORYEONG VE<span class=\"excerpt-hellip\"> [\u2026]<\/span><\/p>\n","protected":false},"featured_media":0,"template":"","meta":{"_monsterinsights_skip_tracking":false,"_monsterinsights_sitenote_active":false,"_monsterinsights_sitenote_note":"","_monsterinsights_sitenote_category":0},"product_brand":[],"product_cat":[12416,12291],"product_tag":[],"class_list":{"0":"post-769798","1":"product","2":"type-product","3":"status-publish","5":"product_cat-cizgi-roman","6":"product_cat-edebiyat","7":"pa_cilt-ciltsiz","8":"pa_tur-kitap","9":"pa_yayinevi-athica-yayinlari","10":"pa_yazar-yu-han-ryeo","12":"first","13":"instock","14":"sale","15":"shipping-taxable","16":"purchasable","17":"product-type-simple"},"_links":{"self":[{"href":"https:\/\/roveyayinevi.com.tr\/index.php\/wp-json\/wp\/v2\/product\/769798","targetHints":{"allow":["GET"]}}],"collection":[{"href":"https:\/\/roveyayinevi.com.tr\/index.php\/wp-json\/wp\/v2\/product"}],"about":[{"href":"https:\/\/roveyayinevi.com.tr\/index.php\/wp-json\/wp\/v2\/types\/product"}],"wp:attachment":[{"href":"https:\/\/roveyayinevi.com.tr\/index.php\/wp-json\/wp\/v2\/media?parent=769798"}],"wp:term":[{"taxonomy":"product_brand","embeddable":true,"href":"https:\/\/roveyayinevi.com.tr\/index.php\/wp-json\/wp\/v2\/product_brand?post=769798"},{"taxonomy":"product_cat","embeddable":true,"href":"https:\/\/roveyayinevi.com.tr\/index.php\/wp-json\/wp\/v2\/product_cat?post=769798"},{"taxonomy":"product_tag","embeddable":true,"href":"https:\/\/roveyayinevi.com.tr\/index.php\/wp-json\/wp\/v2\/product_tag?post=769798"}],"curies":[{"name":"wp","href":"https:\/\/api.w.org\/{rel}","templated":true}]}}