{"id":769797,"date":"2025-08-28T14:07:15","date_gmt":"2025-08-28T11:07:15","guid":{"rendered":"https:\/\/roveyayinevi.com.tr\/index.php\/urun\/akilli-kararlar-icin-stratejik-dusunme-yontemleri\/"},"modified":"2026-04-15T03:35:51","modified_gmt":"2026-04-15T00:35:51","slug":"akilli-kararlar-icin-stratejik-dusunme-yontemleri","status":"publish","type":"product","link":"https:\/\/roveyayinevi.com.tr\/index.php\/urun\/akilli-kararlar-icin-stratejik-dusunme-yontemleri\/","title":{"rendered":"Ak\u0131ll\u0131 Kararlar \u0130\u00e7in Stratejik D\u00fc\u015f\u00fcnme Y\u00f6ntemleri"},"content":{"rendered":"<p>Z\u0130HN\u0130M\u0130Z\u0130 DAHA ETK\u0130N KULLANMANIN SIRLARI   Her g\u00fcn binlerce d\u00fc\u015f\u00fcnce zihnimizden ak\u0131p gidiyor.Ama hangileri ger\u00e7ekten bizim kontrol\u00fcm\u00fczde?   D\u00fc\u015f\u00fcnme tarz\u0131m\u0131z\u0131 de\u011fi\u015ftirebilir miyiz? Ba\u015far\u0131l\u0131 insanlar\u0131n zihinsel stratejilerini biz de kullanabilir miyiz?   Som Bathla, Ak\u0131ll\u0131 Kararlar \u0130\u00e7in Stratejik D\u00fc\u015f\u00fcnme Y\u00f6ntemleri kitab\u0131nda, d\u00fc\u015f\u00fcnce hatalar\u0131m\u0131z\u0131 nas\u0131l fark edebilece\u011fimizi ve zihnimizi nas\u0131l daha verimli kullanabilece\u011fimizi anlat\u0131yor. Bu kitap, etkili kararlar alman\u0131z\u0131 sa\u011flayacak bilimsel y\u00f6ntemleri ve pratik teknikleri ad\u0131m ad\u0131m sunuyor:   D\u00fc\u015f\u00fcnme kaslar\u0131n\u0131z\u0131 g\u00fc\u00e7lendirebilir misiniz? Zihinsel engelleri a\u015fman\u0131n yollar\u0131 nelerdir? IQ\u2019nuz ger\u00e7ekten ba\u015far\u0131n\u0131z\u0131 belirler mi? Albert Einstein, Elon Musk ve Warren Buffet gibi d\u00e2hiler nas\u0131l d\u00fc\u015f\u00fcn\u00fcyor?   E\u011fer zihninizi daha etkili kullanmak, d\u00fc\u015f\u00fcnme yeteneklerinizi geli\u015ftirmek ve fark yaratmak istiyorsan\u0131z, \u015fimdi ba\u015flaman\u0131n tam zaman\u0131! <\/p>\n","protected":false},"excerpt":{"rendered":"<p>Z\u0130HN\u0130M\u0130Z\u0130 DAHA ETK\u0130N KULLANMANIN SIRLARI Her g\u00fcn binlerce d\u00fc\u015f\u00fcnce zihnimizden ak\u0131p gidiyor.Ama hangileri ger\u00e7ekten bizim kontrol\u00fcm\u00fczde? D\u00fc\u015f\u00fcnme tarz\u0131m\u0131z\u0131 de\u011fi\u015ftirebilir miyiz? Ba\u015far\u0131l\u0131 insanlar\u0131n zihinsel stratejilerini biz de<span class=\"excerpt-hellip\"> [\u2026]<\/span><\/p>\n","protected":false},"featured_media":0,"template":"","meta":{"_monsterinsights_skip_tracking":false,"_monsterinsights_sitenote_active":false,"_monsterinsights_sitenote_note":"","_monsterinsights_sitenote_category":0},"product_brand":[],"product_cat":[12364,12376],"product_tag":[],"class_list":{"0":"post-769797","1":"product","2":"type-product","3":"status-publish","5":"product_cat-genel-konular","6":"product_cat-kisisel-gelisim","7":"pa_cilt-ciltsiz","8":"pa_tur-kitap","9":"pa_yayinevi-destek-yayinlari","10":"pa_yazar-som-bathla","12":"first","13":"instock","14":"sale","15":"shipping-taxable","16":"purchasable","17":"product-type-simple"},"_links":{"self":[{"href":"https:\/\/roveyayinevi.com.tr\/index.php\/wp-json\/wp\/v2\/product\/769797","targetHints":{"allow":["GET"]}}],"collection":[{"href":"https:\/\/roveyayinevi.com.tr\/index.php\/wp-json\/wp\/v2\/product"}],"about":[{"href":"https:\/\/roveyayinevi.com.tr\/index.php\/wp-json\/wp\/v2\/types\/product"}],"wp:attachment":[{"href":"https:\/\/roveyayinevi.com.tr\/index.php\/wp-json\/wp\/v2\/media?parent=769797"}],"wp:term":[{"taxonomy":"product_brand","embeddable":true,"href":"https:\/\/roveyayinevi.com.tr\/index.php\/wp-json\/wp\/v2\/product_brand?post=769797"},{"taxonomy":"product_cat","embeddable":true,"href":"https:\/\/roveyayinevi.com.tr\/index.php\/wp-json\/wp\/v2\/product_cat?post=769797"},{"taxonomy":"product_tag","embeddable":true,"href":"https:\/\/roveyayinevi.com.tr\/index.php\/wp-json\/wp\/v2\/product_tag?post=769797"}],"curies":[{"name":"wp","href":"https:\/\/api.w.org\/{rel}","templated":true}]}}