{"id":769796,"date":"2025-08-28T14:07:13","date_gmt":"2025-08-28T11:07:13","guid":{"rendered":"https:\/\/roveyayinevi.com.tr\/index.php\/urun\/brodeck-raporu-ciltli-cizgi-roman\/"},"modified":"2026-04-13T03:31:44","modified_gmt":"2026-04-13T00:31:44","slug":"brodeck-raporu-ciltli-cizgi-roman","status":"publish","type":"product","link":"https:\/\/roveyayinevi.com.tr\/index.php\/urun\/brodeck-raporu-ciltli-cizgi-roman\/","title":{"rendered":"Brodeck Raporu (Ciltli &#8211; \u00c7izgi Roman)"},"content":{"rendered":"<p>\u0130K\u0130NC\u0130 D\u00dcNYA SAVA\u015eI\u2019NIN HEN\u00dcZ B\u0130TT\u0130\u011e\u0130  VE BEL\u0130RS\u0130ZL\u0130KLER\u0130N H\u00dcK\u00dcM S\u00dcRD\u00dc\u011e\u00dc G\u00dcNLERDE, B\u0130R YABANCI, SINIR K\u00d6YLER\u0130NDEN B\u0130R\u0130NDE K\u00d6YL\u00dcLER TARAFINDAN \u0130NFAZ ED\u0130L\u0130R. KAT\u0130LLER BRODECK\u2019TEN KONUYU DEVLET OTOR\u0130TES\u0130NE SUNACAKLARI B\u0130R RAPOR YAZMASINI \u0130STERLER.    Philippe Claudel\u2019in ayn\u0131 isimli \u00f6d\u00fcll\u00fc roman\u0131n\u0131n bu \u00e7izgi roman adaptasyonunda, Frans\u0131z \u00e7izgi roman\u0131n\u0131n son s\u00fcper star\u0131  Manu Larcenet, b\u00fct\u00fcn yetene\u011fi ve kalitesini  konu\u015fturuyor. \u00c7oktan d\u00fcnya \u00e7izgi roman klasikleri  aras\u0131na giren ve daha \u00f6nce 2 cilt halinde yay\u0131mlad\u0131\u011f\u0131m\u0131z  bu m\u00fcthi\u015f eser \u015fimdi tek bir kitapta, yepyeni  edisyonuyla huzurlar\u0131n\u0131zda. <\/p>\n","protected":false},"excerpt":{"rendered":"<p>\u0130K\u0130NC\u0130 D\u00dcNYA SAVA\u015eI\u2019NIN HEN\u00dcZ B\u0130TT\u0130\u011e\u0130 VE BEL\u0130RS\u0130ZL\u0130KLER\u0130N H\u00dcK\u00dcM S\u00dcRD\u00dc\u011e\u00dc G\u00dcNLERDE, B\u0130R YABANCI, SINIR K\u00d6YLER\u0130NDEN B\u0130R\u0130NDE K\u00d6YL\u00dcLER TARAFINDAN \u0130NFAZ ED\u0130L\u0130R. KAT\u0130LLER BRODECK\u2019TEN KONUYU DEVLET OTOR\u0130TES\u0130NE SUNACAKLARI B\u0130R<span class=\"excerpt-hellip\"> [\u2026]<\/span><\/p>\n","protected":false},"featured_media":0,"template":"","meta":{"_monsterinsights_skip_tracking":false,"_monsterinsights_sitenote_active":false,"_monsterinsights_sitenote_note":"","_monsterinsights_sitenote_category":0},"product_brand":[],"product_cat":[12416,12291],"product_tag":[],"class_list":{"0":"post-769796","1":"product","2":"type-product","3":"status-publish","5":"product_cat-cizgi-roman","6":"product_cat-edebiyat","7":"pa_cilt-ciltli","8":"pa_tur-kitap","9":"pa_yayinevi-kara-karga-yayinlari","10":"pa_yazar-manu-larcenet","12":"first","13":"instock","14":"sale","15":"shipping-taxable","16":"purchasable","17":"product-type-simple"},"_links":{"self":[{"href":"https:\/\/roveyayinevi.com.tr\/index.php\/wp-json\/wp\/v2\/product\/769796","targetHints":{"allow":["GET"]}}],"collection":[{"href":"https:\/\/roveyayinevi.com.tr\/index.php\/wp-json\/wp\/v2\/product"}],"about":[{"href":"https:\/\/roveyayinevi.com.tr\/index.php\/wp-json\/wp\/v2\/types\/product"}],"wp:attachment":[{"href":"https:\/\/roveyayinevi.com.tr\/index.php\/wp-json\/wp\/v2\/media?parent=769796"}],"wp:term":[{"taxonomy":"product_brand","embeddable":true,"href":"https:\/\/roveyayinevi.com.tr\/index.php\/wp-json\/wp\/v2\/product_brand?post=769796"},{"taxonomy":"product_cat","embeddable":true,"href":"https:\/\/roveyayinevi.com.tr\/index.php\/wp-json\/wp\/v2\/product_cat?post=769796"},{"taxonomy":"product_tag","embeddable":true,"href":"https:\/\/roveyayinevi.com.tr\/index.php\/wp-json\/wp\/v2\/product_tag?post=769796"}],"curies":[{"name":"wp","href":"https:\/\/api.w.org\/{rel}","templated":true}]}}