{"id":769791,"date":"2025-08-28T14:07:04","date_gmt":"2025-08-28T11:07:04","guid":{"rendered":"https:\/\/roveyayinevi.com.tr\/index.php\/urun\/bitcoinin-gelecegi\/"},"modified":"2026-04-15T03:35:51","modified_gmt":"2026-04-15T00:35:51","slug":"bitcoinin-gelecegi","status":"publish","type":"product","link":"https:\/\/roveyayinevi.com.tr\/index.php\/urun\/bitcoinin-gelecegi\/","title":{"rendered":"Bitcoin\u2019in Gelece\u011fi"},"content":{"rendered":"<p>\u0130ktisadi d\u00fc\u015f\u00fcnce tarihi perspektifinden Bitcoin ve kripto paralar\u0131 inceleyen Spencer J. Pack hem bir akademisyen hem de piyasada \u00e7al\u0131\u015fan bir dan\u0131\u015fman olarak tarihsel ve teorik yetkinli\u011fi ile pratik \u00f6ng\u00f6r\u00fclerini bir araya getirip kripto para birimlerinin d\u00fcn\u00fc, bug\u00fcn\u00fc ve gelece\u011fi hakk\u0131nda dikkate de\u011fer tespitlerde bulunuyor. Aristoteles, Smith, Law, Marx, Keynes, Rothbard, Hayek gibi iktisat tarihinin devlerinin para teorisine ve iktisadi de\u011fere yakla\u015f\u0131m ve katk\u0131lar\u0131n\u0131 herkesin anlayabilece\u011fi bir yal\u0131nl\u0131kla sunuyor. Paran\u0131n miktar\u0131n\u0131 kimin kontrol etmesi gerekti\u011fi, kapitalist ekonominin istikrars\u0131zl\u0131\u011f\u0131n\u0131n nedenleri ile \u00f6zel servet ve i\u015fletmelerin mi yoksa modern devletin mi daha tehlikeli oldu\u011fu konular\u0131nda yo\u011fun teorik ve pratik m\u00fccadelelerin devam edece\u011fini \u00f6ne s\u00fcren yazar, kripto para toplulu\u011funun iddialar\u0131n\u0131n muhtemelen yerinde oldu\u011funu ve yeni para t\u00fcrlerinin egemen itibari para birimlerine iyi bir alternatif olabilece\u011fini g\u00f6stermeye \u00e7al\u0131\u015f\u0131yor. Kitap, son 10 y\u0131lda g\u00fcndemimizi fazlas\u0131yla i\u015fgal eden bu yeni fenomenler hakk\u0131nda yaln\u0131zca ekonomik d\u00fc\u015f\u00fcnce tarihiyle ilgilenenler, ekonomi teorisyenleri, siyaset bilimi akademisyenlerine de\u011fil, politika yap\u0131c\u0131lara ve kripto para toplulu\u011funa da hitap ediyor. Para teorisi ve iktisadi d\u00fc\u015f\u00fcnce tarihine g\u00fcncel bir konu \u00fczerinden giri\u015f i\u00e7in muazzam bir kaynak&#8230; <\/p>\n","protected":false},"excerpt":{"rendered":"<p>\u0130ktisadi d\u00fc\u015f\u00fcnce tarihi perspektifinden Bitcoin ve kripto paralar\u0131 inceleyen Spencer J. Pack hem bir akademisyen hem de piyasada \u00e7al\u0131\u015fan bir dan\u0131\u015fman olarak tarihsel ve teorik yetkinli\u011fi<span class=\"excerpt-hellip\"> [\u2026]<\/span><\/p>\n","protected":false},"featured_media":0,"template":"","meta":{"_monsterinsights_skip_tracking":false,"_monsterinsights_sitenote_active":false,"_monsterinsights_sitenote_note":"","_monsterinsights_sitenote_category":0},"product_brand":[],"product_cat":[13043],"product_tag":[],"class_list":{"0":"post-769791","1":"product","2":"type-product","3":"status-publish","5":"product_cat-ekonomi","6":"pa_cilt-ciltsiz","7":"pa_tur-kitap","8":"pa_yayinevi-vakifbank-kultur-yayinlari","9":"pa_yazar-spencer-j-pack","11":"first","12":"instock","13":"sale","14":"shipping-taxable","15":"purchasable","16":"product-type-simple"},"_links":{"self":[{"href":"https:\/\/roveyayinevi.com.tr\/index.php\/wp-json\/wp\/v2\/product\/769791","targetHints":{"allow":["GET"]}}],"collection":[{"href":"https:\/\/roveyayinevi.com.tr\/index.php\/wp-json\/wp\/v2\/product"}],"about":[{"href":"https:\/\/roveyayinevi.com.tr\/index.php\/wp-json\/wp\/v2\/types\/product"}],"wp:attachment":[{"href":"https:\/\/roveyayinevi.com.tr\/index.php\/wp-json\/wp\/v2\/media?parent=769791"}],"wp:term":[{"taxonomy":"product_brand","embeddable":true,"href":"https:\/\/roveyayinevi.com.tr\/index.php\/wp-json\/wp\/v2\/product_brand?post=769791"},{"taxonomy":"product_cat","embeddable":true,"href":"https:\/\/roveyayinevi.com.tr\/index.php\/wp-json\/wp\/v2\/product_cat?post=769791"},{"taxonomy":"product_tag","embeddable":true,"href":"https:\/\/roveyayinevi.com.tr\/index.php\/wp-json\/wp\/v2\/product_tag?post=769791"}],"curies":[{"name":"wp","href":"https:\/\/api.w.org\/{rel}","templated":true}]}}