{"id":769790,"date":"2025-08-28T14:07:02","date_gmt":"2025-08-28T11:07:02","guid":{"rendered":"https:\/\/roveyayinevi.com.tr\/index.php\/urun\/filmlerdeki-gibi-degil-ciltli\/"},"modified":"2026-04-15T03:35:51","modified_gmt":"2026-04-15T00:35:51","slug":"filmlerdeki-gibi-degil-ciltli","status":"publish","type":"product","link":"https:\/\/roveyayinevi.com.tr\/index.php\/urun\/filmlerdeki-gibi-degil-ciltli\/","title":{"rendered":"Filmlerdeki Gibi De\u011fil (Ciltli)"},"content":{"rendered":"<p>Zorluklarla elde ettikleri a\u015fk\u0131 keyifle ya\u015fayan Wes ve Liz \u00e7ifti, beraber \u00fcniversiteye gidip birinci s\u0131n\u0131fa ba\u015flamak \u00fczereyken bir trajedi ya\u015fan\u0131r. Wes, sonunda Liz\u2019i kaybedece\u011fi anlam\u0131na gelse bile bu trajedinin t\u00fcm y\u00fck\u00fcn\u00fc s\u0131rtlan\u0131r ve ayr\u0131l\u0131klar\u0131 ka\u00e7\u0131n\u0131lmaz olur. Bu trajediden iki y\u0131l sonra i\u015fler biraz olsun d\u00fczelir ve Wes \u00fcniversiteye geri d\u00f6ner. Art\u0131k hayat\u0131n\u0131 az da olsa yoluna koymu\u015ftur ve Liz\u2019in kalbini k\u0131rd\u0131\u011f\u0131 i\u00e7in onu tekrar kendine \u00e2\u015f\u0131k etmek ad\u0131na ne gerekiyorsa yapacakt\u0131r. Liz&#8217;i herkesten iyi tan\u0131yan Wes&#8217;in, romantik komedilere yak\u0131\u015f\u0131r b\u00fcy\u00fck jestlerle onu geri kazanmak i\u00e7in kusursuz bir plan\u0131 vard\u0131r. Tabii Liz bunlar\u0131n hi\u00e7 birini yemeyecektir! Wes\u2019in \u00f6n\u00fcndeki tek engel Liz\u2019in kalbinin k\u0131r\u0131lm\u0131\u015f olmas\u0131 de\u011fil, ayn\u0131 zamanda Liz\u2019in bir erkek arkada\u015f\u0131n\u0131n da olmas\u0131d\u0131r. Yine de Wes pes etmeden \u00e7abalayacak, planlar kurmaya devam edecek ve Liz\u2019in dikkatini \u00e7ekip onu ve a\u015fk\u0131n\u0131 geri kazanmak i\u00e7in elinden geleni yapacakt\u0131r. Ger\u00e7ek hayat, romantik komedi filmlerindekine mi benzeyecek yoksa filmlerdekinden daha m\u0131 farkl\u0131 olacakt\u0131r?<\/p>\n","protected":false},"excerpt":{"rendered":"<p>Zorluklarla elde ettikleri a\u015fk\u0131 keyifle ya\u015fayan Wes ve Liz \u00e7ifti, beraber \u00fcniversiteye gidip birinci s\u0131n\u0131fa ba\u015flamak \u00fczereyken bir trajedi ya\u015fan\u0131r. Wes, sonunda Liz\u2019i kaybedece\u011fi anlam\u0131na gelse<span class=\"excerpt-hellip\"> [\u2026]<\/span><\/p>\n","protected":false},"featured_media":0,"template":"","meta":{"_monsterinsights_skip_tracking":false,"_monsterinsights_sitenote_active":false,"_monsterinsights_sitenote_note":"","_monsterinsights_sitenote_category":0},"product_brand":[],"product_cat":[12291,12711],"product_tag":[],"class_list":{"0":"post-769790","1":"product","2":"type-product","3":"status-publish","5":"product_cat-edebiyat","6":"product_cat-roman-oyku","7":"pa_cilt-ciltli","8":"pa_tur-kitap","9":"pa_yayinevi-artemis-yayinlari","10":"pa_yazar-lynn-painter","12":"first","13":"instock","14":"sale","15":"shipping-taxable","16":"purchasable","17":"product-type-simple"},"_links":{"self":[{"href":"https:\/\/roveyayinevi.com.tr\/index.php\/wp-json\/wp\/v2\/product\/769790","targetHints":{"allow":["GET"]}}],"collection":[{"href":"https:\/\/roveyayinevi.com.tr\/index.php\/wp-json\/wp\/v2\/product"}],"about":[{"href":"https:\/\/roveyayinevi.com.tr\/index.php\/wp-json\/wp\/v2\/types\/product"}],"wp:attachment":[{"href":"https:\/\/roveyayinevi.com.tr\/index.php\/wp-json\/wp\/v2\/media?parent=769790"}],"wp:term":[{"taxonomy":"product_brand","embeddable":true,"href":"https:\/\/roveyayinevi.com.tr\/index.php\/wp-json\/wp\/v2\/product_brand?post=769790"},{"taxonomy":"product_cat","embeddable":true,"href":"https:\/\/roveyayinevi.com.tr\/index.php\/wp-json\/wp\/v2\/product_cat?post=769790"},{"taxonomy":"product_tag","embeddable":true,"href":"https:\/\/roveyayinevi.com.tr\/index.php\/wp-json\/wp\/v2\/product_tag?post=769790"}],"curies":[{"name":"wp","href":"https:\/\/api.w.org\/{rel}","templated":true}]}}