{"id":769788,"date":"2025-08-28T14:06:58","date_gmt":"2025-08-28T11:06:58","guid":{"rendered":"https:\/\/roveyayinevi.com.tr\/index.php\/urun\/mutfak-dansi\/"},"modified":"2026-04-15T03:35:51","modified_gmt":"2026-04-15T00:35:51","slug":"mutfak-dansi","status":"publish","type":"product","link":"https:\/\/roveyayinevi.com.tr\/index.php\/urun\/mutfak-dansi\/","title":{"rendered":"Mutfak Dans\u0131"},"content":{"rendered":"<p>Gece sen uyurken \u0131\u015f\u0131klar s\u00f6ner, meyveler ortaya \u00e7\u0131kar ve e\u011flence ba\u015flar! Hadi, Mutfak Dans\u0131\u2019na sen de kat\u0131l! Bu kitapta meyveler konu\u015fuyor, dans ediyor ve e\u011flenceli bir mutfak partisinin tam ortas\u0131nda yer al\u0131yor! Bu kitap, \u00e7ocuklara mutfakta harika zaman ge\u00e7irmeyi ve sa\u011fl\u0131kl\u0131 at\u0131\u015ft\u0131rmal\u0131klar\u0131 sevmeyi \u00f6\u011fretiyor. Meyveler mutfakta sadece tatl\u0131 de\u011fil, ayn\u0131 zamanda hareketli ve e\u011flenceli! <\/p>\n","protected":false},"excerpt":{"rendered":"<p>Gece sen uyurken \u0131\u015f\u0131klar s\u00f6ner, meyveler ortaya \u00e7\u0131kar ve e\u011flence ba\u015flar! Hadi, Mutfak Dans\u0131\u2019na sen de kat\u0131l! Bu kitapta meyveler konu\u015fuyor, dans ediyor ve e\u011flenceli bir<span class=\"excerpt-hellip\"> [\u2026]<\/span><\/p>\n","protected":false},"featured_media":0,"template":"","meta":{"_monsterinsights_skip_tracking":false,"_monsterinsights_sitenote_active":false,"_monsterinsights_sitenote_note":"","_monsterinsights_sitenote_category":0},"product_brand":[],"product_cat":[12274,12518],"product_tag":[],"class_list":{"0":"post-769788","1":"product","2":"type-product","3":"status-publish","5":"product_cat-cocuk-ve-genclik-kitaplari","6":"product_cat-okul-oncesi-kitaplar","7":"pa_cilt-ciltsiz","8":"pa_tur-kitap","9":"pa_yayinevi-is-bankasi-kultur-yayinlari","10":"pa_yazar-clare-foges","12":"first","13":"instock","14":"sale","15":"shipping-taxable","16":"purchasable","17":"product-type-simple"},"_links":{"self":[{"href":"https:\/\/roveyayinevi.com.tr\/index.php\/wp-json\/wp\/v2\/product\/769788","targetHints":{"allow":["GET"]}}],"collection":[{"href":"https:\/\/roveyayinevi.com.tr\/index.php\/wp-json\/wp\/v2\/product"}],"about":[{"href":"https:\/\/roveyayinevi.com.tr\/index.php\/wp-json\/wp\/v2\/types\/product"}],"wp:attachment":[{"href":"https:\/\/roveyayinevi.com.tr\/index.php\/wp-json\/wp\/v2\/media?parent=769788"}],"wp:term":[{"taxonomy":"product_brand","embeddable":true,"href":"https:\/\/roveyayinevi.com.tr\/index.php\/wp-json\/wp\/v2\/product_brand?post=769788"},{"taxonomy":"product_cat","embeddable":true,"href":"https:\/\/roveyayinevi.com.tr\/index.php\/wp-json\/wp\/v2\/product_cat?post=769788"},{"taxonomy":"product_tag","embeddable":true,"href":"https:\/\/roveyayinevi.com.tr\/index.php\/wp-json\/wp\/v2\/product_tag?post=769788"}],"curies":[{"name":"wp","href":"https:\/\/api.w.org\/{rel}","templated":true}]}}