{"id":769787,"date":"2025-08-28T14:06:56","date_gmt":"2025-08-28T11:06:56","guid":{"rendered":"https:\/\/roveyayinevi.com.tr\/index.php\/urun\/banyo-dansi\/"},"modified":"2026-04-15T03:35:51","modified_gmt":"2026-04-15T00:35:51","slug":"banyo-dansi","status":"publish","type":"product","link":"https:\/\/roveyayinevi.com.tr\/index.php\/urun\/banyo-dansi\/","title":{"rendered":"Banyo Dans\u0131"},"content":{"rendered":"<p>Elini uzat, sallan ve banyoda e\u011flen. K\u00f6p\u00fckler ve danslar seni bekliyor! Hadi, BANYO DANSI\u2019 na sen de kat\u0131l! Bu kitapta, di\u015f f\u0131r\u00e7as\u0131ndan \u015fampuana, di\u015f macunundan du\u015f ba\u015fl\u0131\u011f\u0131na kadar her \u015fey hareketleniyor ve dans ediyor. \u00c7ocuklar, bu kitapla banyoyu sevmenin ne kadar keyifli oldu\u011funu ke\u015ffedecek. Kese ve baloncuklar e\u015fli\u011finde e\u011flence! <\/p>\n","protected":false},"excerpt":{"rendered":"<p>Elini uzat, sallan ve banyoda e\u011flen. K\u00f6p\u00fckler ve danslar seni bekliyor! Hadi, BANYO DANSI\u2019 na sen de kat\u0131l! Bu kitapta, di\u015f f\u0131r\u00e7as\u0131ndan \u015fampuana, di\u015f macunundan du\u015f<span class=\"excerpt-hellip\"> [\u2026]<\/span><\/p>\n","protected":false},"featured_media":0,"template":"","meta":{"_monsterinsights_skip_tracking":false,"_monsterinsights_sitenote_active":false,"_monsterinsights_sitenote_note":"","_monsterinsights_sitenote_category":0},"product_brand":[],"product_cat":[12274,12518],"product_tag":[],"class_list":{"0":"post-769787","1":"product","2":"type-product","3":"status-publish","5":"product_cat-cocuk-ve-genclik-kitaplari","6":"product_cat-okul-oncesi-kitaplar","7":"pa_cilt-ciltsiz","8":"pa_tur-kitap","9":"pa_yayinevi-is-bankasi-kultur-yayinlari","10":"pa_yazar-clare-foges","12":"first","13":"instock","14":"sale","15":"shipping-taxable","16":"purchasable","17":"product-type-simple"},"_links":{"self":[{"href":"https:\/\/roveyayinevi.com.tr\/index.php\/wp-json\/wp\/v2\/product\/769787","targetHints":{"allow":["GET"]}}],"collection":[{"href":"https:\/\/roveyayinevi.com.tr\/index.php\/wp-json\/wp\/v2\/product"}],"about":[{"href":"https:\/\/roveyayinevi.com.tr\/index.php\/wp-json\/wp\/v2\/types\/product"}],"wp:attachment":[{"href":"https:\/\/roveyayinevi.com.tr\/index.php\/wp-json\/wp\/v2\/media?parent=769787"}],"wp:term":[{"taxonomy":"product_brand","embeddable":true,"href":"https:\/\/roveyayinevi.com.tr\/index.php\/wp-json\/wp\/v2\/product_brand?post=769787"},{"taxonomy":"product_cat","embeddable":true,"href":"https:\/\/roveyayinevi.com.tr\/index.php\/wp-json\/wp\/v2\/product_cat?post=769787"},{"taxonomy":"product_tag","embeddable":true,"href":"https:\/\/roveyayinevi.com.tr\/index.php\/wp-json\/wp\/v2\/product_tag?post=769787"}],"curies":[{"name":"wp","href":"https:\/\/api.w.org\/{rel}","templated":true}]}}