{"id":769786,"date":"2025-08-28T14:06:54","date_gmt":"2025-08-28T11:06:54","guid":{"rendered":"https:\/\/roveyayinevi.com.tr\/index.php\/urun\/kitaplar-yemek-icin-degildir\/"},"modified":"2026-04-15T03:35:51","modified_gmt":"2026-04-15T00:35:51","slug":"kitaplar-yemek-icin-degildir","status":"publish","type":"product","link":"https:\/\/roveyayinevi.com.tr\/index.php\/urun\/kitaplar-yemek-icin-degildir\/","title":{"rendered":"Kitaplar Yemek \u0130\u00e7in De\u011fildir"},"content":{"rendered":"<p>KE\u00c7i LEOPOLD sahibi oldu\u011fu kitap\u00e7\u0131y\u0131 ve kitap \u00f6nermeyi \u00e7ok seviyordu. Ama g\u00fcn\u00fcn birinde tahmin edemeyece\u011fi kadar zorlu bir m\u00fc\u015fteri \u00e7\u0131kt\u0131 kar\u015f\u0131s\u0131na: Kitaplar\u0131 okumaya de\u011fil yemeye niyetli bir m\u00fc\u015fteri. Leopold acaba bu m\u00fc\u015fteriyi, kitaplarla karn\u0131n\u0131 doyurmaya de\u011fil hayal g\u00fcc\u00fcn\u00fc beslemeye ikna edebilecek mi? <\/p>\n","protected":false},"excerpt":{"rendered":"<p>KE\u00c7i LEOPOLD sahibi oldu\u011fu kitap\u00e7\u0131y\u0131 ve kitap \u00f6nermeyi \u00e7ok seviyordu. Ama g\u00fcn\u00fcn birinde tahmin edemeyece\u011fi kadar zorlu bir m\u00fc\u015fteri \u00e7\u0131kt\u0131 kar\u015f\u0131s\u0131na: Kitaplar\u0131 okumaya de\u011fil yemeye niyetli<span class=\"excerpt-hellip\"> [\u2026]<\/span><\/p>\n","protected":false},"featured_media":0,"template":"","meta":{"_monsterinsights_skip_tracking":false,"_monsterinsights_sitenote_active":false,"_monsterinsights_sitenote_note":"","_monsterinsights_sitenote_category":0},"product_brand":[],"product_cat":[12274,12518],"product_tag":[],"class_list":{"0":"post-769786","1":"product","2":"type-product","3":"status-publish","5":"product_cat-cocuk-ve-genclik-kitaplari","6":"product_cat-okul-oncesi-kitaplar","7":"pa_cilt-ciltsiz","8":"pa_tur-kitap","9":"pa_yayinevi-is-bankasi-kultur-yayinlari","10":"pa_yazar-carlie-sorosiak","12":"first","13":"instock","14":"sale","15":"shipping-taxable","16":"purchasable","17":"product-type-simple"},"_links":{"self":[{"href":"https:\/\/roveyayinevi.com.tr\/index.php\/wp-json\/wp\/v2\/product\/769786","targetHints":{"allow":["GET"]}}],"collection":[{"href":"https:\/\/roveyayinevi.com.tr\/index.php\/wp-json\/wp\/v2\/product"}],"about":[{"href":"https:\/\/roveyayinevi.com.tr\/index.php\/wp-json\/wp\/v2\/types\/product"}],"wp:attachment":[{"href":"https:\/\/roveyayinevi.com.tr\/index.php\/wp-json\/wp\/v2\/media?parent=769786"}],"wp:term":[{"taxonomy":"product_brand","embeddable":true,"href":"https:\/\/roveyayinevi.com.tr\/index.php\/wp-json\/wp\/v2\/product_brand?post=769786"},{"taxonomy":"product_cat","embeddable":true,"href":"https:\/\/roveyayinevi.com.tr\/index.php\/wp-json\/wp\/v2\/product_cat?post=769786"},{"taxonomy":"product_tag","embeddable":true,"href":"https:\/\/roveyayinevi.com.tr\/index.php\/wp-json\/wp\/v2\/product_tag?post=769786"}],"curies":[{"name":"wp","href":"https:\/\/api.w.org\/{rel}","templated":true}]}}