{"id":769785,"date":"2025-08-28T14:06:52","date_gmt":"2025-08-28T11:06:52","guid":{"rendered":"https:\/\/roveyayinevi.com.tr\/index.php\/urun\/damla-baligi\/"},"modified":"2026-04-15T03:35:51","modified_gmt":"2026-04-15T00:35:51","slug":"damla-baligi","status":"publish","type":"product","link":"https:\/\/roveyayinevi.com.tr\/index.php\/urun\/damla-baligi\/","title":{"rendered":"Damla Bal\u0131\u011f\u0131"},"content":{"rendered":"<p>Denizin derinliklerinde, \u00e7ok \u00e7ok derinlerde, yaln\u0131z bir damla bal\u0131\u011f\u0131 ya\u015f\u0131yor. F\u0131kra anlatmay\u0131 seven bu sevimli bal\u0131k, \u015fakalar\u0131n\u0131 payla\u015facak bir arkada\u015f aray\u0131\u015f\u0131na \u00e7\u0131k\u0131yor. Fark ediyor ki bazen arkada\u015flar, en beklenmedik yerlerde, hatta okyanusun dibinde bile ortaya \u00e7\u0131kabilir! Bol kahkahal\u0131 bu kitap, \u00e7ocuklara arkada\u015fl\u0131\u011f\u0131n, bir yere ait hissetmenin ve okyanuslardaki \u00e7evre sorunlar\u0131n\u0131n \u00f6nemini e\u011flenceli bir dille anlat\u0131yor. <\/p>\n","protected":false},"excerpt":{"rendered":"<p>Denizin derinliklerinde, \u00e7ok \u00e7ok derinlerde, yaln\u0131z bir damla bal\u0131\u011f\u0131 ya\u015f\u0131yor. F\u0131kra anlatmay\u0131 seven bu sevimli bal\u0131k, \u015fakalar\u0131n\u0131 payla\u015facak bir arkada\u015f aray\u0131\u015f\u0131na \u00e7\u0131k\u0131yor. Fark ediyor ki bazen<span class=\"excerpt-hellip\"> [\u2026]<\/span><\/p>\n","protected":false},"featured_media":0,"template":"","meta":{"_monsterinsights_skip_tracking":false,"_monsterinsights_sitenote_active":false,"_monsterinsights_sitenote_note":"","_monsterinsights_sitenote_category":0},"product_brand":[],"product_cat":[12274,12518],"product_tag":[],"class_list":{"0":"post-769785","1":"product","2":"type-product","3":"status-publish","5":"product_cat-cocuk-ve-genclik-kitaplari","6":"product_cat-okul-oncesi-kitaplar","7":"pa_cilt-ciltsiz","8":"pa_tur-kitap","9":"pa_yayinevi-is-bankasi-kultur-yayinlari","10":"pa_yazar-olaf-falafel","12":"first","13":"instock","14":"sale","15":"shipping-taxable","16":"purchasable","17":"product-type-simple"},"_links":{"self":[{"href":"https:\/\/roveyayinevi.com.tr\/index.php\/wp-json\/wp\/v2\/product\/769785","targetHints":{"allow":["GET"]}}],"collection":[{"href":"https:\/\/roveyayinevi.com.tr\/index.php\/wp-json\/wp\/v2\/product"}],"about":[{"href":"https:\/\/roveyayinevi.com.tr\/index.php\/wp-json\/wp\/v2\/types\/product"}],"wp:attachment":[{"href":"https:\/\/roveyayinevi.com.tr\/index.php\/wp-json\/wp\/v2\/media?parent=769785"}],"wp:term":[{"taxonomy":"product_brand","embeddable":true,"href":"https:\/\/roveyayinevi.com.tr\/index.php\/wp-json\/wp\/v2\/product_brand?post=769785"},{"taxonomy":"product_cat","embeddable":true,"href":"https:\/\/roveyayinevi.com.tr\/index.php\/wp-json\/wp\/v2\/product_cat?post=769785"},{"taxonomy":"product_tag","embeddable":true,"href":"https:\/\/roveyayinevi.com.tr\/index.php\/wp-json\/wp\/v2\/product_tag?post=769785"}],"curies":[{"name":"wp","href":"https:\/\/api.w.org\/{rel}","templated":true}]}}