{"id":769784,"date":"2025-08-28T14:06:50","date_gmt":"2025-08-28T11:06:50","guid":{"rendered":"https:\/\/roveyayinevi.com.tr\/index.php\/urun\/ataturk-ve-turk-milli-ulusal-musiki-anlayis-devrimi\/"},"modified":"2026-04-15T03:35:51","modified_gmt":"2026-04-15T00:35:51","slug":"ataturk-ve-turk-milli-ulusal-musiki-anlayis-devrimi","status":"publish","type":"product","link":"https:\/\/roveyayinevi.com.tr\/index.php\/urun\/ataturk-ve-turk-milli-ulusal-musiki-anlayis-devrimi\/","title":{"rendered":"Atat\u00fcrk ve T\u00fcrk Milli Ulusal Musiki Anlay\u0131\u015f Devrimi"},"content":{"rendered":"<p>Yirminci y\u00fczy\u0131l\u0131n en kal\u0131c\u0131 ve g\u00f6rkemli olgular\u0131ndan biri B\u00fcy\u00fck T\u00fcrk Devrimidir. Onun kapsam\u0131nda tasarlan\u0131p ger\u00e7ekle\u015ftirilen ba\u015fl\u0131ca T\u00fcrk K\u00fclt\u00fcr Devrimlerinden biri T\u00fcrk M\u00fczik Devrimidir. \u00c7ok y\u00f6nl\u00fc, \u00e7ok boyutlu ve \u00e7ok a\u015famal\u0131 bir s\u00fcre\u00e7 olup bir\u00e7ok alt devrimi kapsayan bu devrimin \u00f6z\u00fc T\u00fcrk Ulusal M\u00fczik Anlay\u0131\u015f Devrimidir. Bu devrim, T\u00fcrk m\u00fczik devriminin b\u00fct\u00fcn\u00fcne ve kapsad\u0131\u011f\u0131 alt devrimlere genel-temel \u00e7er\u00e7eve, dayanak, kaynak, yeden ve yeder olu\u015fturur; im verir ve y\u00f6n g\u00f6sterir; k\u0131lavuzluk eder, ana parola ve pusula i\u015flevi g\u00f6r\u00fcr. Elinizdeki kitap bu devrimi tarihsel s\u00fcreci i\u00e7inde derli toplu anlama ve anlatma \u00e7abas\u0131n\u0131n \u00fcr\u00fcn\u00fcd\u00fcr. Ana yap\u0131 olarak yirmi b\u00f6l\u00fcmden olu\u015fmaktad\u0131r. \u0130lk be\u015f b\u00f6l\u00fcmde Atat\u00fcrk, Cumhuriyet ve T\u00fcrk m\u00fczik devriminin \u00f6z\u00fc belirtilmekte, d\u00fcnyada ve T\u00fcrkiye&#8217;de mill\u00ee musiki anlay\u0131\u015f\u0131na y\u00f6neli\u015f betimlenmekte, Osmanl\u0131 T\u00fcrkiye&#8217;sinde T\u00fcrk musikisi ve mill\u00ee musiki kavramlar\u0131n\u0131n g\u00fcndeme geli\u015fi, \u0130kinci Me\u015frutiyet d\u00f6neminde \u00f6ne \u00e7\u0131k\u0131\u015f\u0131 ve Maarif Nezareti&#8217;nin mill\u00ee bir musiki tanzimi giri\u015fimi anlat\u0131lmaktad\u0131r. \u0130kinci be\u015f b\u00f6l\u00fcmde Mustafa Kemal&#8217;in Osmanl\u0131 ve Mill\u00ee M\u00fccadele d\u00f6nemlerinde mill\u00ee musikiye ili\u015fkin genel tutumu sergilenmekte; Atat\u00fcrk d\u00f6nemi Cumhuriyet H\u00fck\u00fcmetleri, Halk Partisi ve Halkevleri Programlar\u0131nda mill\u00ee musiki, Cumhuriyet&#8217;in ilk iki y\u0131l\u0131nda mill\u00ee musikiye ili\u015fkin iki ana g\u00f6r\u00fc\u015f ile d\u00f6nemin ba\u015fl\u0131ca musiki-bilim yetkelerinin mill\u00ee musikiye ili\u015fkin g\u00f6r\u00fc\u015f ve anlay\u0131\u015flar\u0131 a\u00e7\u0131klanmaktad\u0131r. \u00dc\u00e7\u00fcnc\u00fc be\u015f b\u00f6l\u00fcmde Cumhuriyet&#8217;in ba\u015flar\u0131nda Atat\u00fcrk&#8217;\u00fcn mill\u00ee musikiye ili\u015fkin tutumu, mill\u00ee musiki tart\u0131\u015fmalar\u0131n\u0131n alevleni\u015fi-yo\u011funla\u015f\u0131\u015f\u0131, yetkelerin mill\u00ee musiki anlay\u0131\u015flar\u0131ndaki ortakl\u0131k, benzerlik ve farkl\u0131l\u0131klar, Atat\u00fcrk&#8217;\u00fcn mill\u00ee musiki anlay\u0131\u015f\u0131n\u0131 ortaya koyu\u015fu-payla\u015f\u0131\u015f\u0131, mill\u00ee musikiyi \u00f6nceleyi\u015fi ve yasal-kurumsal yap\u0131land\u0131r\u0131\u015f\u0131 irdelenmektedir. Son be\u015f b\u00f6l\u00fcmde ise Osmanl\u0131 saltanat musikisinin resm\u00ee kamusal-kurumsal mill\u00ee musiki anlay\u0131\u015f\u0131 d\u0131\u015f\u0131nda tutulu\u015fu anlat\u0131lmakta, ba\u015fl\u0131ca yetkelerin ve Atat\u00fcrk ile yetkelerin mill\u00ee musiki anlay\u0131\u015flar\u0131 kar\u015f\u0131la\u015ft\u0131r\u0131lmakta, Atat\u00fcrk&#8217;\u00fcn T\u00fcrk mill\u00ee musiki anlay\u0131\u015f devriminin \u00f6zellikleri \u00e7\u00f6z\u00fcmlenmekte, T\u00fcrk mill\u00ee musiki anlay\u0131\u015f devriminin genel ortak temel \u00f6z dili tan\u0131mlan\u0131p a\u00e7\u0131klanmaktad\u0131r. Kitap ekler, zengin bir kaynak\u00e7a, yazar\u0131n \u00f6zge\u00e7mi\u015fi, yay\u0131mlanm\u0131\u015f kitap dizelgesi, ayr\u0131nt\u0131l\u0131 bir dizin, ana b\u00f6l\u00fcm ve alt b\u00f6l\u00fcm ba\u015fl\u0131klar\u0131 ile sonlanmaktad\u0131r. Bu \u00f6zellikleriyle ayd\u0131n, d\u00fc\u015f\u00fcn\u00fcr, felsefeci, k\u00fclt\u00fcrc\u00fc, bilimci, sanat\u00e7\u0131, teknik\u00e7i, sporcu, m\u00fczik\u00e7i, e\u011fitimci-\u00f6\u011fretmen ve \u00f6\u011frenci hemen hemen her yurtta\u015f i\u00e7in bir ba\u015fucu ve ba\u015fvuru kitab\u0131 niteli\u011findedir.<\/p>\n","protected":false},"excerpt":{"rendered":"<p>Yirminci y\u00fczy\u0131l\u0131n en kal\u0131c\u0131 ve g\u00f6rkemli olgular\u0131ndan biri B\u00fcy\u00fck T\u00fcrk Devrimidir. Onun kapsam\u0131nda tasarlan\u0131p ger\u00e7ekle\u015ftirilen ba\u015fl\u0131ca T\u00fcrk K\u00fclt\u00fcr Devrimlerinden biri T\u00fcrk M\u00fczik Devrimidir. \u00c7ok y\u00f6nl\u00fc, \u00e7ok<span class=\"excerpt-hellip\"> [\u2026]<\/span><\/p>\n","protected":false},"featured_media":0,"template":"","meta":{"_monsterinsights_skip_tracking":false,"_monsterinsights_sitenote_active":false,"_monsterinsights_sitenote_note":"","_monsterinsights_sitenote_category":0},"product_brand":[],"product_cat":[12408],"product_tag":[],"class_list":{"0":"post-769784","1":"product","2":"type-product","3":"status-publish","5":"product_cat-sanat","6":"pa_cilt-ciltsiz","7":"pa_tur-kitap","8":"pa_yayinevi-arkadas-yayinlari","9":"pa_yazar-ali-ucan","11":"first","12":"instock","13":"sale","14":"shipping-taxable","15":"purchasable","16":"product-type-simple"},"_links":{"self":[{"href":"https:\/\/roveyayinevi.com.tr\/index.php\/wp-json\/wp\/v2\/product\/769784","targetHints":{"allow":["GET"]}}],"collection":[{"href":"https:\/\/roveyayinevi.com.tr\/index.php\/wp-json\/wp\/v2\/product"}],"about":[{"href":"https:\/\/roveyayinevi.com.tr\/index.php\/wp-json\/wp\/v2\/types\/product"}],"wp:attachment":[{"href":"https:\/\/roveyayinevi.com.tr\/index.php\/wp-json\/wp\/v2\/media?parent=769784"}],"wp:term":[{"taxonomy":"product_brand","embeddable":true,"href":"https:\/\/roveyayinevi.com.tr\/index.php\/wp-json\/wp\/v2\/product_brand?post=769784"},{"taxonomy":"product_cat","embeddable":true,"href":"https:\/\/roveyayinevi.com.tr\/index.php\/wp-json\/wp\/v2\/product_cat?post=769784"},{"taxonomy":"product_tag","embeddable":true,"href":"https:\/\/roveyayinevi.com.tr\/index.php\/wp-json\/wp\/v2\/product_tag?post=769784"}],"curies":[{"name":"wp","href":"https:\/\/api.w.org\/{rel}","templated":true}]}}