{"id":769781,"date":"2025-08-28T14:06:44","date_gmt":"2025-08-28T11:06:44","guid":{"rendered":"https:\/\/roveyayinevi.com.tr\/index.php\/urun\/akasyanin-bilim-gunlugu-2\/"},"modified":"2026-04-15T03:35:51","modified_gmt":"2026-04-15T00:35:51","slug":"akasyanin-bilim-gunlugu-2","status":"publish","type":"product","link":"https:\/\/roveyayinevi.com.tr\/index.php\/urun\/akasyanin-bilim-gunlugu-2\/","title":{"rendered":"Akasya&#8217;n\u0131n Bilim G\u00fcnl\u00fc\u011f\u00fc"},"content":{"rendered":"<p>Akasya yine i\u015f ba\u015f\u0131nda! Yak\u0131nlar\u0131ndaki g\u00f6leti temizlemek i\u00e7in bir kampanyaya \u00f6nc\u00fcl\u00fck ediyor, yapraklar\u0131n neden renk de\u011fi\u015ftirdi\u011fini buluyor, zaman dilimlerini ve mikroplar\u0131 \u00f6\u011freniyor. Her zamanki gibi bilimsel y\u00f6ntemleri kullanarak sorular\u0131na cevaplar buluyor. Bilimsel metodu ya\u015famdan \u00f6rneklerle a\u00e7\u0131klayan bu kitab\u0131 okurken hem e\u011flenecek hem de yeni \u015feyler \u00f6\u011freneceksiniz. <\/p>\n","protected":false},"excerpt":{"rendered":"<p>Akasya yine i\u015f ba\u015f\u0131nda! Yak\u0131nlar\u0131ndaki g\u00f6leti temizlemek i\u00e7in bir kampanyaya \u00f6nc\u00fcl\u00fck ediyor, yapraklar\u0131n neden renk de\u011fi\u015ftirdi\u011fini buluyor, zaman dilimlerini ve mikroplar\u0131 \u00f6\u011freniyor. Her zamanki gibi bilimsel<span class=\"excerpt-hellip\"> [\u2026]<\/span><\/p>\n","protected":false},"featured_media":0,"template":"","meta":{"_monsterinsights_skip_tracking":false,"_monsterinsights_sitenote_active":false,"_monsterinsights_sitenote_note":"","_monsterinsights_sitenote_category":0},"product_brand":[],"product_cat":[13829,12274],"product_tag":[],"class_list":{"0":"post-769781","1":"product","2":"type-product","3":"status-publish","5":"product_cat-bilimsel-kitaplar","6":"product_cat-cocuk-ve-genclik-kitaplari","7":"pa_cilt-ciltsiz","8":"pa_tur-kitap","9":"pa_yayinevi-is-bankasi-kultur-yayinlari","10":"pa_yazar-katie-coppens","12":"first","13":"instock","14":"sale","15":"shipping-taxable","16":"purchasable","17":"product-type-simple"},"_links":{"self":[{"href":"https:\/\/roveyayinevi.com.tr\/index.php\/wp-json\/wp\/v2\/product\/769781","targetHints":{"allow":["GET"]}}],"collection":[{"href":"https:\/\/roveyayinevi.com.tr\/index.php\/wp-json\/wp\/v2\/product"}],"about":[{"href":"https:\/\/roveyayinevi.com.tr\/index.php\/wp-json\/wp\/v2\/types\/product"}],"wp:attachment":[{"href":"https:\/\/roveyayinevi.com.tr\/index.php\/wp-json\/wp\/v2\/media?parent=769781"}],"wp:term":[{"taxonomy":"product_brand","embeddable":true,"href":"https:\/\/roveyayinevi.com.tr\/index.php\/wp-json\/wp\/v2\/product_brand?post=769781"},{"taxonomy":"product_cat","embeddable":true,"href":"https:\/\/roveyayinevi.com.tr\/index.php\/wp-json\/wp\/v2\/product_cat?post=769781"},{"taxonomy":"product_tag","embeddable":true,"href":"https:\/\/roveyayinevi.com.tr\/index.php\/wp-json\/wp\/v2\/product_tag?post=769781"}],"curies":[{"name":"wp","href":"https:\/\/api.w.org\/{rel}","templated":true}]}}