{"id":769780,"date":"2025-08-28T14:06:41","date_gmt":"2025-08-28T11:06:41","guid":{"rendered":"https:\/\/roveyayinevi.com.tr\/index.php\/urun\/alfie-bloom-ve-tilsim-hirsizi\/"},"modified":"2026-04-15T03:35:51","modified_gmt":"2026-04-15T00:35:51","slug":"alfie-bloom-ve-tilsim-hirsizi","status":"publish","type":"product","link":"https:\/\/roveyayinevi.com.tr\/index.php\/urun\/alfie-bloom-ve-tilsim-hirsizi\/","title":{"rendered":"Alfie Bloom ve T\u0131ls\u0131m H\u0131rs\u0131z\u0131"},"content":{"rendered":"<p>Alf\u0131e Bloom\u2019un yeni hayat\u0131, yepyeni maceralarla dolu\u2026 K\u00e2hya Ashford gecenin bir yar\u0131s\u0131nda ka\u00e7\u0131r\u0131ld\u0131. \u00dcstelik amans\u0131z bir d\u00fc\u015fman Hexbridge \u015eatosu\u2019nu ku\u015fatt\u0131. \u015eatoyu savunma g\u00f6revi Alfie\u2019ye kald\u0131. Alfie\u2019nin yan\u0131nda sadece ikiz kuzenleri ve en yak\u0131n arkada\u015f\u0131 Amy vard\u0131. \u00c7evreleri sar\u0131lm\u0131\u015ft\u0131 ve sald\u0131rganlarla m\u00fccadele etmekten ba\u015fka \u00e7areleri yoktu. \u00c7\u00fcnk\u00fc e\u011fer onlar\u0131 yenmezlerse, d\u00fcnya bir daha eskisi gibi olmayacakt\u0131\u2026 <\/p>\n","protected":false},"excerpt":{"rendered":"<p>Alf\u0131e Bloom\u2019un yeni hayat\u0131, yepyeni maceralarla dolu\u2026 K\u00e2hya Ashford gecenin bir yar\u0131s\u0131nda ka\u00e7\u0131r\u0131ld\u0131. \u00dcstelik amans\u0131z bir d\u00fc\u015fman Hexbridge \u015eatosu\u2019nu ku\u015fatt\u0131. \u015eatoyu savunma g\u00f6revi Alfie\u2019ye kald\u0131. Alfie\u2019nin<span class=\"excerpt-hellip\"> [\u2026]<\/span><\/p>\n","protected":false},"featured_media":0,"template":"","meta":{"_monsterinsights_skip_tracking":false,"_monsterinsights_sitenote_active":false,"_monsterinsights_sitenote_note":"","_monsterinsights_sitenote_category":0},"product_brand":[],"product_cat":[12274,12284],"product_tag":[],"class_list":{"0":"post-769780","1":"product","2":"type-product","3":"status-publish","5":"product_cat-cocuk-ve-genclik-kitaplari","6":"product_cat-hikayeler","7":"pa_cilt-ciltsiz","8":"pa_tur-kitap","9":"pa_yayinevi-is-bankasi-kultur-yayinlari","10":"pa_yazar-gabrielle-kent","12":"first","13":"instock","14":"sale","15":"shipping-taxable","16":"purchasable","17":"product-type-simple"},"_links":{"self":[{"href":"https:\/\/roveyayinevi.com.tr\/index.php\/wp-json\/wp\/v2\/product\/769780","targetHints":{"allow":["GET"]}}],"collection":[{"href":"https:\/\/roveyayinevi.com.tr\/index.php\/wp-json\/wp\/v2\/product"}],"about":[{"href":"https:\/\/roveyayinevi.com.tr\/index.php\/wp-json\/wp\/v2\/types\/product"}],"wp:attachment":[{"href":"https:\/\/roveyayinevi.com.tr\/index.php\/wp-json\/wp\/v2\/media?parent=769780"}],"wp:term":[{"taxonomy":"product_brand","embeddable":true,"href":"https:\/\/roveyayinevi.com.tr\/index.php\/wp-json\/wp\/v2\/product_brand?post=769780"},{"taxonomy":"product_cat","embeddable":true,"href":"https:\/\/roveyayinevi.com.tr\/index.php\/wp-json\/wp\/v2\/product_cat?post=769780"},{"taxonomy":"product_tag","embeddable":true,"href":"https:\/\/roveyayinevi.com.tr\/index.php\/wp-json\/wp\/v2\/product_tag?post=769780"}],"curies":[{"name":"wp","href":"https:\/\/api.w.org\/{rel}","templated":true}]}}