{"id":769778,"date":"2025-08-28T14:06:39","date_gmt":"2025-08-28T11:06:39","guid":{"rendered":"https:\/\/roveyayinevi.com.tr\/index.php\/urun\/geliboluda-bir-yil\/"},"modified":"2026-04-15T03:35:50","modified_gmt":"2026-04-15T00:35:50","slug":"geliboluda-bir-yil","status":"publish","type":"product","link":"https:\/\/roveyayinevi.com.tr\/index.php\/urun\/geliboluda-bir-yil\/","title":{"rendered":"Gelibolu\u2019da Bir Y\u0131l"},"content":{"rendered":"<p>Sonu\u00e7lar\u0131yla sadece kendi co\u011frafyas\u0131n\u0131 de\u011fil,d\u00fcnya tarihini de etkilemi\u015f \u00c7anakkale muharebelerinin 110. y\u0131ld\u00f6n\u00fcm\u00fc. \u0130tilaf Devletleri o g\u00fcne de\u011fin toplanm\u0131\u015f en b\u00fcy\u00fck armadayla \u00c7anakkale Bo\u011faz\u0131\u2019n\u0131 ge\u00e7erek \u0130stanbul\u2019u d\u00fc\u015f\u00fcr\u00fcp hem nefesi kesilmekte olan Rusya\u2019ya yard\u0131m sa\u011flamak hem de do\u011fuda yeni bir cephe daha a\u00e7arak Almanya\u2019y\u0131 s\u0131k\u0131\u015ft\u0131rmak istiyordu. 1915 \u015eubat ay\u0131nda denizden bombard\u0131manlarla a\u00e7\u0131lan \u00c7anakkale cephesi, Ocak 1916\u2019da son \u0130tilaf kuvvetleri askerinin de \u00e7ekilmesiyle yakla\u015f\u0131k bir y\u0131l s\u00fcrd\u00fc. Ba\u015far Ery\u00f6ner, Gelibolu\u2019da Bir Y\u0131l ad\u0131yla haz\u0131rlad\u0131\u011f\u0131 bu alb\u00fcmde, Osmanl\u0131 ordusunun seferberlik faaliyetlerinden ba\u015flayarak, deniz muharebeleri, \u00e7\u0131karma harek\u00e2t\u0131, kara muharebeleri, tahliye, m\u00fctareke g\u00fcnleri ve i\u015fgal d\u00f6nemiyle sava\u015f propagandas\u0131na dair foto\u011fraf ve efemeralardan olu\u015fan, bir k\u0131sm\u0131 \u015fimdiye kadar g\u00f6r\u00fclmemi\u015f veya nadir rastlanabilecek g\u00f6rsel malzemeyi bir araya getirerek \u00c7anakkale zaferinin g\u00f6rsel tarihine s\u0131ra d\u0131\u015f\u0131 bir katk\u0131 sunuyor. <\/p>\n","protected":false},"excerpt":{"rendered":"<p>Sonu\u00e7lar\u0131yla sadece kendi co\u011frafyas\u0131n\u0131 de\u011fil,d\u00fcnya tarihini de etkilemi\u015f \u00c7anakkale muharebelerinin 110. y\u0131ld\u00f6n\u00fcm\u00fc. \u0130tilaf Devletleri o g\u00fcne de\u011fin toplanm\u0131\u015f en b\u00fcy\u00fck armadayla \u00c7anakkale Bo\u011faz\u0131\u2019n\u0131 ge\u00e7erek \u0130stanbul\u2019u d\u00fc\u015f\u00fcr\u00fcp<span class=\"excerpt-hellip\"> [\u2026]<\/span><\/p>\n","protected":false},"featured_media":0,"template":"","meta":{"_monsterinsights_skip_tracking":false,"_monsterinsights_sitenote_active":false,"_monsterinsights_sitenote_note":"","_monsterinsights_sitenote_category":0},"product_brand":[],"product_cat":[12370,12304],"product_tag":[],"class_list":{"0":"post-769778","1":"product","2":"type-product","3":"status-publish","5":"product_cat-arastirma-inceleme","6":"product_cat-tarih","7":"pa_cilt-ciltsiz","8":"pa_tur-kitap","9":"pa_yayinevi-is-bankasi-kultur-yayinlari","10":"pa_yazar-basar-eryoner","12":"first","13":"instock","14":"sale","15":"shipping-taxable","16":"purchasable","17":"product-type-simple"},"_links":{"self":[{"href":"https:\/\/roveyayinevi.com.tr\/index.php\/wp-json\/wp\/v2\/product\/769778","targetHints":{"allow":["GET"]}}],"collection":[{"href":"https:\/\/roveyayinevi.com.tr\/index.php\/wp-json\/wp\/v2\/product"}],"about":[{"href":"https:\/\/roveyayinevi.com.tr\/index.php\/wp-json\/wp\/v2\/types\/product"}],"wp:attachment":[{"href":"https:\/\/roveyayinevi.com.tr\/index.php\/wp-json\/wp\/v2\/media?parent=769778"}],"wp:term":[{"taxonomy":"product_brand","embeddable":true,"href":"https:\/\/roveyayinevi.com.tr\/index.php\/wp-json\/wp\/v2\/product_brand?post=769778"},{"taxonomy":"product_cat","embeddable":true,"href":"https:\/\/roveyayinevi.com.tr\/index.php\/wp-json\/wp\/v2\/product_cat?post=769778"},{"taxonomy":"product_tag","embeddable":true,"href":"https:\/\/roveyayinevi.com.tr\/index.php\/wp-json\/wp\/v2\/product_tag?post=769778"}],"curies":[{"name":"wp","href":"https:\/\/api.w.org\/{rel}","templated":true}]}}