{"id":769777,"date":"2025-08-28T14:06:36","date_gmt":"2025-08-28T11:06:36","guid":{"rendered":"https:\/\/roveyayinevi.com.tr\/index.php\/urun\/aylak-kopek-3\/"},"modified":"2026-04-15T03:35:50","modified_gmt":"2026-04-15T00:35:50","slug":"aylak-kopek-3","status":"publish","type":"product","link":"https:\/\/roveyayinevi.com.tr\/index.php\/urun\/aylak-kopek-3\/","title":{"rendered":"Aylak K\u00f6pek"},"content":{"rendered":"<p>Edebiyat\u0131nda hep kay\u0131plar\u0131, bireyin ka\u00e7\u0131\u015fs\u0131zl\u0131\u011f\u0131n\u0131, \u00e7\u0131kmaz sokaklar\u0131 anlatan Sad\u0131k Hidayet\u2019in \u00f6yk\u00fcc\u00fcl\u00fc\u011f\u00fcn\u00fcn son, belki de en dokunakl\u0131 dura\u011f\u0131: Aylak K\u00f6pek. Merhametin \u00e7a\u011f\u0131m\u0131za vedas\u0131; saf ve temiz kalan\u0131 \u00e7i\u011fneyip ge\u00e7en ad\u0131mlar; insan kalplerinde, \u00e7ocuk ba\u015flar\u0131nda, hayvanlar\u0131n masumiyetinde dola\u015fan so\u011fuk, hoyrat, ac\u0131mas\u0131z eller.  Tarihin en b\u00fcy\u00fck y\u0131k\u0131mlar\u0131ndan birinin ortas\u0131nda, \u0130kinci D\u00fcnya Sava\u015f\u0131\u2019n\u0131n karanl\u0131\u011f\u0131nda yay\u0131mlanan bu kitap Hidayet\u2019in toplumun k\u0131y\u0131s\u0131na itilmi\u015f insanlar\u0131n\u0131, anlams\u0131zl\u0131\u011f\u0131n pen\u00e7esinde k\u0131vrananlar\u0131, sokaklarda kaybolanlar\u0131 anlatt\u0131\u011f\u0131, sars\u0131c\u0131 hik\u00e2yeler toplam\u0131. \u0130ran\u2019\u0131n da siyasi ve toplumsal \u00e7alkant\u0131lar i\u00e7inde savruldu\u011fu bu y\u0131llarda insan ruhunun de\u011fi\u015fmeyen k\u0131r\u0131lganl\u0131\u011f\u0131na ve \u00e7aresizli\u011fine dair kaleme al\u0131nan \u00f6yk\u00fcler sava\u015f\u0131n, yoksullu\u011fun ve umutsuzlu\u011fun \u015fekillendirdi\u011fi bir zihnin aynas\u0131ndan g\u00f6r\u00fcnt\u00fclerdir. Sad\u0131k Hidayet\u2019in melankoliden m\u00fcrekkep kaleminin ve edebi miras\u0131n\u0131n son halkas\u0131 olan Aylak K\u00f6pek, bir yandan yerel ve k\u00fclt\u00fcrel referanslarla doluyken bir yandan da evrensel bir insanl\u0131k hali sunar.<\/p>\n","protected":false},"excerpt":{"rendered":"<p>Edebiyat\u0131nda hep kay\u0131plar\u0131, bireyin ka\u00e7\u0131\u015fs\u0131zl\u0131\u011f\u0131n\u0131, \u00e7\u0131kmaz sokaklar\u0131 anlatan Sad\u0131k Hidayet\u2019in \u00f6yk\u00fcc\u00fcl\u00fc\u011f\u00fcn\u00fcn son, belki de en dokunakl\u0131 dura\u011f\u0131: Aylak K\u00f6pek. Merhametin \u00e7a\u011f\u0131m\u0131za vedas\u0131; saf ve temiz kalan\u0131<span class=\"excerpt-hellip\"> [\u2026]<\/span><\/p>\n","protected":false},"featured_media":0,"template":"","meta":{"_monsterinsights_skip_tracking":false,"_monsterinsights_sitenote_active":false,"_monsterinsights_sitenote_note":"","_monsterinsights_sitenote_category":0},"product_brand":[],"product_cat":[12291,18202],"product_tag":[],"class_list":{"0":"post-769777","1":"product","2":"type-product","3":"status-publish","5":"product_cat-edebiyat","6":"product_cat-hikaye","7":"pa_cilt-ciltsiz","8":"pa_tur-kitap","9":"pa_yayinevi-alfa-yayinlari","10":"pa_yazar-sadik-hidayet","12":"first","13":"instock","14":"sale","15":"shipping-taxable","16":"purchasable","17":"product-type-simple"},"_links":{"self":[{"href":"https:\/\/roveyayinevi.com.tr\/index.php\/wp-json\/wp\/v2\/product\/769777","targetHints":{"allow":["GET"]}}],"collection":[{"href":"https:\/\/roveyayinevi.com.tr\/index.php\/wp-json\/wp\/v2\/product"}],"about":[{"href":"https:\/\/roveyayinevi.com.tr\/index.php\/wp-json\/wp\/v2\/types\/product"}],"wp:attachment":[{"href":"https:\/\/roveyayinevi.com.tr\/index.php\/wp-json\/wp\/v2\/media?parent=769777"}],"wp:term":[{"taxonomy":"product_brand","embeddable":true,"href":"https:\/\/roveyayinevi.com.tr\/index.php\/wp-json\/wp\/v2\/product_brand?post=769777"},{"taxonomy":"product_cat","embeddable":true,"href":"https:\/\/roveyayinevi.com.tr\/index.php\/wp-json\/wp\/v2\/product_cat?post=769777"},{"taxonomy":"product_tag","embeddable":true,"href":"https:\/\/roveyayinevi.com.tr\/index.php\/wp-json\/wp\/v2\/product_tag?post=769777"}],"curies":[{"name":"wp","href":"https:\/\/api.w.org\/{rel}","templated":true}]}}