{"id":769775,"date":"2025-08-28T14:06:32","date_gmt":"2025-08-28T11:06:32","guid":{"rendered":"https:\/\/roveyayinevi.com.tr\/index.php\/urun\/11-yuzyildan-21-yuzyila-rus-edebiyati-tarihi\/"},"modified":"2026-04-15T03:35:50","modified_gmt":"2026-04-15T00:35:50","slug":"11-yuzyildan-21-yuzyila-rus-edebiyati-tarihi","status":"publish","type":"product","link":"https:\/\/roveyayinevi.com.tr\/index.php\/urun\/11-yuzyildan-21-yuzyila-rus-edebiyati-tarihi\/","title":{"rendered":"11. Y\u00fczy\u0131ldan 21. Y\u00fczy\u0131la Rus Edebiyat\u0131 Tarihi"},"content":{"rendered":"<p>\u0130nsanl\u0131k d\u00fc\u015f\u00fcnce tarihinin en heyecan verici, en yarat\u0131c\u0131 ve tart\u0131\u015fmaya en a\u00e7\u0131k alanlar\u0131ndan biri Rus Edebiyat\u0131 tarihidir. Alan\u0131n\u0131n b\u00fcy\u00fck uzman\u0131 Ataol Behramo\u011flu\u2019nun bir \u00f6m\u00fcr boyu emek verdi\u011fi \u00e7al\u0131\u015fmas\u0131, T\u00fcrkiye \u0130\u015f Bankas\u0131 K\u00fclt\u00fcr Yay\u0131nlar\u0131\u2019ndan okurla bulu\u015fuyor. <\/p>\n","protected":false},"excerpt":{"rendered":"<p>\u0130nsanl\u0131k d\u00fc\u015f\u00fcnce tarihinin en heyecan verici, en yarat\u0131c\u0131 ve tart\u0131\u015fmaya en a\u00e7\u0131k alanlar\u0131ndan biri Rus Edebiyat\u0131 tarihidir. Alan\u0131n\u0131n b\u00fcy\u00fck uzman\u0131 Ataol Behramo\u011flu\u2019nun bir \u00f6m\u00fcr boyu emek<span class=\"excerpt-hellip\"> [\u2026]<\/span><\/p>\n","protected":false},"featured_media":0,"template":"","meta":{"_monsterinsights_skip_tracking":false,"_monsterinsights_sitenote_active":false,"_monsterinsights_sitenote_note":"","_monsterinsights_sitenote_category":0},"product_brand":[],"product_cat":[12291,13570],"product_tag":[],"class_list":{"0":"post-769775","1":"product","2":"type-product","3":"status-publish","5":"product_cat-edebiyat","6":"product_cat-rus-edebiyati","7":"pa_cilt-ciltsiz","8":"pa_tur-kitap","9":"pa_yayinevi-is-bankasi-kultur-yayinlari","10":"pa_yazar-ataol-behramoglu","12":"first","13":"instock","14":"sale","15":"shipping-taxable","16":"purchasable","17":"product-type-simple"},"_links":{"self":[{"href":"https:\/\/roveyayinevi.com.tr\/index.php\/wp-json\/wp\/v2\/product\/769775","targetHints":{"allow":["GET"]}}],"collection":[{"href":"https:\/\/roveyayinevi.com.tr\/index.php\/wp-json\/wp\/v2\/product"}],"about":[{"href":"https:\/\/roveyayinevi.com.tr\/index.php\/wp-json\/wp\/v2\/types\/product"}],"wp:attachment":[{"href":"https:\/\/roveyayinevi.com.tr\/index.php\/wp-json\/wp\/v2\/media?parent=769775"}],"wp:term":[{"taxonomy":"product_brand","embeddable":true,"href":"https:\/\/roveyayinevi.com.tr\/index.php\/wp-json\/wp\/v2\/product_brand?post=769775"},{"taxonomy":"product_cat","embeddable":true,"href":"https:\/\/roveyayinevi.com.tr\/index.php\/wp-json\/wp\/v2\/product_cat?post=769775"},{"taxonomy":"product_tag","embeddable":true,"href":"https:\/\/roveyayinevi.com.tr\/index.php\/wp-json\/wp\/v2\/product_tag?post=769775"}],"curies":[{"name":"wp","href":"https:\/\/api.w.org\/{rel}","templated":true}]}}