{"id":769774,"date":"2025-08-28T14:06:31","date_gmt":"2025-08-28T11:06:31","guid":{"rendered":"https:\/\/roveyayinevi.com.tr\/index.php\/urun\/enformasyon\/"},"modified":"2026-04-15T03:35:50","modified_gmt":"2026-04-15T00:35:50","slug":"enformasyon","status":"publish","type":"product","link":"https:\/\/roveyayinevi.com.tr\/index.php\/urun\/enformasyon\/","title":{"rendered":"Enformasyon"},"content":{"rendered":"<p>Enformasyona sahiden bo\u011fulmu\u015f haldeyiz. \u00d6yle ki bu tespit bile basmakal\u0131p gelebilir kula\u011fa. Peki ne biliyoruz enformasyon hakk\u0131nda? Temelini matematikten alan bu kavram pek \u00e7ok bilim dal\u0131nda b\u00fcy\u00fck \u00f6neme sahip, fakat g\u00fcndelik hayat\u0131m\u0131z\u0131n da ayr\u0131lmaz par\u00e7as\u0131. DNA&#8217;m\u0131z\u0131n enformasyon zincirlerinden olu\u015ftu\u011fu pek\u00e2l\u00e2 s\u00f6ylenebilir. Enformasyon sayesinde \u00f6\u011frenir, birbirimizle ili\u015fki kurar\u0131z. \u00dcstelik onun bu toplumsal i\u015flevinin etik sonu\u00e7lar\u0131 da vard\u0131r: Enformasyonun as\u0131l sahibi kim? Sahibi var m\u0131? Yayma ve eri\u015fim hakk\u0131 kim(ler)de? Enformasyon eti\u011fi profes\u00f6r\u00fc Luciano Floridi i\u015fte bu sorulara yan\u0131t ar\u0131yor. Yan\u0131t ararken de enformasyonun matematiksel k\u00f6klerine, genetikteki i\u015flevine, toplumsal anlam ve de\u011ferine, son olarak da enformasyon eti\u011fine u\u011frayarak konunun pek de basmakal\u0131p olmad\u0131\u011f\u0131n\u0131, asl\u0131na bak\u0131l\u0131rsa hepimizin bu d\u00fcnyadaki gelece\u011fini do\u011frudan ilgilendirdi\u011fini g\u00f6steriyor. <\/p>\n","protected":false},"excerpt":{"rendered":"<p>Enformasyona sahiden bo\u011fulmu\u015f haldeyiz. \u00d6yle ki bu tespit bile basmakal\u0131p gelebilir kula\u011fa. Peki ne biliyoruz enformasyon hakk\u0131nda? Temelini matematikten alan bu kavram pek \u00e7ok bilim dal\u0131nda<span class=\"excerpt-hellip\"> [\u2026]<\/span><\/p>\n","protected":false},"featured_media":0,"template":"","meta":{"_monsterinsights_skip_tracking":false,"_monsterinsights_sitenote_active":false,"_monsterinsights_sitenote_note":"","_monsterinsights_sitenote_category":0},"product_brand":[],"product_cat":[13005,16724],"product_tag":[],"class_list":{"0":"post-769774","1":"product","2":"type-product","3":"status-publish","5":"product_cat-bilim-muhendislik","6":"product_cat-matematik","7":"pa_cilt-ciltsiz","8":"pa_tur-kitap","9":"pa_yayinevi-is-bankasi-kultur-yayinlari","10":"pa_yazar-luciano-floridi","12":"first","13":"instock","14":"sale","15":"shipping-taxable","16":"purchasable","17":"product-type-simple"},"_links":{"self":[{"href":"https:\/\/roveyayinevi.com.tr\/index.php\/wp-json\/wp\/v2\/product\/769774","targetHints":{"allow":["GET"]}}],"collection":[{"href":"https:\/\/roveyayinevi.com.tr\/index.php\/wp-json\/wp\/v2\/product"}],"about":[{"href":"https:\/\/roveyayinevi.com.tr\/index.php\/wp-json\/wp\/v2\/types\/product"}],"wp:attachment":[{"href":"https:\/\/roveyayinevi.com.tr\/index.php\/wp-json\/wp\/v2\/media?parent=769774"}],"wp:term":[{"taxonomy":"product_brand","embeddable":true,"href":"https:\/\/roveyayinevi.com.tr\/index.php\/wp-json\/wp\/v2\/product_brand?post=769774"},{"taxonomy":"product_cat","embeddable":true,"href":"https:\/\/roveyayinevi.com.tr\/index.php\/wp-json\/wp\/v2\/product_cat?post=769774"},{"taxonomy":"product_tag","embeddable":true,"href":"https:\/\/roveyayinevi.com.tr\/index.php\/wp-json\/wp\/v2\/product_tag?post=769774"}],"curies":[{"name":"wp","href":"https:\/\/api.w.org\/{rel}","templated":true}]}}