{"id":769771,"date":"2025-08-28T14:06:25","date_gmt":"2025-08-28T11:06:25","guid":{"rendered":"https:\/\/roveyayinevi.com.tr\/index.php\/urun\/kucuk-insanlar-buyuk-duygular\/"},"modified":"2026-04-15T03:35:50","modified_gmt":"2026-04-15T00:35:50","slug":"kucuk-insanlar-buyuk-duygular","status":"publish","type":"product","link":"https:\/\/roveyayinevi.com.tr\/index.php\/urun\/kucuk-insanlar-buyuk-duygular\/","title":{"rendered":"K\u00fc\u00e7\u00fck \u0130nsanlar, B\u00fcy\u00fck Duygular"},"content":{"rendered":"<p>Duygusal A\u00e7\u0131dan Zeki Bir Gelece\u011fe Do\u011fru&#8230;   Ebeveynlik anlay\u0131\u015f\u0131n\u0131n devrimsel bir d\u00f6n\u00fc\u015f\u00fcmden ge\u00e7ti\u011fi bir d\u00f6nemdeyiz. Eski yakla\u015f\u0131mlar art\u0131k yerini, \u00e7ocuklar\u0131n duygular\u0131n\u0131 anlamalar\u0131na ve onlar\u0131 sa\u011fl\u0131kl\u0131 bir \u015fekilde i\u015flemelerine yard\u0131mc\u0131 olacak yeni y\u00f6ntemlere b\u0131rak\u0131yor.     Erken \u00e7ocukluk d\u00f6nemi uzmanlar\u0131 Alyssa Campbell, M.Ed. ve Lauren Stauble, M.S. bu d\u00f6n\u00fc\u015f\u00fcm\u00fcn \u00f6nc\u00fcs\u00fc olarak geli\u015ftirdikleri \u0130\u015fbirlik\u00e7i Duygu \u0130\u015fleme (CEP) y\u00f6ntemiyle ebeveynlere ve e\u011fitimcilere rehberlik ediyor. Bu yenilik\u00e7i yakla\u015f\u0131m\u0131 ve pratik ara\u00e7lar\u0131n\u0131, \u00e7ocuklar\u0131n duygusal zek\u00e2lar\u0131n\u0131 geli\u015ftirmeyi ama\u00e7layan herkesle payla\u015f\u0131yorlar.     Bu rehber, hem miniklerin hem de yeti\u015fkinlerin duygusal zek\u00e2lar\u0131n\u0131 geli\u015ftirmelerine yard\u0131mc\u0131 oluyor. K\u00fc\u00e7\u00fck \u0130nsanlar, B\u00fcy\u00fck Duygular, ebeveynlerin kendi al\u0131\u015fkanl\u0131klar\u0131n\u0131 fark etmelerine ve k\u00fc\u00e7\u00fck insanlar\u0131n\u0131n b\u00fcy\u00fck duygular\u0131 i\u00e7in alan a\u00e7malar\u0131na destek sa\u011flayacak. <\/p>\n","protected":false},"excerpt":{"rendered":"<p>Duygusal A\u00e7\u0131dan Zeki Bir Gelece\u011fe Do\u011fru&#8230; Ebeveynlik anlay\u0131\u015f\u0131n\u0131n devrimsel bir d\u00f6n\u00fc\u015f\u00fcmden ge\u00e7ti\u011fi bir d\u00f6nemdeyiz. Eski yakla\u015f\u0131mlar art\u0131k yerini, \u00e7ocuklar\u0131n duygular\u0131n\u0131 anlamalar\u0131na ve onlar\u0131 sa\u011fl\u0131kl\u0131 bir \u015fekilde<span class=\"excerpt-hellip\"> [\u2026]<\/span><\/p>\n","protected":false},"featured_media":0,"template":"","meta":{"_monsterinsights_skip_tracking":false,"_monsterinsights_sitenote_active":false,"_monsterinsights_sitenote_note":"","_monsterinsights_sitenote_category":0},"product_brand":[],"product_cat":[12831,12324],"product_tag":[],"class_list":{"0":"post-769771","1":"product","2":"type-product","3":"status-publish","5":"product_cat-aile-ve-cocuk","6":"product_cat-sosyoloji","7":"pa_cilt-ciltsiz","8":"pa_tur-kitap","9":"pa_yayinevi-serenad-yayinevi","10":"pa_yazar-alyssa-campbell-lauren-elizabeth-stauble","12":"first","13":"instock","14":"sale","15":"shipping-taxable","16":"purchasable","17":"product-type-simple"},"_links":{"self":[{"href":"https:\/\/roveyayinevi.com.tr\/index.php\/wp-json\/wp\/v2\/product\/769771","targetHints":{"allow":["GET"]}}],"collection":[{"href":"https:\/\/roveyayinevi.com.tr\/index.php\/wp-json\/wp\/v2\/product"}],"about":[{"href":"https:\/\/roveyayinevi.com.tr\/index.php\/wp-json\/wp\/v2\/types\/product"}],"wp:attachment":[{"href":"https:\/\/roveyayinevi.com.tr\/index.php\/wp-json\/wp\/v2\/media?parent=769771"}],"wp:term":[{"taxonomy":"product_brand","embeddable":true,"href":"https:\/\/roveyayinevi.com.tr\/index.php\/wp-json\/wp\/v2\/product_brand?post=769771"},{"taxonomy":"product_cat","embeddable":true,"href":"https:\/\/roveyayinevi.com.tr\/index.php\/wp-json\/wp\/v2\/product_cat?post=769771"},{"taxonomy":"product_tag","embeddable":true,"href":"https:\/\/roveyayinevi.com.tr\/index.php\/wp-json\/wp\/v2\/product_tag?post=769771"}],"curies":[{"name":"wp","href":"https:\/\/api.w.org\/{rel}","templated":true}]}}