{"id":769770,"date":"2025-08-28T14:06:22","date_gmt":"2025-08-28T11:06:22","guid":{"rendered":"https:\/\/roveyayinevi.com.tr\/index.php\/urun\/kaybedilen-butun-savaslar\/"},"modified":"2026-04-15T03:35:50","modified_gmt":"2026-04-15T00:35:50","slug":"kaybedilen-butun-savaslar","status":"publish","type":"product","link":"https:\/\/roveyayinevi.com.tr\/index.php\/urun\/kaybedilen-butun-savaslar\/","title":{"rendered":"Kaybedilen B\u00fct\u00fcn Sava\u015flar"},"content":{"rendered":"<p>Y\u0131l 1995 ya da 96\u2019yd\u0131, Alsancak \u0130zmir\u2019de bulunan Denizcilik \u0130daresi\u2019ne gidip y\u00fck gemilerinde \u00e7al\u0131\u015fmak i\u00e7in ba\u015fvurdum. Kabul edilmedim. \u0130\u015fin do\u011frusu, beni ciddiye ald\u0131klar\u0131n\u0131 bile zannetmiyorum. Y\u0131llar boyunca zaman zaman acaba kabul edilseydim, gemilerle \u00e7\u0131ksayd\u0131m nas\u0131l bir hayat\u0131m olurdu diye d\u00fc\u015f\u00fcnd\u00fcm, kendimi orada g\u00f6rd\u00fc\u011f\u00fcm de oldu&#8230; Sonra yedi roman yazd\u0131m, onlar arac\u0131l\u0131\u011f\u0131yla uzaklara yolculuklar yapt\u0131m.   Zaman ge\u00e7ti, 2023 y\u0131l\u0131n\u0131n Ekim ay\u0131nda \u0130srail Filistin\u2019e girdi ve b\u00fct\u00fcn d\u00fcnyan\u0131n \u00f6n\u00fcnde bir katliam ba\u015flad\u0131. Bir soyk\u0131r\u0131m, ac\u0131mas\u0131z bir yok edi\u015f. \u0130ki ay boyunca televizyonun \u00f6n\u00fcn- de a\u011flad\u0131m. Art\u0131k delirece\u011fimi hissetti\u011fim bir anda \u201cKalk Asl\u0131,\u201d dedim. \u201cBunun sonu yok, a\u011flayarak olmayacak, bir \u015fey yapman laz\u0131m.\u201d   Benim yapmay\u0131 becerebildi\u011fim tek \u015fey var, o da yazmak.   Bu duygu beni bir yolculu\u011fa \u00e7\u0131kard\u0131. Oturdum, Bat\u0131 \u201cmede- niyetinin\u201d ikiy\u00fczl\u00fcl\u00fc\u011f\u00fcne ve zaaflarla dolu \u201cinsanl\u0131k\u201d mef- humuna dair bir k\u00fcf\u00fcr olarak da g\u00f6r\u00fclebilecek bu kitab\u0131 yazd\u0131m. Flamingolar Pembedir\u2019deki karakterim Bahriyeli\u2019yi ald\u0131m, zaman\u0131nda binemedi\u011fim o gemiye koydum ve bir yolculu\u011fa \u00e7\u0131kard\u0131m. Onu Afrika k\u0131y\u0131lar\u0131na g\u00f6t\u00fcrd\u00fcm.   Okuyaca\u011f\u0131n\u0131z romanda benim tersime y\u00fck gemilerinde \u00e7a- l\u0131\u015fmay\u0131 ba\u015farabilmi\u015f gen\u00e7 bir kad\u0131n\u0131n, Bahriyeli\u2019nin bir yol hik\u00e2yesi var: Bahriyeli bir g\u00fcn ba\u011f\u0131rt\u0131larla uyan\u0131r, gemileri- ne Nijeryal\u0131 korsanlar \u00e7\u0131kmaktad\u0131r. \u00c7etenin i\u00e7inde onun gibi gen\u00e7 bir kad\u0131n da vard\u0131r&#8230; \u0130\u015fte bu iki ki\u015finin kar\u015f\u0131la\u015fmas\u0131 ve kurduklar\u0131 s\u0131rad\u0131\u015f\u0131 arkada\u015fl\u0131kta b\u00fct\u00fcn umudum, dilerim sizin i\u00e7inize de \u00fcmit eker. <\/p>\n","protected":false},"excerpt":{"rendered":"<p>Y\u0131l 1995 ya da 96\u2019yd\u0131, Alsancak \u0130zmir\u2019de bulunan Denizcilik \u0130daresi\u2019ne gidip y\u00fck gemilerinde \u00e7al\u0131\u015fmak i\u00e7in ba\u015fvurdum. Kabul edilmedim. \u0130\u015fin do\u011frusu, beni ciddiye ald\u0131klar\u0131n\u0131 bile zannetmiyorum. Y\u0131llar<span class=\"excerpt-hellip\"> [\u2026]<\/span><\/p>\n","protected":false},"featured_media":0,"template":"","meta":{"_monsterinsights_skip_tracking":false,"_monsterinsights_sitenote_active":false,"_monsterinsights_sitenote_note":"","_monsterinsights_sitenote_category":0},"product_brand":[],"product_cat":[12291,12711],"product_tag":[],"class_list":{"0":"post-769770","1":"product","2":"type-product","3":"status-publish","5":"product_cat-edebiyat","6":"product_cat-roman-oyku","7":"pa_cilt-ciltsiz","8":"pa_tur-kitap","9":"pa_yayinevi-epsilon-yayinlari","10":"pa_yazar-asli-perker","12":"first","13":"instock","14":"sale","15":"shipping-taxable","16":"purchasable","17":"product-type-simple"},"_links":{"self":[{"href":"https:\/\/roveyayinevi.com.tr\/index.php\/wp-json\/wp\/v2\/product\/769770","targetHints":{"allow":["GET"]}}],"collection":[{"href":"https:\/\/roveyayinevi.com.tr\/index.php\/wp-json\/wp\/v2\/product"}],"about":[{"href":"https:\/\/roveyayinevi.com.tr\/index.php\/wp-json\/wp\/v2\/types\/product"}],"wp:attachment":[{"href":"https:\/\/roveyayinevi.com.tr\/index.php\/wp-json\/wp\/v2\/media?parent=769770"}],"wp:term":[{"taxonomy":"product_brand","embeddable":true,"href":"https:\/\/roveyayinevi.com.tr\/index.php\/wp-json\/wp\/v2\/product_brand?post=769770"},{"taxonomy":"product_cat","embeddable":true,"href":"https:\/\/roveyayinevi.com.tr\/index.php\/wp-json\/wp\/v2\/product_cat?post=769770"},{"taxonomy":"product_tag","embeddable":true,"href":"https:\/\/roveyayinevi.com.tr\/index.php\/wp-json\/wp\/v2\/product_tag?post=769770"}],"curies":[{"name":"wp","href":"https:\/\/api.w.org\/{rel}","templated":true}]}}